{"id":124,"date":"2023-03-08T07:40:44","date_gmt":"2023-03-08T07:40:44","guid":{"rendered":"https:\/\/ed.umh.es\/?page_id=124"},"modified":"2026-04-15T06:37:22","modified_gmt":"2026-04-15T06:37:22","slug":"organos-de-gobierno","status":"publish","type":"page","link":"https:\/\/ed.umh.es\/ca\/la-escuela\/organos-de-gobierno\/","title":{"rendered":"\u00d3rganos de gobierno unipersonales y colegiados"},"content":{"rendered":"<p><\/p>\n<ul>\n<li><a href=\"https:\/\/ed.umh.es\/la-escuela\/organos-de-gobierno-unipersonales-y-colegiados\/la-direccion\/\">La Direcci\u00f3n<\/a><\/li>\n<li><a href=\"https:\/\/ed.umh.es\/la-escuela\/organos-de-gobierno-unipersonales-y-colegiados\/la-secretaria\/\">La Secretar\u00eda<\/a><\/li>\n<li><a href=\"https:\/\/ed.umh.es\/la-escuela\/organos-de-gobierno-unipersonales-y-colegiados\/la-subdireccion-academica\/\">La Subdirecci\u00f3n Acad\u00e9mica<\/a><\/li>\n<li><a href=\"https:\/\/ed.umh.es\/la-escuela\/organos-de-gobierno-unipersonales-y-colegiados\/la-subdireccion-para-la-calidad\/\">La Subdirecci\u00f3n para la Calidad<\/a><\/li>\n<li><a href=\"https:\/\/ed.umh.es\/la-escuela\/organos-de-gobierno-unipersonales-y-colegiados\/el-comite-de-direccion\/\">El Comit\u00e9 de Direcci\u00f3n<\/a><\/li>\n<li><a href=\"https:\/\/ed.umh.es\/la-escuela\/comision-permanente-del-comite-de-direccion\/\">La Comisi\u00f3n Permanente del Comit\u00e9 de Direcci\u00f3n<\/a><\/li>\n<\/ul>\n<p><\/p>","protected":false},"excerpt":{"rendered":"<p>La Direcci\u00f3n La Secretar\u00eda La Subdirecci\u00f3n Acad\u00e9mica La Subdirecci\u00f3n para la Calidad El Comit\u00e9 de Direcci\u00f3n La Comisi\u00f3n Permanente del Comit\u00e9 de Direcci\u00f3n<\/p>\n","protected":false},"author":3158,"featured_media":0,"parent":22,"menu_order":12,"comment_status":"closed","ping_status":"closed","template":"","meta":{"_links_to":"","_links_to_target":""},"yoast_head":"<!-- This site is optimized with the Yoast SEO plugin v17.5 - https:\/\/yoast.com\/wordpress\/plugins\/seo\/ -->\n<meta name=\"robots\" content=\"index, follow, max-snippet:-1, max-image-preview:large, max-video-preview:-1\" \/>\n<link rel=\"canonical\" href=\"https:\/\/ed.umh.es\/ca\/la-escuela\/organos-de-gobierno\/\" \/>\n<meta property=\"og:locale\" content=\"ca_ES\" \/>\n<meta property=\"og:type\" content=\"article\" \/>\n<meta property=\"og:title\" content=\"\u00d3rganos de gobierno unipersonales y colegiados - Escuela de doctorado UMH\" \/>\n<meta property=\"og:description\" content=\"La Direcci\u00f3n La Secretar\u00eda La Subdirecci\u00f3n Acad\u00e9mica La Subdirecci\u00f3n para la Calidad El Comit\u00e9 de Direcci\u00f3n La Comisi\u00f3n Permanente del Comit\u00e9 de Direcci\u00f3n\" \/>\n<meta property=\"og:url\" content=\"https:\/\/ed.umh.es\/la-escuela\/organos-de-gobierno\/\" \/>\n<meta property=\"og:site_name\" content=\"Escuela de doctorado UMH\" \/>\n<meta property=\"article:modified_time\" content=\"2026-04-15T06:37:22+00:00\" \/>\n<meta property=\"og:image\" content=\"https:\/\/ed.umh.es\/files\/2026\/03\/DIRECCION-300x79.png\" \/>\n<meta name=\"twitter:card\" content=\"summary_large_image\" \/>\n<meta name=\"twitter:label1\" content=\"Est. reading time\" \/>\n\t<meta name=\"twitter:data1\" content=\"2 minuts\" \/>\n<script type=\"application\/ld+json\" class=\"yoast-schema-graph\">{\"@context\":\"https:\/\/schema.org\",\"@graph\":[{\"@type\":\"WebSite\",\"@id\":\"https:\/\/ed.umh.es\/#website\",\"url\":\"https:\/\/ed.umh.es\/\",\"name\":\"Escuela de doctorado UMH\",\"description\":\"Escuela de doctorado UMH\",\"potentialAction\":[{\"@type\":\"SearchAction\",\"target\":{\"@type\":\"EntryPoint\",\"urlTemplate\":\"https:\/\/ed.umh.es\/?s={search_term_string}\"},\"query-input\":\"required name=search_term_string\"}],\"inLanguage\":\"ca\"},{\"@type\":\"ImageObject\",\"@id\":\"https:\/\/ed.umh.es\/la-escuela\/organos-de-gobierno\/#primaryimage\",\"inLanguage\":\"ca\",\"url\":\"https:\/\/ed.umh.es\/files\/2026\/03\/DIRECCION.png\",\"contentUrl\":\"https:\/\/ed.umh.es\/files\/2026\/03\/DIRECCION.png\",\"width\":626,\"height\":165},{\"@type\":\"WebPage\",\"@id\":\"https:\/\/ed.umh.es\/la-escuela\/organos-de-gobierno\/#webpage\",\"url\":\"https:\/\/ed.umh.es\/la-escuela\/organos-de-gobierno\/\",\"name\":\"\\u00d3rganos de gobierno unipersonales y colegiados - Escuela de doctorado UMH\",\"isPartOf\":{\"@id\":\"https:\/\/ed.umh.es\/#website\"},\"primaryImageOfPage\":{\"@id\":\"https:\/\/ed.umh.es\/la-escuela\/organos-de-gobierno\/#primaryimage\"},\"datePublished\":\"2023-03-08T07:40:44+00:00\",\"dateModified\":\"2026-04-15T06:37:22+00:00\",\"breadcrumb\":{\"@id\":\"https:\/\/ed.umh.es\/la-escuela\/organos-de-gobierno\/#breadcrumb\"},\"inLanguage\":\"ca\",\"potentialAction\":[{\"@type\":\"ReadAction\",\"target\":[\"https:\/\/ed.umh.es\/la-escuela\/organos-de-gobierno\/\"]}]},{\"@type\":\"BreadcrumbList\",\"@id\":\"https:\/\/ed.umh.es\/la-escuela\/organos-de-gobierno\/#breadcrumb\",\"itemListElement\":[{\"@type\":\"ListItem\",\"position\":1,\"name\":\"Portada\",\"item\":\"https:\/\/ed.umh.es\/\"},{\"@type\":\"ListItem\",\"position\":2,\"name\":\"LA ESCUELA\",\"item\":\"https:\/\/ed.umh.es\/la-escuela\/\"},{\"@type\":\"ListItem\",\"position\":3,\"name\":\"\\u00d3rganos de Gobierno\"}]}]}<\/script>\n<!-- \/ Yoast SEO plugin. -->","yoast_head_json":{"robots":{"index":"index","follow":"follow","max-snippet":"max-snippet:-1","max-image-preview":"max-image-preview:large","max-video-preview":"max-video-preview:-1"},"canonical":"https:\/\/ed.umh.es\/ca\/la-escuela\/organos-de-gobierno\/","og_locale":"ca_ES","og_type":"article","og_title":"\u00d3rganos de gobierno unipersonales y colegiados - Escuela de doctorado UMH","og_description":"La Direcci\u00f3n La Secretar\u00eda La Subdirecci\u00f3n Acad\u00e9mica La Subdirecci\u00f3n para la Calidad El Comit\u00e9 de Direcci\u00f3n La Comisi\u00f3n Permanente del Comit\u00e9 de Direcci\u00f3n","og_url":"https:\/\/ed.umh.es\/la-escuela\/organos-de-gobierno\/","og_site_name":"Escuela de doctorado UMH","article_modified_time":"2026-04-15T06:37:22+00:00","og_image":[{"url":"https:\/\/ed.umh.es\/files\/2026\/03\/DIRECCION-300x79.png"}],"twitter_card":"summary_large_image","twitter_misc":{"Est. reading time":"2 minuts"},"schema":{"@context":"https:\/\/schema.org","@graph":[{"@type":"WebSite","@id":"https:\/\/ed.umh.es\/#website","url":"https:\/\/ed.umh.es\/","name":"Escuela de doctorado UMH","description":"Escuela de doctorado UMH","potentialAction":[{"@type":"SearchAction","target":{"@type":"EntryPoint","urlTemplate":"https:\/\/ed.umh.es\/?s={search_term_string}"},"query-input":"required name=search_term_string"}],"inLanguage":"ca"},{"@type":"ImageObject","@id":"https:\/\/ed.umh.es\/la-escuela\/organos-de-gobierno\/#primaryimage","inLanguage":"ca","url":"https:\/\/ed.umh.es\/files\/2026\/03\/DIRECCION.png","contentUrl":"https:\/\/ed.umh.es\/files\/2026\/03\/DIRECCION.png","width":626,"height":165},{"@type":"WebPage","@id":"https:\/\/ed.umh.es\/la-escuela\/organos-de-gobierno\/#webpage","url":"https:\/\/ed.umh.es\/la-escuela\/organos-de-gobierno\/","name":"\u00d3rganos de gobierno unipersonales y colegiados - Escuela de doctorado UMH","isPartOf":{"@id":"https:\/\/ed.umh.es\/#website"},"primaryImageOfPage":{"@id":"https:\/\/ed.umh.es\/la-escuela\/organos-de-gobierno\/#primaryimage"},"datePublished":"2023-03-08T07:40:44+00:00","dateModified":"2026-04-15T06:37:22+00:00","breadcrumb":{"@id":"https:\/\/ed.umh.es\/la-escuela\/organos-de-gobierno\/#breadcrumb"},"inLanguage":"ca","potentialAction":[{"@type":"ReadAction","target":["https:\/\/ed.umh.es\/la-escuela\/organos-de-gobierno\/"]}]},{"@type":"BreadcrumbList","@id":"https:\/\/ed.umh.es\/la-escuela\/organos-de-gobierno\/#breadcrumb","itemListElement":[{"@type":"ListItem","position":1,"name":"Portada","item":"https:\/\/ed.umh.es\/"},{"@type":"ListItem","position":2,"name":"LA ESCUELA","item":"https:\/\/ed.umh.es\/la-escuela\/"},{"@type":"ListItem","position":3,"name":"\u00d3rganos de Gobierno"}]}]}},"_links":{"self":[{"href":"https:\/\/ed.umh.es\/ca\/wp-json\/wp\/v2\/pages\/124"}],"collection":[{"href":"https:\/\/ed.umh.es\/ca\/wp-json\/wp\/v2\/pages"}],"about":[{"href":"https:\/\/ed.umh.es\/ca\/wp-json\/wp\/v2\/types\/page"}],"author":[{"embeddable":true,"href":"https:\/\/ed.umh.es\/ca\/wp-json\/wp\/v2\/users\/3158"}],"replies":[{"embeddable":true,"href":"https:\/\/ed.umh.es\/ca\/wp-json\/wp\/v2\/comments?post=124"}],"version-history":[{"count":0,"href":"https:\/\/ed.umh.es\/ca\/wp-json\/wp\/v2\/pages\/124\/revisions"}],"up":[{"embeddable":true,"href":"https:\/\/ed.umh.es\/ca\/wp-json\/wp\/v2\/pages\/22"}],"wp:attachment":[{"href":"https:\/\/ed.umh.es\/ca\/wp-json\/wp\/v2\/media?parent=124"}],"curies":[{"name":"wp","href":"https:\/\/api.w.org\/{rel}","templated":true}]}}