{"id":179,"date":"2023-11-14T11:36:40","date_gmt":"2023-11-14T11:36:40","guid":{"rendered":"https:\/\/ed.umh.es\/?page_id=179"},"modified":"2026-03-12T11:09:25","modified_gmt":"2026-03-12T11:09:25","slug":"la-subdireccion-academica","status":"publish","type":"page","link":"https:\/\/ed.umh.es\/ca\/la-escuela\/organos-de-gobierno\/la-subdireccion-academica\/","title":{"rendered":"La Subdirecci\u00f3n Acad\u00e9mica"},"content":{"rendered":"<p><a href=\"https:\/\/www.umh.es\/contenido\/Universidad\/:persona_118438\/datos_es.html?marcaTxtBusc=martinez%20navarrete\"><span style=\"font-weight: 400\">Gema Concepci\u00f3n Mart\u00ednez Navarrete<\/span><\/a><\/p>\n<p><span style=\"font-weight: 400\">Las funciones de la subdirecci\u00f3n acad\u00e9mica son:<\/span><\/p>\n<ul>\n<li style=\"font-weight: 400\"><span style=\"font-weight: 400\">Proponer a la Comisi\u00f3n Permanente del Comit\u00e9 de Direcci\u00f3n una oferta de actividades<\/span><\/li>\n<li style=\"font-weight: 400\"><span style=\"font-weight: 400\">acad\u00e9micas formativas para el estudiantado de la EDUMH.<\/span><\/li>\n<li style=\"font-weight: 400\"><span style=\"font-weight: 400\">Organizar y supervisar, con apoyo de la Unidad de Doctorado, las actividades acad\u00e9micas formativas de la EDUMH.<\/span><\/li>\n<li style=\"font-weight: 400\"><span style=\"font-weight: 400\">Cualquier otra funci\u00f3n destinada a la mejora de las actividades acad\u00e9micas de la EDUMH o delegada por el director de la EDUMH.<\/span><\/li>\n<\/ul>\n<p style=\"text-align: center\"><a href=\"https:\/\/www.umh.es\/contenido\/Universidad\/:persona_118438\/datos_es.html?marcaTxtBusc=martinez%20navarrete\"><span style=\"font-weight: 400\"><img loading=\"lazy\" class=\"alignnone size-medium wp-image-221\" src=\"https:\/\/ed.umh.es\/files\/2023\/11\/Gema-Marti\u0301nez-300x300.png\" alt=\"\" width=\"300\" height=\"300\" srcset=\"https:\/\/ed.umh.es\/files\/2023\/11\/Gema-Marti\u0301nez-300x300.png 300w, https:\/\/ed.umh.es\/files\/2023\/11\/Gema-Marti\u0301nez-150x150.png 150w, https:\/\/ed.umh.es\/files\/2023\/11\/Gema-Marti\u0301nez.png 504w\" sizes=\"(max-width: 300px) 100vw, 300px\" \/><\/span><\/a><\/p>\n<p><\/p>","protected":false},"excerpt":{"rendered":"<p>Gema Concepci\u00f3n Mart\u00ednez Navarrete Las funciones de la subdirecci\u00f3n acad\u00e9mica son: Proponer a la Comisi\u00f3n Permanente del Comit\u00e9 de Direcci\u00f3n una oferta de actividades acad\u00e9micas formativas para el estudiantado de la EDUMH. Organizar y supervisar, con apoyo de la Unidad de Doctorado, las actividades acad\u00e9micas formativas de la EDUMH. Cualquier otra funci\u00f3n destinada a la [&hellip;]<\/p>\n","protected":false},"author":3158,"featured_media":0,"parent":124,"menu_order":20,"comment_status":"closed","ping_status":"closed","template":"","meta":{"_links_to":"","_links_to_target":""},"yoast_head":"<!-- This site is optimized with the Yoast SEO plugin v17.5 - https:\/\/yoast.com\/wordpress\/plugins\/seo\/ -->\n<meta name=\"robots\" content=\"index, follow, max-snippet:-1, max-image-preview:large, max-video-preview:-1\" \/>\n<link rel=\"canonical\" href=\"https:\/\/ed.umh.es\/ca\/la-escuela\/organos-de-gobierno\/la-subdireccion-academica\/\" \/>\n<meta property=\"og:locale\" content=\"ca_ES\" \/>\n<meta property=\"og:type\" content=\"article\" \/>\n<meta property=\"og:title\" content=\"La Subdirecci\u00f3n Acad\u00e9mica - Escuela de doctorado UMH\" \/>\n<meta property=\"og:description\" content=\"Gema Concepci\u00f3n Mart\u00ednez Navarrete Las funciones de la subdirecci\u00f3n acad\u00e9mica son: Proponer a la Comisi\u00f3n Permanente del Comit\u00e9 de Direcci\u00f3n una oferta de actividades acad\u00e9micas formativas para el estudiantado de la EDUMH. Organizar y supervisar, con apoyo de la Unidad de Doctorado, las actividades acad\u00e9micas formativas de la EDUMH. Cualquier otra funci\u00f3n destinada a la [&hellip;]\" \/>\n<meta property=\"og:url\" content=\"https:\/\/ed.umh.es\/la-escuela\/organos-de-gobierno\/la-subdireccion-academica\/\" \/>\n<meta property=\"og:site_name\" content=\"Escuela de doctorado UMH\" \/>\n<meta property=\"article:modified_time\" content=\"2026-03-12T11:09:25+00:00\" \/>\n<meta property=\"og:image\" content=\"https:\/\/ed.umh.es\/files\/2023\/11\/Gema-Marti\u0301nez-300x300.png\" \/>\n<meta name=\"twitter:card\" content=\"summary_large_image\" \/>\n<meta name=\"twitter:label1\" content=\"Est. reading time\" \/>\n\t<meta name=\"twitter:data1\" content=\"1 minut\" \/>\n<script type=\"application\/ld+json\" class=\"yoast-schema-graph\">{\"@context\":\"https:\/\/schema.org\",\"@graph\":[{\"@type\":\"WebSite\",\"@id\":\"https:\/\/ed.umh.es\/#website\",\"url\":\"https:\/\/ed.umh.es\/\",\"name\":\"Escuela de doctorado UMH\",\"description\":\"Escuela de doctorado UMH\",\"potentialAction\":[{\"@type\":\"SearchAction\",\"target\":{\"@type\":\"EntryPoint\",\"urlTemplate\":\"https:\/\/ed.umh.es\/?s={search_term_string}\"},\"query-input\":\"required name=search_term_string\"}],\"inLanguage\":\"ca\"},{\"@type\":\"ImageObject\",\"@id\":\"https:\/\/ed.umh.es\/la-escuela\/organos-de-gobierno\/la-subdireccion-academica\/#primaryimage\",\"inLanguage\":\"ca\",\"url\":\"https:\/\/ed.umh.es\/files\/2023\/11\/Gema-Marti\\u0301nez.png\",\"contentUrl\":\"https:\/\/ed.umh.es\/files\/2023\/11\/Gema-Marti\\u0301nez.png\",\"width\":504,\"height\":504},{\"@type\":\"WebPage\",\"@id\":\"https:\/\/ed.umh.es\/la-escuela\/organos-de-gobierno\/la-subdireccion-academica\/#webpage\",\"url\":\"https:\/\/ed.umh.es\/la-escuela\/organos-de-gobierno\/la-subdireccion-academica\/\",\"name\":\"La Subdirecci\\u00f3n Acad\\u00e9mica - Escuela de doctorado UMH\",\"isPartOf\":{\"@id\":\"https:\/\/ed.umh.es\/#website\"},\"primaryImageOfPage\":{\"@id\":\"https:\/\/ed.umh.es\/la-escuela\/organos-de-gobierno\/la-subdireccion-academica\/#primaryimage\"},\"datePublished\":\"2023-11-14T11:36:40+00:00\",\"dateModified\":\"2026-03-12T11:09:25+00:00\",\"breadcrumb\":{\"@id\":\"https:\/\/ed.umh.es\/la-escuela\/organos-de-gobierno\/la-subdireccion-academica\/#breadcrumb\"},\"inLanguage\":\"ca\",\"potentialAction\":[{\"@type\":\"ReadAction\",\"target\":[\"https:\/\/ed.umh.es\/la-escuela\/organos-de-gobierno\/la-subdireccion-academica\/\"]}]},{\"@type\":\"BreadcrumbList\",\"@id\":\"https:\/\/ed.umh.es\/la-escuela\/organos-de-gobierno\/la-subdireccion-academica\/#breadcrumb\",\"itemListElement\":[{\"@type\":\"ListItem\",\"position\":1,\"name\":\"Portada\",\"item\":\"https:\/\/ed.umh.es\/\"},{\"@type\":\"ListItem\",\"position\":2,\"name\":\"LA ESCUELA\",\"item\":\"https:\/\/ed.umh.es\/la-escuela\/\"},{\"@type\":\"ListItem\",\"position\":3,\"name\":\"\\u00d3rganos de Gobierno\",\"item\":\"https:\/\/ed.umh.es\/la-escuela\/organos-de-gobierno\/\"},{\"@type\":\"ListItem\",\"position\":4,\"name\":\"La Subdirecci\\u00f3n Acad\\u00e9mica\"}]}]}<\/script>\n<!-- \/ Yoast SEO plugin. -->","yoast_head_json":{"robots":{"index":"index","follow":"follow","max-snippet":"max-snippet:-1","max-image-preview":"max-image-preview:large","max-video-preview":"max-video-preview:-1"},"canonical":"https:\/\/ed.umh.es\/ca\/la-escuela\/organos-de-gobierno\/la-subdireccion-academica\/","og_locale":"ca_ES","og_type":"article","og_title":"La Subdirecci\u00f3n Acad\u00e9mica - Escuela de doctorado UMH","og_description":"Gema Concepci\u00f3n Mart\u00ednez Navarrete Las funciones de la subdirecci\u00f3n acad\u00e9mica son: Proponer a la Comisi\u00f3n Permanente del Comit\u00e9 de Direcci\u00f3n una oferta de actividades acad\u00e9micas formativas para el estudiantado de la EDUMH. Organizar y supervisar, con apoyo de la Unidad de Doctorado, las actividades acad\u00e9micas formativas de la EDUMH. Cualquier otra funci\u00f3n destinada a la [&hellip;]","og_url":"https:\/\/ed.umh.es\/la-escuela\/organos-de-gobierno\/la-subdireccion-academica\/","og_site_name":"Escuela de doctorado UMH","article_modified_time":"2026-03-12T11:09:25+00:00","og_image":[{"url":"https:\/\/ed.umh.es\/files\/2023\/11\/Gema-Marti\u0301nez-300x300.png"}],"twitter_card":"summary_large_image","twitter_misc":{"Est. reading time":"1 minut"},"schema":{"@context":"https:\/\/schema.org","@graph":[{"@type":"WebSite","@id":"https:\/\/ed.umh.es\/#website","url":"https:\/\/ed.umh.es\/","name":"Escuela de doctorado UMH","description":"Escuela de doctorado UMH","potentialAction":[{"@type":"SearchAction","target":{"@type":"EntryPoint","urlTemplate":"https:\/\/ed.umh.es\/?s={search_term_string}"},"query-input":"required name=search_term_string"}],"inLanguage":"ca"},{"@type":"ImageObject","@id":"https:\/\/ed.umh.es\/la-escuela\/organos-de-gobierno\/la-subdireccion-academica\/#primaryimage","inLanguage":"ca","url":"https:\/\/ed.umh.es\/files\/2023\/11\/Gema-Marti\u0301nez.png","contentUrl":"https:\/\/ed.umh.es\/files\/2023\/11\/Gema-Marti\u0301nez.png","width":504,"height":504},{"@type":"WebPage","@id":"https:\/\/ed.umh.es\/la-escuela\/organos-de-gobierno\/la-subdireccion-academica\/#webpage","url":"https:\/\/ed.umh.es\/la-escuela\/organos-de-gobierno\/la-subdireccion-academica\/","name":"La Subdirecci\u00f3n Acad\u00e9mica - Escuela de doctorado UMH","isPartOf":{"@id":"https:\/\/ed.umh.es\/#website"},"primaryImageOfPage":{"@id":"https:\/\/ed.umh.es\/la-escuela\/organos-de-gobierno\/la-subdireccion-academica\/#primaryimage"},"datePublished":"2023-11-14T11:36:40+00:00","dateModified":"2026-03-12T11:09:25+00:00","breadcrumb":{"@id":"https:\/\/ed.umh.es\/la-escuela\/organos-de-gobierno\/la-subdireccion-academica\/#breadcrumb"},"inLanguage":"ca","potentialAction":[{"@type":"ReadAction","target":["https:\/\/ed.umh.es\/la-escuela\/organos-de-gobierno\/la-subdireccion-academica\/"]}]},{"@type":"BreadcrumbList","@id":"https:\/\/ed.umh.es\/la-escuela\/organos-de-gobierno\/la-subdireccion-academica\/#breadcrumb","itemListElement":[{"@type":"ListItem","position":1,"name":"Portada","item":"https:\/\/ed.umh.es\/"},{"@type":"ListItem","position":2,"name":"LA ESCUELA","item":"https:\/\/ed.umh.es\/la-escuela\/"},{"@type":"ListItem","position":3,"name":"\u00d3rganos de Gobierno","item":"https:\/\/ed.umh.es\/la-escuela\/organos-de-gobierno\/"},{"@type":"ListItem","position":4,"name":"La Subdirecci\u00f3n Acad\u00e9mica"}]}]}},"_links":{"self":[{"href":"https:\/\/ed.umh.es\/ca\/wp-json\/wp\/v2\/pages\/179"}],"collection":[{"href":"https:\/\/ed.umh.es\/ca\/wp-json\/wp\/v2\/pages"}],"about":[{"href":"https:\/\/ed.umh.es\/ca\/wp-json\/wp\/v2\/types\/page"}],"author":[{"embeddable":true,"href":"https:\/\/ed.umh.es\/ca\/wp-json\/wp\/v2\/users\/3158"}],"replies":[{"embeddable":true,"href":"https:\/\/ed.umh.es\/ca\/wp-json\/wp\/v2\/comments?post=179"}],"version-history":[{"count":0,"href":"https:\/\/ed.umh.es\/ca\/wp-json\/wp\/v2\/pages\/179\/revisions"}],"up":[{"embeddable":true,"href":"https:\/\/ed.umh.es\/ca\/wp-json\/wp\/v2\/pages\/124"}],"wp:attachment":[{"href":"https:\/\/ed.umh.es\/ca\/wp-json\/wp\/v2\/media?parent=179"}],"curies":[{"name":"wp","href":"https:\/\/api.w.org\/{rel}","templated":true}]}}