{"id":205,"date":"2023-11-15T08:28:56","date_gmt":"2023-11-15T08:28:56","guid":{"rendered":"https:\/\/ed.umh.es\/?page_id=205"},"modified":"2026-03-02T13:02:26","modified_gmt":"2026-03-02T13:02:26","slug":"comision-permanente-del-comite-de-direccion","status":"publish","type":"page","link":"https:\/\/ed.umh.es\/ca\/la-escuela\/organos-de-gobierno\/comision-permanente-del-comite-de-direccion\/","title":{"rendered":"Comisi\u00f3n Permanente del Comit\u00e9 de Direcci\u00f3n"},"content":{"rendered":"<p>Las funciones de la Comisi\u00f3n Permanente del Comit\u00e9 de Direcci\u00f3n son:<\/p>\n<ul>\n<li>Autorizar el dep\u00f3sito de tesis doctorales.<\/li>\n<li>Designar evaluadores externos y miembros de tribunales para la defensa de las tesis doctorales y elevar la propuesta al rector para su nombramiento.<\/li>\n<li>Gestionar los espacios y dem\u00e1s infraestructuras de la EDUMH.<\/li>\n<li>Gestionar la convocatoria de los Premios Extraordinarios de Doctorado y elevar una propuesta para su aprobaci\u00f3n al Comit\u00e9 de Direcci\u00f3n.<\/li>\n<li>Elaborar la propuesta de presupuesto de la EDUMH.<\/li>\n<li>Elevar al Comit\u00e9 de Direcci\u00f3n, para su aprobaci\u00f3n, documentos de car\u00e1cter estrat\u00e9gico para la EDUMH.<\/li>\n<li>Elevar al Comit\u00e9 de Direcci\u00f3n, para su aprobaci\u00f3n, propuestas de creaci\u00f3n o modificaci\u00f3n de cualquier normativa en el \u00e1mbito de los estudios de doctorado de la UMH.<\/li>\n<li>Elevar al Comit\u00e9 de Direcci\u00f3n, para su aprobaci\u00f3n, cualquier propuesta de modificaci\u00f3n del RRI de la EDUMH.<\/li>\n<li>Elevar al Comit\u00e9 de Direcci\u00f3n, para su aprobaci\u00f3n, las propuestas de convenios de cotutela internacional, doble doctorado internacional y doctorado industrial.<\/li>\n<li>Cualquier otra funci\u00f3n que le encomiende el Comit\u00e9 de Direcci\u00f3n de la EDUMH.<\/li>\n<li>Decidir sobre las solicitudes de limitaci\u00f3n de la difusi\u00f3n de tesis doctorales.<\/li>\n<li>Colaborar en la elaboraci\u00f3n de convenios de cotutela internacional, doble doctorado internacional y doctorado industrial.<\/li>\n<li>Elevar al Comit\u00e9 de Direcci\u00f3n, para su aprobaci\u00f3n, propuestas de actividades formativas de car\u00e1cter transversal para el estudiantado de la EDUMH.<\/li>\n<\/ul>\n<p><strong>MIEMBROS DE LA COMISI\u00d3N PERMANENTE DE DIRECCI\u00d3N:<\/strong><\/p>\n<ul>\n<li><strong>Director:\u00a0<\/strong>Miguel \u00c1ngel Sogorb S\u00e1nchez (msogor@umh.es)<\/li>\n<li><strong>Subdirectora para la calidad:\u00a0<\/strong>Rosario Tur Ausina (charo.tur@umh.es)<\/li>\n<li><strong>Subdirectora acad\u00e9mica:\u00a0<\/strong>Gema Concepci\u00f3n Mart\u00ednez Navarrete (enavarrete@umh.es)<\/li>\n<li><strong>Secretaria:\u00a0<\/strong>Eva Mar\u00eda Navarrete Mu\u00f1oz (enavarrete@umh.es)<\/li>\n<li><strong>Vicerrector de Investigaci\u00f3n y Transferencia:\u00a0<\/strong>\u00c1ngel Antonio Carbonell Barrachina (vdo.investigacion@umh.es)<\/li>\n<li><strong>Vicerrectores adjuntos:<\/strong>\n<ul>\n<li><strong>Vicerrectora adjunta de investigaci\u00f3n para la evaluaci\u00f3n de la investigaci\u00f3n:\u00a0<\/strong>Laura Ant\u00f3n S\u00e1nchez (l.anton@umh.es)<\/li>\n<li><strong>Vicerrector adjunto de investigaci\u00f3n para la gesti\u00f3n de la investigaci\u00f3n y transferencia:\u00a0<\/strong>Javier S\u00e1ez Valero (j.saez@umh.es)<\/li>\n<\/ul>\n<\/li>\n<li><strong>Siete personas representantes de los Programas de Doctorado de la UMH<br \/>\npertenecientes a las distintas ramas del conocimiento:<\/strong><\/p>\n<ul>\n<li><strong>Rama Ciencias de la Salud:<\/strong> Francisco Jos\u00e9 Vera Garcia (fvera@umh.es), Juana Gallar Mart\u00ednez (juana.gallar@umh.es) y Mar\u00eda Concepci\u00f3n Carratal\u00e1 Munuera (maria.carratala@umh.es)<\/li>\n<li><strong>Rama Ciencia Sociales y Jur\u00eddicas:<\/strong> Jos\u00e9 Alberto Garc\u00eda Avil\u00e9s (jose.garciaa@umh.es)<\/li>\n<li><strong>Rama Ingenier\u00eda y Arquitectura:<\/strong> Pedro Juan Mart\u00ednez Beltr\u00e1n (pjuan.martinez@umh.es)<\/li>\n<li><strong>Rama Ciencias:<\/strong> Mar\u00eda Rosa Ponce Mulet (mrponce@umh.es) y Concepci\u00f3n Paredes Gil (c.paredes@umh.es)<\/li>\n<\/ul>\n<\/li>\n<li><strong>Jefa del Servicio de Gesti\u00f3n de Estudios:<\/strong> Mar\u00eda Carmen L\u00f3pez Ru\u00edz (mcarmen.lopez@umh.es)<\/li>\n<\/ul>\n<p>Nombramiento de la Comisi\u00f3n Permanente del Comit\u00e9 de Direcci\u00f3n de la EDUMH (<a href=\"https:\/\/ed.umh.es\/files\/2023\/12\/RR_03611_2023.pdf\" target=\"_blank\" rel=\"noopener\">RR_03611_2023.pdf<\/a>)<\/p>","protected":false},"excerpt":{"rendered":"<p>Las funciones de la Comisi\u00f3n Permanente del Comit\u00e9 de Direcci\u00f3n son: Autorizar el dep\u00f3sito de tesis doctorales. Designar evaluadores externos y miembros de tribunales para la defensa de las tesis doctorales y elevar la propuesta al rector para su nombramiento. Gestionar los espacios y dem\u00e1s infraestructuras de la EDUMH. Gestionar la convocatoria de los Premios [&hellip;]<\/p>\n","protected":false},"author":3158,"featured_media":0,"parent":124,"menu_order":23,"comment_status":"closed","ping_status":"closed","template":"","meta":{"_links_to":"","_links_to_target":""},"yoast_head":"<!-- This site is optimized with the Yoast SEO plugin v17.5 - https:\/\/yoast.com\/wordpress\/plugins\/seo\/ -->\n<meta name=\"robots\" content=\"index, follow, max-snippet:-1, max-image-preview:large, max-video-preview:-1\" \/>\n<link rel=\"canonical\" href=\"https:\/\/ed.umh.es\/ca\/la-escuela\/organos-de-gobierno\/comision-permanente-del-comite-de-direccion\/\" \/>\n<meta property=\"og:locale\" content=\"ca_ES\" \/>\n<meta property=\"og:type\" content=\"article\" \/>\n<meta property=\"og:title\" content=\"Comisi\u00f3n Permanente del Comit\u00e9 de Direcci\u00f3n - Escuela de doctorado UMH\" \/>\n<meta property=\"og:description\" content=\"Las funciones de la Comisi\u00f3n Permanente del Comit\u00e9 de Direcci\u00f3n son: Autorizar el dep\u00f3sito de tesis doctorales. Designar evaluadores externos y miembros de tribunales para la defensa de las tesis doctorales y elevar la propuesta al rector para su nombramiento. Gestionar los espacios y dem\u00e1s infraestructuras de la EDUMH. Gestionar la convocatoria de los Premios [&hellip;]\" \/>\n<meta property=\"og:url\" content=\"https:\/\/ed.umh.es\/la-escuela\/organos-de-gobierno\/comision-permanente-del-comite-de-direccion\/\" \/>\n<meta property=\"og:site_name\" content=\"Escuela de doctorado UMH\" \/>\n<meta property=\"article:modified_time\" content=\"2026-03-02T13:02:26+00:00\" \/>\n<meta name=\"twitter:card\" content=\"summary_large_image\" \/>\n<meta name=\"twitter:label1\" content=\"Est. reading time\" \/>\n\t<meta name=\"twitter:data1\" content=\"8 minuts\" \/>\n<script type=\"application\/ld+json\" class=\"yoast-schema-graph\">{\"@context\":\"https:\/\/schema.org\",\"@graph\":[{\"@type\":\"WebSite\",\"@id\":\"https:\/\/ed.umh.es\/#website\",\"url\":\"https:\/\/ed.umh.es\/\",\"name\":\"Escuela de doctorado UMH\",\"description\":\"Escuela de doctorado UMH\",\"potentialAction\":[{\"@type\":\"SearchAction\",\"target\":{\"@type\":\"EntryPoint\",\"urlTemplate\":\"https:\/\/ed.umh.es\/?s={search_term_string}\"},\"query-input\":\"required name=search_term_string\"}],\"inLanguage\":\"ca\"},{\"@type\":\"WebPage\",\"@id\":\"https:\/\/ed.umh.es\/la-escuela\/organos-de-gobierno\/comision-permanente-del-comite-de-direccion\/#webpage\",\"url\":\"https:\/\/ed.umh.es\/la-escuela\/organos-de-gobierno\/comision-permanente-del-comite-de-direccion\/\",\"name\":\"Comisi\\u00f3n Permanente del Comit\\u00e9 de Direcci\\u00f3n - Escuela de doctorado UMH\",\"isPartOf\":{\"@id\":\"https:\/\/ed.umh.es\/#website\"},\"datePublished\":\"2023-11-15T08:28:56+00:00\",\"dateModified\":\"2026-03-02T13:02:26+00:00\",\"breadcrumb\":{\"@id\":\"https:\/\/ed.umh.es\/la-escuela\/organos-de-gobierno\/comision-permanente-del-comite-de-direccion\/#breadcrumb\"},\"inLanguage\":\"ca\",\"potentialAction\":[{\"@type\":\"ReadAction\",\"target\":[\"https:\/\/ed.umh.es\/la-escuela\/organos-de-gobierno\/comision-permanente-del-comite-de-direccion\/\"]}]},{\"@type\":\"BreadcrumbList\",\"@id\":\"https:\/\/ed.umh.es\/la-escuela\/organos-de-gobierno\/comision-permanente-del-comite-de-direccion\/#breadcrumb\",\"itemListElement\":[{\"@type\":\"ListItem\",\"position\":1,\"name\":\"Portada\",\"item\":\"https:\/\/ed.umh.es\/\"},{\"@type\":\"ListItem\",\"position\":2,\"name\":\"LA ESCUELA\",\"item\":\"https:\/\/ed.umh.es\/la-escuela\/\"},{\"@type\":\"ListItem\",\"position\":3,\"name\":\"\\u00d3rganos de Gobierno\",\"item\":\"https:\/\/ed.umh.es\/la-escuela\/organos-de-gobierno\/\"},{\"@type\":\"ListItem\",\"position\":4,\"name\":\"Comisi\\u00f3n Permanente del Comit\\u00e9 de Direcci\\u00f3n\"}]}]}<\/script>\n<!-- \/ Yoast SEO plugin. -->","yoast_head_json":{"robots":{"index":"index","follow":"follow","max-snippet":"max-snippet:-1","max-image-preview":"max-image-preview:large","max-video-preview":"max-video-preview:-1"},"canonical":"https:\/\/ed.umh.es\/ca\/la-escuela\/organos-de-gobierno\/comision-permanente-del-comite-de-direccion\/","og_locale":"ca_ES","og_type":"article","og_title":"Comisi\u00f3n Permanente del Comit\u00e9 de Direcci\u00f3n - Escuela de doctorado UMH","og_description":"Las funciones de la Comisi\u00f3n Permanente del Comit\u00e9 de Direcci\u00f3n son: Autorizar el dep\u00f3sito de tesis doctorales. Designar evaluadores externos y miembros de tribunales para la defensa de las tesis doctorales y elevar la propuesta al rector para su nombramiento. Gestionar los espacios y dem\u00e1s infraestructuras de la EDUMH. Gestionar la convocatoria de los Premios [&hellip;]","og_url":"https:\/\/ed.umh.es\/la-escuela\/organos-de-gobierno\/comision-permanente-del-comite-de-direccion\/","og_site_name":"Escuela de doctorado UMH","article_modified_time":"2026-03-02T13:02:26+00:00","twitter_card":"summary_large_image","twitter_misc":{"Est. reading time":"8 minuts"},"schema":{"@context":"https:\/\/schema.org","@graph":[{"@type":"WebSite","@id":"https:\/\/ed.umh.es\/#website","url":"https:\/\/ed.umh.es\/","name":"Escuela de doctorado UMH","description":"Escuela de doctorado UMH","potentialAction":[{"@type":"SearchAction","target":{"@type":"EntryPoint","urlTemplate":"https:\/\/ed.umh.es\/?s={search_term_string}"},"query-input":"required name=search_term_string"}],"inLanguage":"ca"},{"@type":"WebPage","@id":"https:\/\/ed.umh.es\/la-escuela\/organos-de-gobierno\/comision-permanente-del-comite-de-direccion\/#webpage","url":"https:\/\/ed.umh.es\/la-escuela\/organos-de-gobierno\/comision-permanente-del-comite-de-direccion\/","name":"Comisi\u00f3n Permanente del Comit\u00e9 de Direcci\u00f3n - Escuela de doctorado UMH","isPartOf":{"@id":"https:\/\/ed.umh.es\/#website"},"datePublished":"2023-11-15T08:28:56+00:00","dateModified":"2026-03-02T13:02:26+00:00","breadcrumb":{"@id":"https:\/\/ed.umh.es\/la-escuela\/organos-de-gobierno\/comision-permanente-del-comite-de-direccion\/#breadcrumb"},"inLanguage":"ca","potentialAction":[{"@type":"ReadAction","target":["https:\/\/ed.umh.es\/la-escuela\/organos-de-gobierno\/comision-permanente-del-comite-de-direccion\/"]}]},{"@type":"BreadcrumbList","@id":"https:\/\/ed.umh.es\/la-escuela\/organos-de-gobierno\/comision-permanente-del-comite-de-direccion\/#breadcrumb","itemListElement":[{"@type":"ListItem","position":1,"name":"Portada","item":"https:\/\/ed.umh.es\/"},{"@type":"ListItem","position":2,"name":"LA ESCUELA","item":"https:\/\/ed.umh.es\/la-escuela\/"},{"@type":"ListItem","position":3,"name":"\u00d3rganos de Gobierno","item":"https:\/\/ed.umh.es\/la-escuela\/organos-de-gobierno\/"},{"@type":"ListItem","position":4,"name":"Comisi\u00f3n Permanente del Comit\u00e9 de Direcci\u00f3n"}]}]}},"_links":{"self":[{"href":"https:\/\/ed.umh.es\/ca\/wp-json\/wp\/v2\/pages\/205"}],"collection":[{"href":"https:\/\/ed.umh.es\/ca\/wp-json\/wp\/v2\/pages"}],"about":[{"href":"https:\/\/ed.umh.es\/ca\/wp-json\/wp\/v2\/types\/page"}],"author":[{"embeddable":true,"href":"https:\/\/ed.umh.es\/ca\/wp-json\/wp\/v2\/users\/3158"}],"replies":[{"embeddable":true,"href":"https:\/\/ed.umh.es\/ca\/wp-json\/wp\/v2\/comments?post=205"}],"version-history":[{"count":0,"href":"https:\/\/ed.umh.es\/ca\/wp-json\/wp\/v2\/pages\/205\/revisions"}],"up":[{"embeddable":true,"href":"https:\/\/ed.umh.es\/ca\/wp-json\/wp\/v2\/pages\/124"}],"wp:attachment":[{"href":"https:\/\/ed.umh.es\/ca\/wp-json\/wp\/v2\/media?parent=205"}],"curies":[{"name":"wp","href":"https:\/\/api.w.org\/{rel}","templated":true}]}}