{"id":310,"date":"2024-02-28T10:47:15","date_gmt":"2024-02-28T10:47:15","guid":{"rendered":"https:\/\/ed.umh.es\/?page_id=310"},"modified":"2026-03-09T09:18:01","modified_gmt":"2026-03-09T09:18:01","slug":"acceso","status":"publish","type":"page","link":"https:\/\/ed.umh.es\/ca\/acceso\/","title":{"rendered":"ACC\u00c9S"},"content":{"rendered":"<p>Els ensenyaments de Doctorat tenen com a objectiu la formaci\u00f3 avan\u00e7ada de l\u2019estudiant en les t\u00e8cniques de recerca. Podran incorporar cursos i seminaris i inclouran l\u2019elaboraci\u00f3 i presentaci\u00f3 de la corresponent tesi doctoral, que consisteix en un treball original de recerca. La superaci\u00f3 d\u2019aquests ensenyaments donar\u00e0 dret a l\u2019obtenci\u00f3 del t\u00edtol de Doctor o Doctora. Es denomina Programa de Doctorat al conjunt organitzat de totes les activitats formatives i de recerca.<\/p>\n<p><a href=\"https:\/\/umh.es\/contenido\/Estudios\/:Doctorado\/datos_es.html\"><img loading=\"lazy\" class=\"alignnone wp-image-2237\" src=\"https:\/\/ed.umh.es\/files\/2026\/03\/Proyecto-nuevo-7.png\" alt=\"PROGRAMES DE DOCTORAT\" width=\"250\" height=\"64\" \/><\/a> \u00a0 \u00a0\u00a0<a href=\"https:\/\/ed.umh.es\/acceso\/acceso-y-admision\/\"><img loading=\"lazy\" class=\"alignnone wp-image-2240\" src=\"https:\/\/ed.umh.es\/files\/2026\/03\/Proyecto-nuevo-6.png\" alt=\"REQUISITS D'ACC\u00c9S\" width=\"250\" height=\"64\" \/><\/a><span style=\"color: #ffffff\">\u00a0 \u00a0<\/span> \u00a0<a href=\"https:\/\/ed.umh.es\/acceso\/preinscripcion\/\"><img loading=\"lazy\" class=\"alignnone wp-image-2243\" src=\"https:\/\/ed.umh.es\/files\/2026\/03\/Proyecto-nuevo-8-1.png\" alt=\"PREINSCRIPCI\u00d3\" width=\"250\" height=\"64\" \/><\/a><\/p>\n<p><a href=\"https:\/\/ed.umh.es\/acceso\/acceso-con-estudios-universitarios-extranjeros\/\"><img loading=\"lazy\" class=\"alignnone wp-image-2246\" src=\"https:\/\/ed.umh.es\/files\/2026\/03\/Proyecto-nuevo-8.png\" alt=\"ACC\u00c9S ESTRANGERS\" width=\"250\" height=\"64\" \/><\/a>\u00a0 \u00a0 \u00a0<a href=\"https:\/\/ed.umh.es\/acceso\/publicacion-resultados-provisionales-de-admision-en-estudios-de-doctorado\/\"><img loading=\"lazy\" class=\"alignnone wp-image-2249\" src=\"https:\/\/ed.umh.es\/files\/2026\/03\/Proyecto-nuevo-8-2.png\" alt=\"RESULTAT PROVISIONAL\" width=\"250\" height=\"64\" \/><\/a>\u00a0 \u00a0 \u00a0<a href=\"https:\/\/ed.umh.es\/acceso\/listado-definitivo-de-admitidos-as-en-programas-de-doctorado-curso-2023-2024\/\"><img loading=\"lazy\" class=\"alignnone wp-image-2252\" src=\"https:\/\/ed.umh.es\/files\/2026\/03\/Proyecto-nuevo-8-3.png\" alt=\"RESULTAT DEFINITIU\" width=\"250\" height=\"64\" \/><\/a><\/p>","protected":false},"excerpt":{"rendered":"<p>Els ensenyaments de Doctorat tenen com a objectiu la formaci\u00f3 avan\u00e7ada de l\u2019estudiant en les t\u00e8cniques de recerca. Podran incorporar cursos i seminaris i inclouran l\u2019elaboraci\u00f3 i presentaci\u00f3 de la corresponent tesi doctoral, que consisteix en un treball original de recerca. La superaci\u00f3 d\u2019aquests ensenyaments donar\u00e0 dret a l\u2019obtenci\u00f3 del t\u00edtol de Doctor o Doctora. [&hellip;]<\/p>\n","protected":false},"author":3158,"featured_media":0,"parent":0,"menu_order":20,"comment_status":"closed","ping_status":"closed","template":"","meta":{"_links_to":"","_links_to_target":""},"yoast_head":"<!-- This site is optimized with the Yoast SEO plugin v17.5 - https:\/\/yoast.com\/wordpress\/plugins\/seo\/ -->\n<meta name=\"robots\" content=\"index, follow, max-snippet:-1, max-image-preview:large, max-video-preview:-1\" \/>\n<link rel=\"canonical\" href=\"https:\/\/ed.umh.es\/ca\/acceso\/\" \/>\n<meta property=\"og:locale\" content=\"ca_ES\" \/>\n<meta property=\"og:type\" content=\"article\" \/>\n<meta property=\"og:title\" content=\"ACC\u00c9S - Escuela de doctorado UMH\" \/>\n<meta property=\"og:description\" content=\"Els ensenyaments de Doctorat tenen com a objectiu la formaci\u00f3 avan\u00e7ada de l\u2019estudiant en les t\u00e8cniques de recerca. Podran incorporar cursos i seminaris i inclouran l\u2019elaboraci\u00f3 i presentaci\u00f3 de la corresponent tesi doctoral, que consisteix en un treball original de recerca. La superaci\u00f3 d\u2019aquests ensenyaments donar\u00e0 dret a l\u2019obtenci\u00f3 del t\u00edtol de Doctor o Doctora. [&hellip;]\" \/>\n<meta property=\"og:url\" content=\"https:\/\/ed.umh.es\/acceso\/\" \/>\n<meta property=\"og:site_name\" content=\"Escuela de doctorado UMH\" \/>\n<meta property=\"article:modified_time\" content=\"2026-03-09T09:18:01+00:00\" \/>\n<meta property=\"og:image\" content=\"https:\/\/ed.umh.es\/files\/2026\/03\/EDUMHB-01-300x77.png\" \/>\n<meta name=\"twitter:card\" content=\"summary_large_image\" \/>\n<meta name=\"twitter:label1\" content=\"Est. reading time\" \/>\n\t<meta name=\"twitter:data1\" content=\"1 minut\" \/>\n<script type=\"application\/ld+json\" class=\"yoast-schema-graph\">{\"@context\":\"https:\/\/schema.org\",\"@graph\":[{\"@type\":\"WebSite\",\"@id\":\"https:\/\/ed.umh.es\/#website\",\"url\":\"https:\/\/ed.umh.es\/\",\"name\":\"Escuela de doctorado UMH\",\"description\":\"Escuela de doctorado UMH\",\"potentialAction\":[{\"@type\":\"SearchAction\",\"target\":{\"@type\":\"EntryPoint\",\"urlTemplate\":\"https:\/\/ed.umh.es\/?s={search_term_string}\"},\"query-input\":\"required name=search_term_string\"}],\"inLanguage\":\"ca\"},{\"@type\":\"ImageObject\",\"@id\":\"https:\/\/ed.umh.es\/acceso\/#primaryimage\",\"inLanguage\":\"ca\",\"url\":\"https:\/\/ed.umh.es\/files\/2026\/03\/EDUMHB-01.png\",\"contentUrl\":\"https:\/\/ed.umh.es\/files\/2026\/03\/EDUMHB-01.png\",\"width\":624,\"height\":161,\"caption\":\"Programas de doctorado\"},{\"@type\":\"WebPage\",\"@id\":\"https:\/\/ed.umh.es\/acceso\/#webpage\",\"url\":\"https:\/\/ed.umh.es\/acceso\/\",\"name\":\"ACC\\u00c9S - Escuela de doctorado UMH\",\"isPartOf\":{\"@id\":\"https:\/\/ed.umh.es\/#website\"},\"primaryImageOfPage\":{\"@id\":\"https:\/\/ed.umh.es\/acceso\/#primaryimage\"},\"datePublished\":\"2024-02-28T10:47:15+00:00\",\"dateModified\":\"2026-03-09T09:18:01+00:00\",\"breadcrumb\":{\"@id\":\"https:\/\/ed.umh.es\/acceso\/#breadcrumb\"},\"inLanguage\":\"ca\",\"potentialAction\":[{\"@type\":\"ReadAction\",\"target\":[\"https:\/\/ed.umh.es\/acceso\/\"]}]},{\"@type\":\"BreadcrumbList\",\"@id\":\"https:\/\/ed.umh.es\/acceso\/#breadcrumb\",\"itemListElement\":[{\"@type\":\"ListItem\",\"position\":1,\"name\":\"Portada\",\"item\":\"https:\/\/ed.umh.es\/\"},{\"@type\":\"ListItem\",\"position\":2,\"name\":\"ACCESO\"}]}]}<\/script>\n<!-- \/ Yoast SEO plugin. -->","yoast_head_json":{"robots":{"index":"index","follow":"follow","max-snippet":"max-snippet:-1","max-image-preview":"max-image-preview:large","max-video-preview":"max-video-preview:-1"},"canonical":"https:\/\/ed.umh.es\/ca\/acceso\/","og_locale":"ca_ES","og_type":"article","og_title":"ACC\u00c9S - Escuela de doctorado UMH","og_description":"Els ensenyaments de Doctorat tenen com a objectiu la formaci\u00f3 avan\u00e7ada de l\u2019estudiant en les t\u00e8cniques de recerca. Podran incorporar cursos i seminaris i inclouran l\u2019elaboraci\u00f3 i presentaci\u00f3 de la corresponent tesi doctoral, que consisteix en un treball original de recerca. La superaci\u00f3 d\u2019aquests ensenyaments donar\u00e0 dret a l\u2019obtenci\u00f3 del t\u00edtol de Doctor o Doctora. [&hellip;]","og_url":"https:\/\/ed.umh.es\/acceso\/","og_site_name":"Escuela de doctorado UMH","article_modified_time":"2026-03-09T09:18:01+00:00","og_image":[{"url":"https:\/\/ed.umh.es\/files\/2026\/03\/EDUMHB-01-300x77.png"}],"twitter_card":"summary_large_image","twitter_misc":{"Est. reading time":"1 minut"},"schema":{"@context":"https:\/\/schema.org","@graph":[{"@type":"WebSite","@id":"https:\/\/ed.umh.es\/#website","url":"https:\/\/ed.umh.es\/","name":"Escuela de doctorado UMH","description":"Escuela de doctorado UMH","potentialAction":[{"@type":"SearchAction","target":{"@type":"EntryPoint","urlTemplate":"https:\/\/ed.umh.es\/?s={search_term_string}"},"query-input":"required name=search_term_string"}],"inLanguage":"ca"},{"@type":"ImageObject","@id":"https:\/\/ed.umh.es\/acceso\/#primaryimage","inLanguage":"ca","url":"https:\/\/ed.umh.es\/files\/2026\/03\/EDUMHB-01.png","contentUrl":"https:\/\/ed.umh.es\/files\/2026\/03\/EDUMHB-01.png","width":624,"height":161,"caption":"Programas de doctorado"},{"@type":"WebPage","@id":"https:\/\/ed.umh.es\/acceso\/#webpage","url":"https:\/\/ed.umh.es\/acceso\/","name":"ACC\u00c9S - Escuela de doctorado UMH","isPartOf":{"@id":"https:\/\/ed.umh.es\/#website"},"primaryImageOfPage":{"@id":"https:\/\/ed.umh.es\/acceso\/#primaryimage"},"datePublished":"2024-02-28T10:47:15+00:00","dateModified":"2026-03-09T09:18:01+00:00","breadcrumb":{"@id":"https:\/\/ed.umh.es\/acceso\/#breadcrumb"},"inLanguage":"ca","potentialAction":[{"@type":"ReadAction","target":["https:\/\/ed.umh.es\/acceso\/"]}]},{"@type":"BreadcrumbList","@id":"https:\/\/ed.umh.es\/acceso\/#breadcrumb","itemListElement":[{"@type":"ListItem","position":1,"name":"Portada","item":"https:\/\/ed.umh.es\/"},{"@type":"ListItem","position":2,"name":"ACCESO"}]}]}},"_links":{"self":[{"href":"https:\/\/ed.umh.es\/ca\/wp-json\/wp\/v2\/pages\/310"}],"collection":[{"href":"https:\/\/ed.umh.es\/ca\/wp-json\/wp\/v2\/pages"}],"about":[{"href":"https:\/\/ed.umh.es\/ca\/wp-json\/wp\/v2\/types\/page"}],"author":[{"embeddable":true,"href":"https:\/\/ed.umh.es\/ca\/wp-json\/wp\/v2\/users\/3158"}],"replies":[{"embeddable":true,"href":"https:\/\/ed.umh.es\/ca\/wp-json\/wp\/v2\/comments?post=310"}],"version-history":[{"count":0,"href":"https:\/\/ed.umh.es\/ca\/wp-json\/wp\/v2\/pages\/310\/revisions"}],"wp:attachment":[{"href":"https:\/\/ed.umh.es\/ca\/wp-json\/wp\/v2\/media?parent=310"}],"curies":[{"name":"wp","href":"https:\/\/api.w.org\/{rel}","templated":true}]}}