{"id":316,"date":"2024-02-28T10:52:28","date_gmt":"2024-02-28T10:52:28","guid":{"rendered":"https:\/\/ed.umh.es\/?page_id=316"},"modified":"2026-03-27T08:50:22","modified_gmt":"2026-03-27T08:50:22","slug":"tesis","status":"publish","type":"page","link":"https:\/\/ed.umh.es\/ca\/tesis\/","title":{"rendered":"TESIS"},"content":{"rendered":"<p><\/p>\n<div class=\"col\">\n<h2 class=\"titulo-cuerpo\">TESIS POR COMPENDIO DE PUBLICACIONES<\/h2>\n<\/div>\n<div class=\"col\">\n<div class=\"text-cuerpo\">\n<h3>\u00bfEs posible realizar una tesis por compendio de publicaciones?<\/h3>\n<p>S\u00ed, las tesis doctorales podr\u00e1n ser presentadas como \u00abcompendio de publicaciones\u00bb.<\/p>\n<p>A tal efecto s\u00f3lo se considerar\u00e1n los art\u00edculos realizados con fecha posterior a la matr\u00edcula en el programa de doctorado, que adem\u00e1s cuenten con la autorizaci\u00f3n expresa de su director y codirector si lo hubiere y que cumplan con los siguientes requisitos:<\/p>\n<ol>\n<li>Publicaci\u00f3n de al menos un art\u00edculo cuya publicaci\u00f3n se encuadre en el primer cuartil (Q1) de los JCR Social Edition y Social Sciences Edition, o, en su caso con el criterio m\u00e1ximo que establezca CNEAI\/ANECA.<\/li>\n<li>Que al menos en el 50% de los art\u00edculos presentados en la tesis aparezca el PIF como primer autor y est\u00e9 firmado por el director y codirector en su caso.<\/li>\n<li>No se permitir\u00e1 el uso compartido de art\u00edculos por varios estudiantes ya sean de la UMH o de cualquier otra universidad.<\/li>\n<li>Cualquier documento de \u00edndole cient\u00edfico-t\u00e9cnico que se incluya en las tesis, deber\u00e1 contar con la autorizaci\u00f3n expresa de los firmantes para su \u00fanico uso.<\/li>\n<li>\u00danicamente se considerar\u00e1n aquellos art\u00edculos con fecha de publicaci\u00f3n o remisi\u00f3n posterior a la fecha de matr\u00edcula. Excepcionalmente, se considerar\u00e1n los art\u00edculos que fueron realizados ene el periodo de permanencia del estudiante a los anteriores programas de doctorado. Dichos art\u00edculos dejar\u00e1n de tener validez transcurridos dos a\u00f1os desde su matr\u00edcula en el programa de doctorado en vigor.<\/li>\n<\/ol>\n<h3>\u00bfQu\u00e9 es el informe de coincidencias de trabajo?<\/h3>\n<p>Se denomina as\u00ed al mecanismo que prev\u00e9 la universidad para garantizar la autor\u00eda del art\u00edculo por el PIF as\u00ed como la originalidad de los trabajos. El informe lo emitir\u00e1 el director, utilizando para ello los medios que la Universidad disponga para tal fin.<\/p>\n<p>V\u00eddeo explicativo para generar el <strong>Informe de Turnitin:<\/strong> <a href=\"https:\/\/www.youtube.com\/watch?v=3yZohEpsKmI\">V\u00eddeo Turnitin<\/a> <a href=\"https:\/\/universite.umh.es\/preins_postgrado\/doctorado\/listado\" target=\"_blank\" rel=\"noopener\"><img loading=\"lazy\" class=\"alignnone wp-image-31436 size-full\" src=\"https:\/\/estudios.umh.es\/files\/2021\/11\/abre-en-nueva-ventana.png\" alt=\"(abre en nueva ventana)\" width=\"15\" height=\"15\" \/><\/a><\/p>\n<h3>\u00bfQu\u00e9 debe incluir la tesis por compendio de publicaciones?<\/h3>\n<p>Deber\u00e1 incluir los siguientes apartados:<\/p>\n<ol>\n<li>P\u00e1gina inicial que acredite la modalidad de tesis por compendio de trabajos, haciendo referencia a los art\u00edculos o patentes que constituyan el cuerpo de la tesis.<\/li>\n<li>Resumen en ingl\u00e9s y en cualquiera de las lenguas de la Comunidad Valenciana.<\/li>\n<li>Introducci\u00f3n general que establezca la relaci\u00f3n entre los distintos art\u00edculos constitutivos de la tesis y que definan las l\u00edneas de investigaci\u00f3n de \u00e9sta, as\u00ed como los objetivos de la misma.<\/li>\n<li>Un resumen global de los materiales y m\u00e9todos empleados en la investigaci\u00f3n, de los resultados y una discusi\u00f3n de los mismos.<\/li>\n<li>Las conclusiones que se podr\u00edan extraer de la l\u00ednea de investigaci\u00f3n que apoya la publicaci\u00f3n, as\u00ed como los posibles futuros desarrollos posteriores de las investigaciones.<\/li>\n<li>Copia de las separatas de los art\u00edculos a trav\u00e9s de transcripci\u00f3n literal o por las contribuciones destinadas a la publicaci\u00f3n.<\/li>\n<\/ol>\n<\/div>\n<\/div>\n<p><\/p>","protected":false},"excerpt":{"rendered":"<p>TESIS POR COMPENDIO DE PUBLICACIONES \u00bfEs posible realizar una tesis por compendio de publicaciones? S\u00ed, las tesis doctorales podr\u00e1n ser presentadas como \u00abcompendio de publicaciones\u00bb. A tal efecto s\u00f3lo se considerar\u00e1n los art\u00edculos realizados con fecha posterior a la matr\u00edcula en el programa de doctorado, que adem\u00e1s cuenten con la autorizaci\u00f3n expresa de su director [&hellip;]<\/p>\n","protected":false},"author":3158,"featured_media":0,"parent":0,"menu_order":70,"comment_status":"closed","ping_status":"closed","template":"","meta":{"_links_to":"","_links_to_target":""},"yoast_head":"<!-- This site is optimized with the Yoast SEO plugin v17.5 - https:\/\/yoast.com\/wordpress\/plugins\/seo\/ -->\n<meta name=\"robots\" content=\"index, follow, max-snippet:-1, max-image-preview:large, max-video-preview:-1\" \/>\n<link rel=\"canonical\" href=\"https:\/\/ed.umh.es\/ca\/tesis\/\" \/>\n<meta property=\"og:locale\" content=\"ca_ES\" \/>\n<meta property=\"og:type\" content=\"article\" \/>\n<meta property=\"og:title\" content=\"TESIS - Escuela de doctorado UMH\" \/>\n<meta property=\"og:description\" content=\"TESIS POR COMPENDIO DE PUBLICACIONES \u00bfEs posible realizar una tesis por compendio de publicaciones? S\u00ed, las tesis doctorales podr\u00e1n ser presentadas como \u00abcompendio de publicaciones\u00bb. A tal efecto s\u00f3lo se considerar\u00e1n los art\u00edculos realizados con fecha posterior a la matr\u00edcula en el programa de doctorado, que adem\u00e1s cuenten con la autorizaci\u00f3n expresa de su director [&hellip;]\" \/>\n<meta property=\"og:url\" content=\"https:\/\/ed.umh.es\/tesis\/\" \/>\n<meta property=\"og:site_name\" content=\"Escuela de doctorado UMH\" \/>\n<meta property=\"article:modified_time\" content=\"2026-03-27T08:50:22+00:00\" \/>\n<meta property=\"og:image\" content=\"https:\/\/ed.umh.es\/files\/2026\/03\/Tipos-de-Tesis-1-300x79.png\" \/>\n<meta name=\"twitter:card\" content=\"summary_large_image\" \/>\n<meta name=\"twitter:label1\" content=\"Est. reading time\" \/>\n\t<meta name=\"twitter:data1\" content=\"3 minuts\" \/>\n<script type=\"application\/ld+json\" class=\"yoast-schema-graph\">{\"@context\":\"https:\/\/schema.org\",\"@graph\":[{\"@type\":\"WebSite\",\"@id\":\"https:\/\/ed.umh.es\/#website\",\"url\":\"https:\/\/ed.umh.es\/\",\"name\":\"Escuela de doctorado UMH\",\"description\":\"Escuela de doctorado UMH\",\"potentialAction\":[{\"@type\":\"SearchAction\",\"target\":{\"@type\":\"EntryPoint\",\"urlTemplate\":\"https:\/\/ed.umh.es\/?s={search_term_string}\"},\"query-input\":\"required name=search_term_string\"}],\"inLanguage\":\"ca\"},{\"@type\":\"ImageObject\",\"@id\":\"https:\/\/ed.umh.es\/tesis\/#primaryimage\",\"inLanguage\":\"ca\",\"url\":\"https:\/\/ed.umh.es\/files\/2026\/03\/Tipos-de-Tesis-1.png\",\"contentUrl\":\"https:\/\/ed.umh.es\/files\/2026\/03\/Tipos-de-Tesis-1.png\",\"width\":627,\"height\":165},{\"@type\":\"WebPage\",\"@id\":\"https:\/\/ed.umh.es\/tesis\/#webpage\",\"url\":\"https:\/\/ed.umh.es\/tesis\/\",\"name\":\"TESIS - Escuela de doctorado UMH\",\"isPartOf\":{\"@id\":\"https:\/\/ed.umh.es\/#website\"},\"primaryImageOfPage\":{\"@id\":\"https:\/\/ed.umh.es\/tesis\/#primaryimage\"},\"datePublished\":\"2024-02-28T10:52:28+00:00\",\"dateModified\":\"2026-03-27T08:50:22+00:00\",\"breadcrumb\":{\"@id\":\"https:\/\/ed.umh.es\/tesis\/#breadcrumb\"},\"inLanguage\":\"ca\",\"potentialAction\":[{\"@type\":\"ReadAction\",\"target\":[\"https:\/\/ed.umh.es\/tesis\/\"]}]},{\"@type\":\"BreadcrumbList\",\"@id\":\"https:\/\/ed.umh.es\/tesis\/#breadcrumb\",\"itemListElement\":[{\"@type\":\"ListItem\",\"position\":1,\"name\":\"Portada\",\"item\":\"https:\/\/ed.umh.es\/\"},{\"@type\":\"ListItem\",\"position\":2,\"name\":\"TESIS\"}]}]}<\/script>\n<!-- \/ Yoast SEO plugin. -->","yoast_head_json":{"robots":{"index":"index","follow":"follow","max-snippet":"max-snippet:-1","max-image-preview":"max-image-preview:large","max-video-preview":"max-video-preview:-1"},"canonical":"https:\/\/ed.umh.es\/ca\/tesis\/","og_locale":"ca_ES","og_type":"article","og_title":"TESIS - Escuela de doctorado UMH","og_description":"TESIS POR COMPENDIO DE PUBLICACIONES \u00bfEs posible realizar una tesis por compendio de publicaciones? S\u00ed, las tesis doctorales podr\u00e1n ser presentadas como \u00abcompendio de publicaciones\u00bb. A tal efecto s\u00f3lo se considerar\u00e1n los art\u00edculos realizados con fecha posterior a la matr\u00edcula en el programa de doctorado, que adem\u00e1s cuenten con la autorizaci\u00f3n expresa de su director [&hellip;]","og_url":"https:\/\/ed.umh.es\/tesis\/","og_site_name":"Escuela de doctorado UMH","article_modified_time":"2026-03-27T08:50:22+00:00","og_image":[{"url":"https:\/\/ed.umh.es\/files\/2026\/03\/Tipos-de-Tesis-1-300x79.png"}],"twitter_card":"summary_large_image","twitter_misc":{"Est. reading time":"3 minuts"},"schema":{"@context":"https:\/\/schema.org","@graph":[{"@type":"WebSite","@id":"https:\/\/ed.umh.es\/#website","url":"https:\/\/ed.umh.es\/","name":"Escuela de doctorado UMH","description":"Escuela de doctorado UMH","potentialAction":[{"@type":"SearchAction","target":{"@type":"EntryPoint","urlTemplate":"https:\/\/ed.umh.es\/?s={search_term_string}"},"query-input":"required name=search_term_string"}],"inLanguage":"ca"},{"@type":"ImageObject","@id":"https:\/\/ed.umh.es\/tesis\/#primaryimage","inLanguage":"ca","url":"https:\/\/ed.umh.es\/files\/2026\/03\/Tipos-de-Tesis-1.png","contentUrl":"https:\/\/ed.umh.es\/files\/2026\/03\/Tipos-de-Tesis-1.png","width":627,"height":165},{"@type":"WebPage","@id":"https:\/\/ed.umh.es\/tesis\/#webpage","url":"https:\/\/ed.umh.es\/tesis\/","name":"TESIS - Escuela de doctorado UMH","isPartOf":{"@id":"https:\/\/ed.umh.es\/#website"},"primaryImageOfPage":{"@id":"https:\/\/ed.umh.es\/tesis\/#primaryimage"},"datePublished":"2024-02-28T10:52:28+00:00","dateModified":"2026-03-27T08:50:22+00:00","breadcrumb":{"@id":"https:\/\/ed.umh.es\/tesis\/#breadcrumb"},"inLanguage":"ca","potentialAction":[{"@type":"ReadAction","target":["https:\/\/ed.umh.es\/tesis\/"]}]},{"@type":"BreadcrumbList","@id":"https:\/\/ed.umh.es\/tesis\/#breadcrumb","itemListElement":[{"@type":"ListItem","position":1,"name":"Portada","item":"https:\/\/ed.umh.es\/"},{"@type":"ListItem","position":2,"name":"TESIS"}]}]}},"_links":{"self":[{"href":"https:\/\/ed.umh.es\/ca\/wp-json\/wp\/v2\/pages\/316"}],"collection":[{"href":"https:\/\/ed.umh.es\/ca\/wp-json\/wp\/v2\/pages"}],"about":[{"href":"https:\/\/ed.umh.es\/ca\/wp-json\/wp\/v2\/types\/page"}],"author":[{"embeddable":true,"href":"https:\/\/ed.umh.es\/ca\/wp-json\/wp\/v2\/users\/3158"}],"replies":[{"embeddable":true,"href":"https:\/\/ed.umh.es\/ca\/wp-json\/wp\/v2\/comments?post=316"}],"version-history":[{"count":0,"href":"https:\/\/ed.umh.es\/ca\/wp-json\/wp\/v2\/pages\/316\/revisions"}],"wp:attachment":[{"href":"https:\/\/ed.umh.es\/ca\/wp-json\/wp\/v2\/media?parent=316"}],"curies":[{"name":"wp","href":"https:\/\/api.w.org\/{rel}","templated":true}]}}