{"id":322,"date":"2024-02-28T10:56:03","date_gmt":"2024-02-28T10:56:03","guid":{"rendered":"https:\/\/ed.umh.es\/?page_id=322"},"modified":"2026-03-03T20:42:21","modified_gmt":"2026-03-03T20:42:21","slug":"preguntas-frecuentes","status":"publish","type":"page","link":"https:\/\/ed.umh.es\/ca\/mas-informacion\/preguntas-frecuentes\/","title":{"rendered":"Preguntas frecuentes"},"content":{"rendered":"<p>Las ense\u00f1anzas de\u00a0 Doctorado tienen como objetivo la formaci\u00f3n avanzada del estudiante en las t\u00e9cnicas de investigaci\u00f3n. Podr\u00e1n incorporar cursos y seminarios e incluir\u00e1 la elaboraci\u00f3n y presentaci\u00f3n de la correspondiente tesis doctoral, consistente en un trabajo original de investigaci\u00f3n. La superaci\u00f3n de estas ense\u00f1anzas dar\u00e1 derecho a la obtenci\u00f3n del t\u00edtulo de Doctor o Doctora. Se denomina Programa de Doctorado al conjunto organizado de todas las actividades formativas y de investigaci\u00f3n.<\/p>\n<h3>\u00bfQu\u00e9 se obtiene con la realizaci\u00f3n de los estudios de doctorado?<\/h3>\n<p>La finalizaci\u00f3n de dichos estudios supone la obtenci\u00f3n del tercer ciclo de los estudios universitarios oficiales, que implica la adquisici\u00f3n de competencias y habilidades vinculadas con la investigaci\u00f3n cient\u00edfica de calidad.<\/p>\n<h3>\u00bfQu\u00e9 programas de doctorado oferta la UMH de Elche?<\/h3>\n<p>La UMH de Elche en la actualidad oferta 13\u00a0<strong><a href=\"https:\/\/umh.es\/contenido\/Estudios\/:Doctorado\/datos_es.html\" target=\"_blank\" rel=\"noopener\">programas de doctorado<img loading=\"lazy\" class=\"alignnone wp-image-31436 size-full\" src=\"https:\/\/estudios.umh.es\/files\/2021\/11\/abre-en-nueva-ventana.png\" alt=\"(abre en nueva ventana)\" width=\"15\" height=\"15\" \/><\/a><\/strong><\/p>\n<h3>\u00bfQu\u00e9 significan las siglas PIF?<\/h3>\n<p>El Personal Investigador en Formaci\u00f3n (PIF) son los graduados universitarios que se encuentren realizando estudios de formaci\u00f3n y especializaci\u00f3n cient\u00edfica y t\u00e9cnica a trav\u00e9s de los correspondientes estudios oficiales de doctorado, tambi\u00e9n denominados\u00a0 doctorandos.<\/p>\n<h3>\u00bfCu\u00e1l es la duraci\u00f3n del programa de doctorado?<\/h3>\n<p>Los estudios de doctorado podr\u00e1n llevarse a cabo\u00a0<strong><u>A TIEMPO COMPLETO<\/u><\/strong>, siendo el tiempo m\u00e1ximo de realizaci\u00f3n de los mismos de tres a\u00f1os o\u00a0<strong><u>A TIEMPO PARCIAL<\/u><\/strong>\u00a0siendo el m\u00e1ximo de tiempo de realizaci\u00f3n de cinco a\u00f1os. Ambos plazos computan desde la fecha de matr\u00edcula en los estudios de doctorado hasta la fecha del dep\u00f3sito de la tesis doctoral.<\/p>\n<p>No obstante lo anterior , indicar que la realizaci\u00f3n a tiempo parcial requerir\u00e1 la previa autorizaci\u00f3n de la Comisi\u00f3n Acad\u00e9mica del Programa de Doctorado responsable del programa.<\/p>\n<h3>\u00bfC\u00f3mo se computa la dedicaci\u00f3n a tiempo parcial?<\/h3>\n<p>Se computar\u00e1 por curso acad\u00e9mico y se ha de solicitar a trav\u00e9s de la aplicaci\u00f3n de seguimiento de doctorandos.<\/p>\n<h3>\u00bfD\u00f3nde debo presentar la documentaci\u00f3n que acredite la idoneidad de mi\u00a0 situaci\u00f3n para realizar el doctorado a tiempo parcial?<\/h3>\n<p>La documentaci\u00f3n se presentar\u00e1 en el Servicio de Gesti\u00f3n de Estudios para su estudio por parte de la Comisi\u00f3n de Estudios de Doctorado. Una vez comprobado que cumple con los requisitos exigidos se informar\u00e1 a la Comisi\u00f3n Acad\u00e9mica del Programa de Doctorado para su aceptaci\u00f3n o rechazo.<\/p>\n<h3>\u00bfEs necesario acreditar esta situaci\u00f3n a\u00f1o a a\u00f1o?<\/h3>\n<p>S\u00ed, para poder continuar con la dedicaci\u00f3n a tiempo parcial\u00a0 en cada curso acad\u00e9mico y junto con la renovaci\u00f3n de la matr\u00edcula de los estudios de doctorado, se deber\u00e1 presentar en el Servicio de Gesti\u00f3n de Estudios, la documentaci\u00f3n que acredite que la situaci\u00f3n por la que se concedi\u00f3 la dedicaci\u00f3n a tiempo parcial continua, en caso contrario se le modificara la dedicaci\u00f3n a tiempo completo.<\/p>\n<h3>\u00bfPuedo obtener una pr\u00f3rroga para la realizaci\u00f3n de los estudios de doctorado?<\/h3>\n<p>Si transcurrido el plazo de tres a\u00f1os no se hubiera presentado el dep\u00f3sito de la tesis, la Comisi\u00f3n responsable del programa de doctorado,\u00a0 previa remisi\u00f3n de escrito motivado solicit\u00e1ndolo por el alumno, podr\u00e1 autorizar una pr\u00f3rroga de este plazo por un a\u00f1o m\u00e1s, que excepcionalmente podr\u00eda ampliarse por otro a\u00f1o adicional. En el caso de estudios a tiempo parcial la pr\u00f3rroga podr\u00e1 autorizarse por dos a\u00f1os m\u00e1s que, asimismo, excepcionalmente se podr\u00eda ampliar por otro a\u00f1o adicional.<\/p>\n<h3>\u00bfPuedo solicitar una baja temporal en el transcurso de la realizaci\u00f3n de los estudios de doctorado?<\/h3>\n<p>S\u00ed, siempre que exista causa justificada, se remitir\u00e1 solicitud a la Comisi\u00f3n Acad\u00e9mica del Programa de Doctorado, quien resolver\u00e1 convenientemente pudiendo concederla por un a\u00f1o prorrogable hasta un a\u00f1o m\u00e1s. No obstante, el estudiante deber\u00e1 estar matriculado en todos los cursos acad\u00e9micos desde el comienzo de los estudios de doctorado.<\/p>\n<h3>\u00bf C\u00f3mo computan las ausencias por enfermedad, embarazo o cualquier otra causa prevista en la normativa vigente?<\/h3>\n<p>A los efectos del c\u00f3mputo de la duraci\u00f3n de los estudios, no se tendr\u00e1n en cuenta las bajas por enfermedad, embarazo o cualquier otra causa prevista en la normativa vigente.<\/p>\n<h3>\u00bfQu\u00e9 pasa si se solicita una tercera baja temporal?<\/h3>\n<p>Conllevar\u00eda la baja definitiva en el programa de doctorado.<\/p>","protected":false},"excerpt":{"rendered":"<p>Las ense\u00f1anzas de\u00a0 Doctorado tienen como objetivo la formaci\u00f3n avanzada del estudiante en las t\u00e9cnicas de investigaci\u00f3n. Podr\u00e1n incorporar cursos y seminarios e incluir\u00e1 la elaboraci\u00f3n y presentaci\u00f3n de la correspondiente tesis doctoral, consistente en un trabajo original de investigaci\u00f3n. La superaci\u00f3n de estas ense\u00f1anzas dar\u00e1 derecho a la obtenci\u00f3n del t\u00edtulo de Doctor o [&hellip;]<\/p>\n","protected":false},"author":3158,"featured_media":0,"parent":319,"menu_order":1,"comment_status":"closed","ping_status":"closed","template":"","meta":{"_links_to":"","_links_to_target":""},"yoast_head":"<!-- This site is optimized with the Yoast SEO plugin v17.5 - https:\/\/yoast.com\/wordpress\/plugins\/seo\/ -->\n<meta name=\"robots\" content=\"index, follow, max-snippet:-1, max-image-preview:large, max-video-preview:-1\" \/>\n<link rel=\"canonical\" href=\"https:\/\/ed.umh.es\/ca\/mas-informacion\/preguntas-frecuentes\/\" \/>\n<meta property=\"og:locale\" content=\"ca_ES\" \/>\n<meta property=\"og:type\" content=\"article\" \/>\n<meta property=\"og:title\" content=\"Preguntas frecuentes - Escuela de doctorado UMH\" \/>\n<meta property=\"og:description\" content=\"Las ense\u00f1anzas de\u00a0 Doctorado tienen como objetivo la formaci\u00f3n avanzada del estudiante en las t\u00e9cnicas de investigaci\u00f3n. Podr\u00e1n incorporar cursos y seminarios e incluir\u00e1 la elaboraci\u00f3n y presentaci\u00f3n de la correspondiente tesis doctoral, consistente en un trabajo original de investigaci\u00f3n. La superaci\u00f3n de estas ense\u00f1anzas dar\u00e1 derecho a la obtenci\u00f3n del t\u00edtulo de Doctor o [&hellip;]\" \/>\n<meta property=\"og:url\" content=\"https:\/\/ed.umh.es\/mas-informacion\/preguntas-frecuentes\/\" \/>\n<meta property=\"og:site_name\" content=\"Escuela de doctorado UMH\" \/>\n<meta property=\"article:modified_time\" content=\"2026-03-03T20:42:21+00:00\" \/>\n<meta property=\"og:image\" content=\"https:\/\/estudios.umh.es\/files\/2021\/11\/abre-en-nueva-ventana.png\" \/>\n<meta name=\"twitter:card\" content=\"summary_large_image\" \/>\n<meta name=\"twitter:label1\" content=\"Est. reading time\" \/>\n\t<meta name=\"twitter:data1\" content=\"11 minuts\" \/>\n<script type=\"application\/ld+json\" class=\"yoast-schema-graph\">{\"@context\":\"https:\/\/schema.org\",\"@graph\":[{\"@type\":\"WebSite\",\"@id\":\"https:\/\/ed.umh.es\/#website\",\"url\":\"https:\/\/ed.umh.es\/\",\"name\":\"Escuela de doctorado UMH\",\"description\":\"Escuela de doctorado UMH\",\"potentialAction\":[{\"@type\":\"SearchAction\",\"target\":{\"@type\":\"EntryPoint\",\"urlTemplate\":\"https:\/\/ed.umh.es\/?s={search_term_string}\"},\"query-input\":\"required name=search_term_string\"}],\"inLanguage\":\"ca\"},{\"@type\":\"ImageObject\",\"@id\":\"https:\/\/ed.umh.es\/mas-informacion\/preguntas-frecuentes\/#primaryimage\",\"inLanguage\":\"ca\",\"url\":\"https:\/\/estudios.umh.es\/files\/2021\/11\/abre-en-nueva-ventana.png\",\"contentUrl\":\"https:\/\/estudios.umh.es\/files\/2021\/11\/abre-en-nueva-ventana.png\"},{\"@type\":\"WebPage\",\"@id\":\"https:\/\/ed.umh.es\/mas-informacion\/preguntas-frecuentes\/#webpage\",\"url\":\"https:\/\/ed.umh.es\/mas-informacion\/preguntas-frecuentes\/\",\"name\":\"Preguntas frecuentes - Escuela de doctorado UMH\",\"isPartOf\":{\"@id\":\"https:\/\/ed.umh.es\/#website\"},\"primaryImageOfPage\":{\"@id\":\"https:\/\/ed.umh.es\/mas-informacion\/preguntas-frecuentes\/#primaryimage\"},\"datePublished\":\"2024-02-28T10:56:03+00:00\",\"dateModified\":\"2026-03-03T20:42:21+00:00\",\"breadcrumb\":{\"@id\":\"https:\/\/ed.umh.es\/mas-informacion\/preguntas-frecuentes\/#breadcrumb\"},\"inLanguage\":\"ca\",\"potentialAction\":[{\"@type\":\"ReadAction\",\"target\":[\"https:\/\/ed.umh.es\/mas-informacion\/preguntas-frecuentes\/\"]}]},{\"@type\":\"BreadcrumbList\",\"@id\":\"https:\/\/ed.umh.es\/mas-informacion\/preguntas-frecuentes\/#breadcrumb\",\"itemListElement\":[{\"@type\":\"ListItem\",\"position\":1,\"name\":\"Portada\",\"item\":\"https:\/\/ed.umh.es\/\"},{\"@type\":\"ListItem\",\"position\":2,\"name\":\"MAS INFORMACI\\u00d3N\",\"item\":\"https:\/\/ed.umh.es\/?page_id=319\"},{\"@type\":\"ListItem\",\"position\":3,\"name\":\"Preguntas frecuentes\"}]}]}<\/script>\n<!-- \/ Yoast SEO plugin. -->","yoast_head_json":{"robots":{"index":"index","follow":"follow","max-snippet":"max-snippet:-1","max-image-preview":"max-image-preview:large","max-video-preview":"max-video-preview:-1"},"canonical":"https:\/\/ed.umh.es\/ca\/mas-informacion\/preguntas-frecuentes\/","og_locale":"ca_ES","og_type":"article","og_title":"Preguntas frecuentes - Escuela de doctorado UMH","og_description":"Las ense\u00f1anzas de\u00a0 Doctorado tienen como objetivo la formaci\u00f3n avanzada del estudiante en las t\u00e9cnicas de investigaci\u00f3n. Podr\u00e1n incorporar cursos y seminarios e incluir\u00e1 la elaboraci\u00f3n y presentaci\u00f3n de la correspondiente tesis doctoral, consistente en un trabajo original de investigaci\u00f3n. La superaci\u00f3n de estas ense\u00f1anzas dar\u00e1 derecho a la obtenci\u00f3n del t\u00edtulo de Doctor o [&hellip;]","og_url":"https:\/\/ed.umh.es\/mas-informacion\/preguntas-frecuentes\/","og_site_name":"Escuela de doctorado UMH","article_modified_time":"2026-03-03T20:42:21+00:00","og_image":[{"url":"https:\/\/estudios.umh.es\/files\/2021\/11\/abre-en-nueva-ventana.png"}],"twitter_card":"summary_large_image","twitter_misc":{"Est. reading time":"11 minuts"},"schema":{"@context":"https:\/\/schema.org","@graph":[{"@type":"WebSite","@id":"https:\/\/ed.umh.es\/#website","url":"https:\/\/ed.umh.es\/","name":"Escuela de doctorado UMH","description":"Escuela de doctorado UMH","potentialAction":[{"@type":"SearchAction","target":{"@type":"EntryPoint","urlTemplate":"https:\/\/ed.umh.es\/?s={search_term_string}"},"query-input":"required name=search_term_string"}],"inLanguage":"ca"},{"@type":"ImageObject","@id":"https:\/\/ed.umh.es\/mas-informacion\/preguntas-frecuentes\/#primaryimage","inLanguage":"ca","url":"https:\/\/estudios.umh.es\/files\/2021\/11\/abre-en-nueva-ventana.png","contentUrl":"https:\/\/estudios.umh.es\/files\/2021\/11\/abre-en-nueva-ventana.png"},{"@type":"WebPage","@id":"https:\/\/ed.umh.es\/mas-informacion\/preguntas-frecuentes\/#webpage","url":"https:\/\/ed.umh.es\/mas-informacion\/preguntas-frecuentes\/","name":"Preguntas frecuentes - Escuela de doctorado UMH","isPartOf":{"@id":"https:\/\/ed.umh.es\/#website"},"primaryImageOfPage":{"@id":"https:\/\/ed.umh.es\/mas-informacion\/preguntas-frecuentes\/#primaryimage"},"datePublished":"2024-02-28T10:56:03+00:00","dateModified":"2026-03-03T20:42:21+00:00","breadcrumb":{"@id":"https:\/\/ed.umh.es\/mas-informacion\/preguntas-frecuentes\/#breadcrumb"},"inLanguage":"ca","potentialAction":[{"@type":"ReadAction","target":["https:\/\/ed.umh.es\/mas-informacion\/preguntas-frecuentes\/"]}]},{"@type":"BreadcrumbList","@id":"https:\/\/ed.umh.es\/mas-informacion\/preguntas-frecuentes\/#breadcrumb","itemListElement":[{"@type":"ListItem","position":1,"name":"Portada","item":"https:\/\/ed.umh.es\/"},{"@type":"ListItem","position":2,"name":"MAS INFORMACI\u00d3N","item":"https:\/\/ed.umh.es\/?page_id=319"},{"@type":"ListItem","position":3,"name":"Preguntas frecuentes"}]}]}},"_links":{"self":[{"href":"https:\/\/ed.umh.es\/ca\/wp-json\/wp\/v2\/pages\/322"}],"collection":[{"href":"https:\/\/ed.umh.es\/ca\/wp-json\/wp\/v2\/pages"}],"about":[{"href":"https:\/\/ed.umh.es\/ca\/wp-json\/wp\/v2\/types\/page"}],"author":[{"embeddable":true,"href":"https:\/\/ed.umh.es\/ca\/wp-json\/wp\/v2\/users\/3158"}],"replies":[{"embeddable":true,"href":"https:\/\/ed.umh.es\/ca\/wp-json\/wp\/v2\/comments?post=322"}],"version-history":[{"count":0,"href":"https:\/\/ed.umh.es\/ca\/wp-json\/wp\/v2\/pages\/322\/revisions"}],"up":[{"embeddable":true,"href":"https:\/\/ed.umh.es\/ca\/wp-json\/wp\/v2\/pages\/319"}],"wp:attachment":[{"href":"https:\/\/ed.umh.es\/ca\/wp-json\/wp\/v2\/media?parent=322"}],"curies":[{"name":"wp","href":"https:\/\/api.w.org\/{rel}","templated":true}]}}