{"id":340,"date":"2024-02-28T11:16:42","date_gmt":"2024-02-28T11:16:42","guid":{"rendered":"https:\/\/ed.umh.es\/?page_id=340"},"modified":"2026-03-26T16:59:59","modified_gmt":"2026-03-26T16:59:59","slug":"menciones-y-premios","status":"publish","type":"page","link":"https:\/\/ed.umh.es\/ca\/tesis\/menciones-y-premios\/","title":{"rendered":"Menciones y Premios"},"content":{"rendered":"<p><strong>MENCIONES DE LOS ESTUDIOS\u00a0 DE DOCTORADO REGULADOS POR EL REAL DECRETO 99\/2011, DE 28 DE ENERO\u00a0 Y PREMIOS EXTRAORDINARIOS DE DOCTORADO<\/strong><\/p>\n<h4>Menci\u00f3n Internacional en el t\u00edtulo de Doctor\/a:<em>\u00a0<\/em><\/h4>\n<p>El t\u00edtulo de Doctor podr\u00e1 incluir en su anverso la menci\u00f3n \u201cDoctorado internacional\u201d, siempre que concurran las siguientes circunstancias:<\/p>\n<p>a) Que, durante el periodo de formaci\u00f3n necesario para la obtenci\u00f3n del t\u00edtulo de Doctor, el doctorando haya realizado una estancia m\u00ednima de tres meses fuera de Espa\u00f1a en una instituci\u00f3n de ense\u00f1anza superior o centro de investigaci\u00f3n de prestigio, cursando estudios o realizando trabajos de investigaci\u00f3n. La estancia y las actividades han de ser avaladas por el Director y autorizadas por la Comisi\u00f3n acad\u00e9mica, y se incorporar\u00e1n al documento de actividades del doctorando.<\/p>\n<p>b) Que parte de la tesis doctoral, al menos el resumen y las conclusiones, se haya redactado y presentado en una de las lenguas habituales para la comunicaci\u00f3n cient\u00edfica en su campo de conocimiento, distinta a cualquiera de las lenguas oficial o cooficiales de Espa\u00f1a. Esta norma no ser\u00e1 de aplicaci\u00f3n cuando las estancias, informes y expertos procedan de un pa\u00eds de habla hispana.<\/p>\n<p>c) Que la tesis haya sido informada por un m\u00ednimo de dos expertos Doctores pertenecientes a alguna instituci\u00f3n de Educaci\u00f3n Superior o instituto de investigaci\u00f3n no espa\u00f1ola.<\/p>\n<p>d) Que al menos un experto perteneciente a alguna instituci\u00f3n de Educaci\u00f3n Superior o centro de investigaci\u00f3n no espa\u00f1ola, con el t\u00edtulo de Doctor, y distinto del responsable de la estancia mencionada en el p\u00e1rrafo a), haya formado parte del tribunal evaluador de la tesis.<\/p>\n<h4>Tesis en r\u00e9gimen de cotutela internacional:<\/h4>\n<p>El t\u00edtulo de Doctor incluir\u00e1 en su anverso la diligencia \u201cTesis en r\u00e9gimen de cotutela con la Universidad U\u201d, siempre que concurran las siguientes circunstancias:<\/p>\n<p>a) Que la tesis doctoral est\u00e9 supervisada por dos o m\u00e1s Doctores de dos Universidades, una espa\u00f1ola y otra extranjera, que deber\u00e1n formalizar un convenio de cotutela.<\/p>\n<p>b) Que durante el periodo de formaci\u00f3n necesario para la obtenci\u00f3n del t\u00edtulo de Doctor, el doctorando haya realizado una estancia m\u00ednima de seis meses en la instituci\u00f3n con la que se establece el convenio de cotutela, realizando trabajos de investigaci\u00f3n, bien en un solo per\u00edodo o en varios. Las estancias y las actividades ser\u00e1n reflejadas en el convenio de cotutela.<\/p>\n<h4>Menci\u00f3n Industrial en el t\u00edtulo de Doctor\/a:<\/h4>\n<p>Se otorgar\u00e1 la menci\u00f3n \u201cDoctorado Industrial\u201d siempre que concurran las siguientes circunstancias:<\/p>\n<p>a) La existencia de un contrato laboral o mercantil con el doctorando. El contrato se podr\u00e1 celebrar por una empresa del sector privado o del sector p\u00fablico, as\u00ed como por una Administraci\u00f3n P\u00fablica.<\/p>\n<p>b) El doctorando deber\u00e1 participar en un proyecto de investigaci\u00f3n industrial o de desarrollo experimental que se desarrolle en la empresa o Administraci\u00f3n P\u00fablica en la que se preste el servicio, que no podr\u00e1 ser una Universidad. El proyecto de investigaci\u00f3n industrial o de desarrollo experimental en el que participe el doctorando tiene que tener relaci\u00f3n directa con la tesis que realiza. Esta relaci\u00f3n directa se acreditar\u00e1 mediante una memoria que tendr\u00e1 que ser visada por la Universidad.<\/p>\n<p>En el caso de que el proyecto de investigaci\u00f3n industrial o de desarrollo experimental se ejecute en colaboraci\u00f3n entre la Universidad y la empresa o Administraci\u00f3n P\u00fablica en la que preste servicio el doctorando, se suscribir\u00e1 un convenio de colaboraci\u00f3n marco con entre las partes. En este convenio se indicar\u00e1n las obligaciones de la Universidad y las obligaciones de la empresa o Administraci\u00f3n P\u00fablica, as\u00ed como el procedimiento de selecci\u00f3n de los doctorandos.<\/p>\n<p>El doctorando tendr\u00e1 un tutor de tesis designado por la Universidad y un responsable designado por la empresa o Administraci\u00f3n P\u00fablica, que podr\u00e1 ser, en su caso, Director de la tesis de acuerdo con la normativa propia de Doctorado.\u00a0El proceso para optar a la menci\u00f3n de Doctorado industrial puede consultarse en el siguiente\u00a0<strong><a href=\"https:\/\/ed.umh.es\/files\/2024\/02\/Procedimiento-para-optar-a-la-mencion-de-doctorado-industrial.pdf\" target=\"_blank\" rel=\"noopener\">documento.PDF<img loading=\"lazy\" class=\"alignnone wp-image-31436 size-full\" src=\"https:\/\/estudios.umh.es\/files\/2021\/11\/abre-en-nueva-ventana.png\" alt=\"(abre en nueva ventana)\" width=\"15\" height=\"15\" \/><\/a><\/strong><\/p>\n<h4>Premios Extraordinarios de Doctorado:<em>\u00a0<\/em><\/h4>\n<p>Las tesis doctorales defendidas durante el\u00a0<strong>curso acad\u00e9mico 2021\/2022<\/strong>\u00a0(del 1 de octubre de 2021 al 30 de septiembre de 2022) y que posean m\u00e9ritos excepcionales podr\u00e1n optar a un Premio Extraordinario de Doctorado por cada programa de doctorado.<\/p>\n<p>El plazo para optar al Premio Extraordinario de Doctorado\u00a0<strong>se abrir\u00e1 del 15 de junio al 14 de julio<\/strong>. Desde el Servicio de Gesti\u00f3n de Estudios nos pondremos en contacto con el estudiantado, cuyas tesis hayan obtenido la calificaci\u00f3n de Sobresaliente Cum Laude y los votos favorables de todos los miembros del Tribunal de tesis para optar estos premios.<\/p>\n<p>La Comisi\u00f3n de Estudios de Doctorado establecer\u00e1 los requisitos y la tramitaci\u00f3n que\u00a0 regir\u00e1 estos Premios Extraordinario de Doctorado.<\/p>\n<p>Enlace para acceder a la\u00a0<a href=\"https:\/\/ed.umh.es\/files\/2024\/02\/Normativa-Premio-Extraordinario-de-Doctorado.pdf\" target=\"_blank\" rel=\"noopener noreferrer\">Normativa de Premios Extraordinario de Doctorado.PDF<img loading=\"lazy\" class=\"alignnone wp-image-31436 size-full\" src=\"https:\/\/estudios.umh.es\/files\/2021\/11\/abre-en-nueva-ventana.png\" alt=\"(abre en nueva ventana)\" width=\"15\" height=\"15\" \/><\/a><\/p>","protected":false},"excerpt":{"rendered":"<p>MENCIONES DE LOS ESTUDIOS\u00a0 DE DOCTORADO REGULADOS POR EL REAL DECRETO 99\/2011, DE 28 DE ENERO\u00a0 Y PREMIOS EXTRAORDINARIOS DE DOCTORADO Menci\u00f3n Internacional en el t\u00edtulo de Doctor\/a:\u00a0 El t\u00edtulo de Doctor podr\u00e1 incluir en su anverso la menci\u00f3n \u201cDoctorado internacional\u201d, siempre que concurran las siguientes circunstancias: a) Que, durante el periodo de formaci\u00f3n necesario [&hellip;]<\/p>\n","protected":false},"author":3158,"featured_media":0,"parent":316,"menu_order":10,"comment_status":"closed","ping_status":"closed","template":"","meta":{"_links_to":"","_links_to_target":""},"yoast_head":"<!-- This site is optimized with the Yoast SEO plugin v17.5 - https:\/\/yoast.com\/wordpress\/plugins\/seo\/ -->\n<meta name=\"robots\" content=\"index, follow, max-snippet:-1, max-image-preview:large, max-video-preview:-1\" \/>\n<link rel=\"canonical\" href=\"https:\/\/ed.umh.es\/ca\/tesis\/menciones-y-premios\/\" \/>\n<meta property=\"og:locale\" content=\"ca_ES\" \/>\n<meta property=\"og:type\" content=\"article\" \/>\n<meta property=\"og:title\" content=\"Menciones y Premios - Escuela de doctorado UMH\" \/>\n<meta property=\"og:description\" content=\"MENCIONES DE LOS ESTUDIOS\u00a0 DE DOCTORADO REGULADOS POR EL REAL DECRETO 99\/2011, DE 28 DE ENERO\u00a0 Y PREMIOS EXTRAORDINARIOS DE DOCTORADO Menci\u00f3n Internacional en el t\u00edtulo de Doctor\/a:\u00a0 El t\u00edtulo de Doctor podr\u00e1 incluir en su anverso la menci\u00f3n \u201cDoctorado internacional\u201d, siempre que concurran las siguientes circunstancias: a) Que, durante el periodo de formaci\u00f3n necesario [&hellip;]\" \/>\n<meta property=\"og:url\" content=\"https:\/\/ed.umh.es\/tesis\/menciones-y-premios\/\" \/>\n<meta property=\"og:site_name\" content=\"Escuela de doctorado UMH\" \/>\n<meta property=\"article:modified_time\" content=\"2026-03-26T16:59:59+00:00\" \/>\n<meta property=\"og:image\" content=\"https:\/\/estudios.umh.es\/files\/2021\/11\/abre-en-nueva-ventana.png\" \/>\n<meta name=\"twitter:card\" content=\"summary_large_image\" \/>\n<meta name=\"twitter:label1\" content=\"Est. reading time\" \/>\n\t<meta name=\"twitter:data1\" content=\"5 minuts\" \/>\n<script type=\"application\/ld+json\" class=\"yoast-schema-graph\">{\"@context\":\"https:\/\/schema.org\",\"@graph\":[{\"@type\":\"WebSite\",\"@id\":\"https:\/\/ed.umh.es\/#website\",\"url\":\"https:\/\/ed.umh.es\/\",\"name\":\"Escuela de doctorado UMH\",\"description\":\"Escuela de doctorado UMH\",\"potentialAction\":[{\"@type\":\"SearchAction\",\"target\":{\"@type\":\"EntryPoint\",\"urlTemplate\":\"https:\/\/ed.umh.es\/?s={search_term_string}\"},\"query-input\":\"required name=search_term_string\"}],\"inLanguage\":\"ca\"},{\"@type\":\"ImageObject\",\"@id\":\"https:\/\/ed.umh.es\/tesis\/menciones-y-premios\/#primaryimage\",\"inLanguage\":\"ca\",\"url\":\"https:\/\/estudios.umh.es\/files\/2021\/11\/abre-en-nueva-ventana.png\",\"contentUrl\":\"https:\/\/estudios.umh.es\/files\/2021\/11\/abre-en-nueva-ventana.png\"},{\"@type\":\"WebPage\",\"@id\":\"https:\/\/ed.umh.es\/tesis\/menciones-y-premios\/#webpage\",\"url\":\"https:\/\/ed.umh.es\/tesis\/menciones-y-premios\/\",\"name\":\"Menciones y Premios - Escuela de doctorado UMH\",\"isPartOf\":{\"@id\":\"https:\/\/ed.umh.es\/#website\"},\"primaryImageOfPage\":{\"@id\":\"https:\/\/ed.umh.es\/tesis\/menciones-y-premios\/#primaryimage\"},\"datePublished\":\"2024-02-28T11:16:42+00:00\",\"dateModified\":\"2026-03-26T16:59:59+00:00\",\"breadcrumb\":{\"@id\":\"https:\/\/ed.umh.es\/tesis\/menciones-y-premios\/#breadcrumb\"},\"inLanguage\":\"ca\",\"potentialAction\":[{\"@type\":\"ReadAction\",\"target\":[\"https:\/\/ed.umh.es\/tesis\/menciones-y-premios\/\"]}]},{\"@type\":\"BreadcrumbList\",\"@id\":\"https:\/\/ed.umh.es\/tesis\/menciones-y-premios\/#breadcrumb\",\"itemListElement\":[{\"@type\":\"ListItem\",\"position\":1,\"name\":\"Portada\",\"item\":\"https:\/\/ed.umh.es\/\"},{\"@type\":\"ListItem\",\"position\":2,\"name\":\"TESIS\",\"item\":\"https:\/\/ed.umh.es\/tesis\/\"},{\"@type\":\"ListItem\",\"position\":3,\"name\":\"Menciones\"}]}]}<\/script>\n<!-- \/ Yoast SEO plugin. -->","yoast_head_json":{"robots":{"index":"index","follow":"follow","max-snippet":"max-snippet:-1","max-image-preview":"max-image-preview:large","max-video-preview":"max-video-preview:-1"},"canonical":"https:\/\/ed.umh.es\/ca\/tesis\/menciones-y-premios\/","og_locale":"ca_ES","og_type":"article","og_title":"Menciones y Premios - Escuela de doctorado UMH","og_description":"MENCIONES DE LOS ESTUDIOS\u00a0 DE DOCTORADO REGULADOS POR EL REAL DECRETO 99\/2011, DE 28 DE ENERO\u00a0 Y PREMIOS EXTRAORDINARIOS DE DOCTORADO Menci\u00f3n Internacional en el t\u00edtulo de Doctor\/a:\u00a0 El t\u00edtulo de Doctor podr\u00e1 incluir en su anverso la menci\u00f3n \u201cDoctorado internacional\u201d, siempre que concurran las siguientes circunstancias: a) Que, durante el periodo de formaci\u00f3n necesario [&hellip;]","og_url":"https:\/\/ed.umh.es\/tesis\/menciones-y-premios\/","og_site_name":"Escuela de doctorado UMH","article_modified_time":"2026-03-26T16:59:59+00:00","og_image":[{"url":"https:\/\/estudios.umh.es\/files\/2021\/11\/abre-en-nueva-ventana.png"}],"twitter_card":"summary_large_image","twitter_misc":{"Est. reading time":"5 minuts"},"schema":{"@context":"https:\/\/schema.org","@graph":[{"@type":"WebSite","@id":"https:\/\/ed.umh.es\/#website","url":"https:\/\/ed.umh.es\/","name":"Escuela de doctorado UMH","description":"Escuela de doctorado UMH","potentialAction":[{"@type":"SearchAction","target":{"@type":"EntryPoint","urlTemplate":"https:\/\/ed.umh.es\/?s={search_term_string}"},"query-input":"required name=search_term_string"}],"inLanguage":"ca"},{"@type":"ImageObject","@id":"https:\/\/ed.umh.es\/tesis\/menciones-y-premios\/#primaryimage","inLanguage":"ca","url":"https:\/\/estudios.umh.es\/files\/2021\/11\/abre-en-nueva-ventana.png","contentUrl":"https:\/\/estudios.umh.es\/files\/2021\/11\/abre-en-nueva-ventana.png"},{"@type":"WebPage","@id":"https:\/\/ed.umh.es\/tesis\/menciones-y-premios\/#webpage","url":"https:\/\/ed.umh.es\/tesis\/menciones-y-premios\/","name":"Menciones y Premios - Escuela de doctorado UMH","isPartOf":{"@id":"https:\/\/ed.umh.es\/#website"},"primaryImageOfPage":{"@id":"https:\/\/ed.umh.es\/tesis\/menciones-y-premios\/#primaryimage"},"datePublished":"2024-02-28T11:16:42+00:00","dateModified":"2026-03-26T16:59:59+00:00","breadcrumb":{"@id":"https:\/\/ed.umh.es\/tesis\/menciones-y-premios\/#breadcrumb"},"inLanguage":"ca","potentialAction":[{"@type":"ReadAction","target":["https:\/\/ed.umh.es\/tesis\/menciones-y-premios\/"]}]},{"@type":"BreadcrumbList","@id":"https:\/\/ed.umh.es\/tesis\/menciones-y-premios\/#breadcrumb","itemListElement":[{"@type":"ListItem","position":1,"name":"Portada","item":"https:\/\/ed.umh.es\/"},{"@type":"ListItem","position":2,"name":"TESIS","item":"https:\/\/ed.umh.es\/tesis\/"},{"@type":"ListItem","position":3,"name":"Menciones"}]}]}},"_links":{"self":[{"href":"https:\/\/ed.umh.es\/ca\/wp-json\/wp\/v2\/pages\/340"}],"collection":[{"href":"https:\/\/ed.umh.es\/ca\/wp-json\/wp\/v2\/pages"}],"about":[{"href":"https:\/\/ed.umh.es\/ca\/wp-json\/wp\/v2\/types\/page"}],"author":[{"embeddable":true,"href":"https:\/\/ed.umh.es\/ca\/wp-json\/wp\/v2\/users\/3158"}],"replies":[{"embeddable":true,"href":"https:\/\/ed.umh.es\/ca\/wp-json\/wp\/v2\/comments?post=340"}],"version-history":[{"count":0,"href":"https:\/\/ed.umh.es\/ca\/wp-json\/wp\/v2\/pages\/340\/revisions"}],"up":[{"embeddable":true,"href":"https:\/\/ed.umh.es\/ca\/wp-json\/wp\/v2\/pages\/316"}],"wp:attachment":[{"href":"https:\/\/ed.umh.es\/ca\/wp-json\/wp\/v2\/media?parent=340"}],"curies":[{"name":"wp","href":"https:\/\/api.w.org\/{rel}","templated":true}]}}