{"id":367,"date":"2024-02-28T11:33:52","date_gmt":"2024-02-28T11:33:52","guid":{"rendered":"https:\/\/ed.umh.es\/?page_id=367"},"modified":"2026-03-16T14:36:09","modified_gmt":"2026-03-16T14:36:09","slug":"acceso-y-admision","status":"publish","type":"page","link":"https:\/\/ed.umh.es\/ca\/acceso\/acceso-y-admision\/","title":{"rendered":"Acceso y admisi\u00f3n"},"content":{"rendered":"<p><\/p>\n<h3>\u00bfQui\u00e9n puede cursar estudios de doctorado?<\/h3>\n<p>Para acceder al Programa de Doctorado ser\u00e1 necesario cumplir las siguientes condiciones (Art. 6, RD. 99\/2011):<\/p>\n<ul>\n<li>\n<p class=\"parrafo\">Con car\u00e1cter general, para el acceso a un programa oficial de doctorado ser\u00e1 necesario estar en posesi\u00f3n de los t\u00edtulos oficiales espa\u00f1oles de Grado, o equivalente, y de M\u00e1ster universitario, o equivalente, siempre que se hayan superado, al menos, 300 cr\u00e9ditos ECTS en el conjunto de estas dos ense\u00f1anzas.<\/p>\n<\/li>\n<li>\n<p class=\"parrafo\">Asimismo, podr\u00e1n acceder quienes se encuentren en alguno de los siguientes supuestos:<\/p>\n<p class=\"parrafo_2\">a) Estar en posesi\u00f3n de t\u00edtulos universitarios oficiales espa\u00f1oles o t\u00edtulos espa\u00f1oles equivalentes siempre que se hayan superado, al menos, 300 cr\u00e9ditos ECTS en el conjunto de estas ense\u00f1anzas y acreditar un nivel 3 del Marco Espa\u00f1ol de Cualificaciones para la Educaci\u00f3n Superior.<\/p>\n<p class=\"parrafo\">b) Estar en posesi\u00f3n de un t\u00edtulo obtenido conforme a sistemas educativos extranjeros pertenecientes al Espacio Europeo de Educaci\u00f3n Superior (EEES), sin necesidad de su homologaci\u00f3n, que acredite un nivel 7 del Marco Europeo de Cualificaciones siempre que dicho t\u00edtulo faculte para el acceso a estudios de doctorado en el pa\u00eds de expedici\u00f3n del mismo. Esta admisi\u00f3n no implicar\u00e1, en ning\u00fan caso, la homologaci\u00f3n del t\u00edtulo previo del que est\u00e9 en posesi\u00f3n el interesado ni su reconocimiento a otros efectos que el del acceso a ense\u00f1anzas de doctorado.<\/p>\n<p class=\"parrafo\">c) Estar en posesi\u00f3n de un t\u00edtulo obtenido conforme a sistemas educativos extranjeros ajenos al EEES, sin necesidad de su homologaci\u00f3n, previa comprobaci\u00f3n por la universidad de que \u00e9ste acredita un nivel de formaci\u00f3n equivalente a la del t\u00edtulo oficial espa\u00f1ol de M\u00e1ster universitario y que faculta en el pa\u00eds de expedici\u00f3n del t\u00edtulo para el acceso a estudios de doctorado. Esta admisi\u00f3n no implicar\u00e1, en ning\u00fan caso, la homologaci\u00f3n del t\u00edtulo previo del que est\u00e9 en posesi\u00f3n el interesado ni su reconocimiento a otros efectos que el del acceso a ense\u00f1anzas de doctorado.<\/p>\n<p class=\"parrafo\">d) Estar en posesi\u00f3n de otro t\u00edtulo de Doctora o Doctor.<\/p>\n<p class=\"parrafo\">e) Igualmente podr\u00e1n acceder los titulados universitarios que, previa obtenci\u00f3n de plaza en formaci\u00f3n en la correspondiente prueba de acceso a plazas de formaci\u00f3n sanitaria especializada, hayan superado con evaluaci\u00f3n positiva al menos dos a\u00f1os de formaci\u00f3n de un programa para la obtenci\u00f3n del t\u00edtulo oficial de alguna de las especialidades en Ciencias de la Salud.<\/p>\n<\/li>\n<\/ul>\n<h3>\u00bfQu\u00e9\u00a0 criterios\u00a0 debo cumplir para obtener la\u00a0 admisi\u00f3n en un\u00a0 programa de doctorado?<\/h3>\n<p>Cada programa de doctorado establecer\u00e1 sus propios requisitos y criterios de admisi\u00f3n, que estar\u00e1n descritos en la memoria de verificaci\u00f3n correspondiente.<\/p>\n<p>Corresponder\u00e1\u00a0 a la Comisi\u00f3n Acad\u00e9mica del programa de doctorado decidir sobre la admisi\u00f3n de los estudiantes que podr\u00e1 contemplar como requisitos necesarios:<\/p>\n<ul>\n<li>La superaci\u00f3n de una prueba de nivel<\/li>\n<li>La superaci\u00f3n de una entrevista personal.<\/li>\n<\/ul>\n<p>&nbsp;<\/p>","protected":false},"excerpt":{"rendered":"<p>\u00bfQui\u00e9n puede cursar estudios de doctorado? Para acceder al Programa de Doctorado ser\u00e1 necesario cumplir las siguientes condiciones (Art. 6, RD. 99\/2011): Con car\u00e1cter general, para el acceso a un programa oficial de doctorado ser\u00e1 necesario estar en posesi\u00f3n de los t\u00edtulos oficiales espa\u00f1oles de Grado, o equivalente, y de M\u00e1ster universitario, o equivalente, siempre [&hellip;]<\/p>\n","protected":false},"author":3158,"featured_media":0,"parent":310,"menu_order":5,"comment_status":"closed","ping_status":"closed","template":"","meta":{"_links_to":"","_links_to_target":""},"yoast_head":"<!-- This site is optimized with the Yoast SEO plugin v17.5 - https:\/\/yoast.com\/wordpress\/plugins\/seo\/ -->\n<meta name=\"robots\" content=\"index, follow, max-snippet:-1, max-image-preview:large, max-video-preview:-1\" \/>\n<link rel=\"canonical\" href=\"https:\/\/ed.umh.es\/ca\/acceso\/acceso-y-admision\/\" \/>\n<meta property=\"og:locale\" content=\"ca_ES\" \/>\n<meta property=\"og:type\" content=\"article\" \/>\n<meta property=\"og:title\" content=\"Acceso y admisi\u00f3n - Escuela de doctorado UMH\" \/>\n<meta property=\"og:description\" content=\"\u00bfQui\u00e9n puede cursar estudios de doctorado? Para acceder al Programa de Doctorado ser\u00e1 necesario cumplir las siguientes condiciones (Art. 6, RD. 99\/2011): Con car\u00e1cter general, para el acceso a un programa oficial de doctorado ser\u00e1 necesario estar en posesi\u00f3n de los t\u00edtulos oficiales espa\u00f1oles de Grado, o equivalente, y de M\u00e1ster universitario, o equivalente, siempre [&hellip;]\" \/>\n<meta property=\"og:url\" content=\"https:\/\/ed.umh.es\/acceso\/acceso-y-admision\/\" \/>\n<meta property=\"og:site_name\" content=\"Escuela de doctorado UMH\" \/>\n<meta property=\"article:modified_time\" content=\"2026-03-16T14:36:09+00:00\" \/>\n<meta name=\"twitter:card\" content=\"summary_large_image\" \/>\n<meta name=\"twitter:label1\" content=\"Est. reading time\" \/>\n\t<meta name=\"twitter:data1\" content=\"8 minuts\" \/>\n<script type=\"application\/ld+json\" class=\"yoast-schema-graph\">{\"@context\":\"https:\/\/schema.org\",\"@graph\":[{\"@type\":\"WebSite\",\"@id\":\"https:\/\/ed.umh.es\/#website\",\"url\":\"https:\/\/ed.umh.es\/\",\"name\":\"Escuela de doctorado UMH\",\"description\":\"Escuela de doctorado UMH\",\"potentialAction\":[{\"@type\":\"SearchAction\",\"target\":{\"@type\":\"EntryPoint\",\"urlTemplate\":\"https:\/\/ed.umh.es\/?s={search_term_string}\"},\"query-input\":\"required name=search_term_string\"}],\"inLanguage\":\"ca\"},{\"@type\":\"WebPage\",\"@id\":\"https:\/\/ed.umh.es\/acceso\/acceso-y-admision\/#webpage\",\"url\":\"https:\/\/ed.umh.es\/acceso\/acceso-y-admision\/\",\"name\":\"Acceso y admisi\\u00f3n - Escuela de doctorado UMH\",\"isPartOf\":{\"@id\":\"https:\/\/ed.umh.es\/#website\"},\"datePublished\":\"2024-02-28T11:33:52+00:00\",\"dateModified\":\"2026-03-16T14:36:09+00:00\",\"breadcrumb\":{\"@id\":\"https:\/\/ed.umh.es\/acceso\/acceso-y-admision\/#breadcrumb\"},\"inLanguage\":\"ca\",\"potentialAction\":[{\"@type\":\"ReadAction\",\"target\":[\"https:\/\/ed.umh.es\/acceso\/acceso-y-admision\/\"]}]},{\"@type\":\"BreadcrumbList\",\"@id\":\"https:\/\/ed.umh.es\/acceso\/acceso-y-admision\/#breadcrumb\",\"itemListElement\":[{\"@type\":\"ListItem\",\"position\":1,\"name\":\"Portada\",\"item\":\"https:\/\/ed.umh.es\/\"},{\"@type\":\"ListItem\",\"position\":2,\"name\":\"ACCESO\",\"item\":\"https:\/\/ed.umh.es\/acceso\/\"},{\"@type\":\"ListItem\",\"position\":3,\"name\":\"Acceso y Admisi\\u00f3n\"}]}]}<\/script>\n<!-- \/ Yoast SEO plugin. -->","yoast_head_json":{"robots":{"index":"index","follow":"follow","max-snippet":"max-snippet:-1","max-image-preview":"max-image-preview:large","max-video-preview":"max-video-preview:-1"},"canonical":"https:\/\/ed.umh.es\/ca\/acceso\/acceso-y-admision\/","og_locale":"ca_ES","og_type":"article","og_title":"Acceso y admisi\u00f3n - Escuela de doctorado UMH","og_description":"\u00bfQui\u00e9n puede cursar estudios de doctorado? Para acceder al Programa de Doctorado ser\u00e1 necesario cumplir las siguientes condiciones (Art. 6, RD. 99\/2011): Con car\u00e1cter general, para el acceso a un programa oficial de doctorado ser\u00e1 necesario estar en posesi\u00f3n de los t\u00edtulos oficiales espa\u00f1oles de Grado, o equivalente, y de M\u00e1ster universitario, o equivalente, siempre [&hellip;]","og_url":"https:\/\/ed.umh.es\/acceso\/acceso-y-admision\/","og_site_name":"Escuela de doctorado UMH","article_modified_time":"2026-03-16T14:36:09+00:00","twitter_card":"summary_large_image","twitter_misc":{"Est. reading time":"8 minuts"},"schema":{"@context":"https:\/\/schema.org","@graph":[{"@type":"WebSite","@id":"https:\/\/ed.umh.es\/#website","url":"https:\/\/ed.umh.es\/","name":"Escuela de doctorado UMH","description":"Escuela de doctorado UMH","potentialAction":[{"@type":"SearchAction","target":{"@type":"EntryPoint","urlTemplate":"https:\/\/ed.umh.es\/?s={search_term_string}"},"query-input":"required name=search_term_string"}],"inLanguage":"ca"},{"@type":"WebPage","@id":"https:\/\/ed.umh.es\/acceso\/acceso-y-admision\/#webpage","url":"https:\/\/ed.umh.es\/acceso\/acceso-y-admision\/","name":"Acceso y admisi\u00f3n - Escuela de doctorado UMH","isPartOf":{"@id":"https:\/\/ed.umh.es\/#website"},"datePublished":"2024-02-28T11:33:52+00:00","dateModified":"2026-03-16T14:36:09+00:00","breadcrumb":{"@id":"https:\/\/ed.umh.es\/acceso\/acceso-y-admision\/#breadcrumb"},"inLanguage":"ca","potentialAction":[{"@type":"ReadAction","target":["https:\/\/ed.umh.es\/acceso\/acceso-y-admision\/"]}]},{"@type":"BreadcrumbList","@id":"https:\/\/ed.umh.es\/acceso\/acceso-y-admision\/#breadcrumb","itemListElement":[{"@type":"ListItem","position":1,"name":"Portada","item":"https:\/\/ed.umh.es\/"},{"@type":"ListItem","position":2,"name":"ACCESO","item":"https:\/\/ed.umh.es\/acceso\/"},{"@type":"ListItem","position":3,"name":"Acceso y Admisi\u00f3n"}]}]}},"_links":{"self":[{"href":"https:\/\/ed.umh.es\/ca\/wp-json\/wp\/v2\/pages\/367"}],"collection":[{"href":"https:\/\/ed.umh.es\/ca\/wp-json\/wp\/v2\/pages"}],"about":[{"href":"https:\/\/ed.umh.es\/ca\/wp-json\/wp\/v2\/types\/page"}],"author":[{"embeddable":true,"href":"https:\/\/ed.umh.es\/ca\/wp-json\/wp\/v2\/users\/3158"}],"replies":[{"embeddable":true,"href":"https:\/\/ed.umh.es\/ca\/wp-json\/wp\/v2\/comments?post=367"}],"version-history":[{"count":0,"href":"https:\/\/ed.umh.es\/ca\/wp-json\/wp\/v2\/pages\/367\/revisions"}],"up":[{"embeddable":true,"href":"https:\/\/ed.umh.es\/ca\/wp-json\/wp\/v2\/pages\/310"}],"wp:attachment":[{"href":"https:\/\/ed.umh.es\/ca\/wp-json\/wp\/v2\/media?parent=367"}],"curies":[{"name":"wp","href":"https:\/\/api.w.org\/{rel}","templated":true}]}}