{"id":373,"date":"2024-02-28T11:38:35","date_gmt":"2024-02-28T11:38:35","guid":{"rendered":"https:\/\/ed.umh.es\/?page_id=373"},"modified":"2026-03-03T10:58:36","modified_gmt":"2026-03-03T10:58:36","slug":"listado-definitivo-de-admitidos-as-en-programas-de-doctorado-curso-2023-2024","status":"publish","type":"page","link":"https:\/\/ed.umh.es\/ca\/acceso\/listado-definitivo-de-admitidos-as-en-programas-de-doctorado-curso-2023-2024\/","title":{"rendered":"Listado DEFINITIVO de admitidos\/as en programas de doctorado curso 2023\/2024"},"content":{"rendered":"<p><a href=\"https:\/\/boumh.umh.es\/files\/2023\/11\/RR_03208_2023.pdf\" target=\"_blank\" rel=\"noopener\"><strong>PUBLICACI\u00d3N RESULTADOS DEFINITIVOS DE ADMISI\u00d3N DE 31 DE OCTUBRE DE 2023, CORRESPONDIENTE LOS PROGRAMAS DE DOCTORADO DE LA UNIVERSIDAD MIGUEL HERN\u00c1NDEZ DE ELCHE, PARA EL CURSO 2023\/2024<\/strong><strong>.<\/strong><\/a><\/p>\n<p>Finalizado el plazo de subsanaci\u00f3n y reclamaci\u00f3n en los estudios de doctorado, se hacen p\u00fablicos los resultados definitivos de admisi\u00f3n en los diferentes programas de doctorado.<\/p>\n<p>Los resultados definitivos se podr\u00e1n consultar de forma personalizada en la aplicaci\u00f3n de preinscripci\u00f3n en el siguiente enlace, a partir de\u00a0<strong>las 10 horas<\/strong>\u00a0del 31 de octubre:\u00a0<a href=\"https:\/\/universite.umh.es\/preins_postgrado\/doctorado\/listado\" target=\"_blank\" rel=\"noopener\">consulta listado admisi\u00f3n (abre en nueva ventana)<\/a><\/p>\n<p>Contra la presente Resoluci\u00f3n de resultados, el estudiantado podr\u00e1 presentar un recuso contencioso-administrativo, de acuerdo con lo establecido en la propia Resoluci\u00f3n.<\/p>\n<p>El estudiantado admitido recibir\u00e1 un correo electr\u00f3nico a partir del 31 de octubre para formalizar la matr\u00edcula hasta el 3 de noviembre.<\/p>","protected":false},"excerpt":{"rendered":"<p>PUBLICACI\u00d3N RESULTADOS DEFINITIVOS DE ADMISI\u00d3N DE 31 DE OCTUBRE DE 2023, CORRESPONDIENTE LOS PROGRAMAS DE DOCTORADO DE LA UNIVERSIDAD MIGUEL HERN\u00c1NDEZ DE ELCHE, PARA EL CURSO 2023\/2024. Finalizado el plazo de subsanaci\u00f3n y reclamaci\u00f3n en los estudios de doctorado, se hacen p\u00fablicos los resultados definitivos de admisi\u00f3n en los diferentes programas de doctorado. Los resultados [&hellip;]<\/p>\n","protected":false},"author":3158,"featured_media":0,"parent":310,"menu_order":50,"comment_status":"closed","ping_status":"closed","template":"","meta":{"_links_to":"","_links_to_target":""},"yoast_head":"<!-- This site is optimized with the Yoast SEO plugin v17.5 - https:\/\/yoast.com\/wordpress\/plugins\/seo\/ -->\n<meta name=\"robots\" content=\"index, follow, max-snippet:-1, max-image-preview:large, max-video-preview:-1\" \/>\n<link rel=\"canonical\" href=\"https:\/\/ed.umh.es\/ca\/acceso\/listado-definitivo-de-admitidos-as-en-programas-de-doctorado-curso-2023-2024\/\" \/>\n<meta property=\"og:locale\" content=\"ca_ES\" \/>\n<meta property=\"og:type\" content=\"article\" \/>\n<meta property=\"og:title\" content=\"Listado DEFINITIVO de admitidos\/as en programas de doctorado curso 2023\/2024 - Escuela de doctorado UMH\" \/>\n<meta property=\"og:description\" content=\"PUBLICACI\u00d3N RESULTADOS DEFINITIVOS DE ADMISI\u00d3N DE 31 DE OCTUBRE DE 2023, CORRESPONDIENTE LOS PROGRAMAS DE DOCTORADO DE LA UNIVERSIDAD MIGUEL HERN\u00c1NDEZ DE ELCHE, PARA EL CURSO 2023\/2024. Finalizado el plazo de subsanaci\u00f3n y reclamaci\u00f3n en los estudios de doctorado, se hacen p\u00fablicos los resultados definitivos de admisi\u00f3n en los diferentes programas de doctorado. Los resultados [&hellip;]\" \/>\n<meta property=\"og:url\" content=\"https:\/\/ed.umh.es\/acceso\/listado-definitivo-de-admitidos-as-en-programas-de-doctorado-curso-2023-2024\/\" \/>\n<meta property=\"og:site_name\" content=\"Escuela de doctorado UMH\" \/>\n<meta property=\"article:modified_time\" content=\"2026-03-03T10:58:36+00:00\" \/>\n<meta property=\"og:image\" content=\"https:\/\/estudios.umh.es\/files\/2021\/11\/abre%E2%80%90en%E2%80%90nuevaventana.%20png\" \/>\n<meta name=\"twitter:card\" content=\"summary_large_image\" \/>\n<meta name=\"twitter:label1\" content=\"Est. reading time\" \/>\n\t<meta name=\"twitter:data1\" content=\"3 minuts\" \/>\n<script type=\"application\/ld+json\" class=\"yoast-schema-graph\">{\"@context\":\"https:\/\/schema.org\",\"@graph\":[{\"@type\":\"WebSite\",\"@id\":\"https:\/\/ed.umh.es\/#website\",\"url\":\"https:\/\/ed.umh.es\/\",\"name\":\"Escuela de doctorado UMH\",\"description\":\"Escuela de doctorado UMH\",\"potentialAction\":[{\"@type\":\"SearchAction\",\"target\":{\"@type\":\"EntryPoint\",\"urlTemplate\":\"https:\/\/ed.umh.es\/?s={search_term_string}\"},\"query-input\":\"required name=search_term_string\"}],\"inLanguage\":\"ca\"},{\"@type\":\"ImageObject\",\"@id\":\"https:\/\/ed.umh.es\/acceso\/listado-definitivo-de-admitidos-as-en-programas-de-doctorado-curso-2023-2024\/#primaryimage\",\"inLanguage\":\"ca\",\"url\":\"https:\/\/estudios.umh.es\/files\/2021\/11\/abre%E2%80%90en%E2%80%90nuevaventana.%20png\",\"contentUrl\":\"https:\/\/estudios.umh.es\/files\/2021\/11\/abre%E2%80%90en%E2%80%90nuevaventana.%20png\"},{\"@type\":\"WebPage\",\"@id\":\"https:\/\/ed.umh.es\/acceso\/listado-definitivo-de-admitidos-as-en-programas-de-doctorado-curso-2023-2024\/#webpage\",\"url\":\"https:\/\/ed.umh.es\/acceso\/listado-definitivo-de-admitidos-as-en-programas-de-doctorado-curso-2023-2024\/\",\"name\":\"Listado DEFINITIVO de admitidos\/as en programas de doctorado curso 2023\/2024 - Escuela de doctorado UMH\",\"isPartOf\":{\"@id\":\"https:\/\/ed.umh.es\/#website\"},\"primaryImageOfPage\":{\"@id\":\"https:\/\/ed.umh.es\/acceso\/listado-definitivo-de-admitidos-as-en-programas-de-doctorado-curso-2023-2024\/#primaryimage\"},\"datePublished\":\"2024-02-28T11:38:35+00:00\",\"dateModified\":\"2026-03-03T10:58:36+00:00\",\"breadcrumb\":{\"@id\":\"https:\/\/ed.umh.es\/acceso\/listado-definitivo-de-admitidos-as-en-programas-de-doctorado-curso-2023-2024\/#breadcrumb\"},\"inLanguage\":\"ca\",\"potentialAction\":[{\"@type\":\"ReadAction\",\"target\":[\"https:\/\/ed.umh.es\/acceso\/listado-definitivo-de-admitidos-as-en-programas-de-doctorado-curso-2023-2024\/\"]}]},{\"@type\":\"BreadcrumbList\",\"@id\":\"https:\/\/ed.umh.es\/acceso\/listado-definitivo-de-admitidos-as-en-programas-de-doctorado-curso-2023-2024\/#breadcrumb\",\"itemListElement\":[{\"@type\":\"ListItem\",\"position\":1,\"name\":\"Portada\",\"item\":\"https:\/\/ed.umh.es\/\"},{\"@type\":\"ListItem\",\"position\":2,\"name\":\"ACCESO\",\"item\":\"https:\/\/ed.umh.es\/acceso\/\"},{\"@type\":\"ListItem\",\"position\":3,\"name\":\"Listado DEFINITIVO de admitidos\/as en programas de doctorado\"}]}]}<\/script>\n<!-- \/ Yoast SEO plugin. -->","yoast_head_json":{"robots":{"index":"index","follow":"follow","max-snippet":"max-snippet:-1","max-image-preview":"max-image-preview:large","max-video-preview":"max-video-preview:-1"},"canonical":"https:\/\/ed.umh.es\/ca\/acceso\/listado-definitivo-de-admitidos-as-en-programas-de-doctorado-curso-2023-2024\/","og_locale":"ca_ES","og_type":"article","og_title":"Listado DEFINITIVO de admitidos\/as en programas de doctorado curso 2023\/2024 - Escuela de doctorado UMH","og_description":"PUBLICACI\u00d3N RESULTADOS DEFINITIVOS DE ADMISI\u00d3N DE 31 DE OCTUBRE DE 2023, CORRESPONDIENTE LOS PROGRAMAS DE DOCTORADO DE LA UNIVERSIDAD MIGUEL HERN\u00c1NDEZ DE ELCHE, PARA EL CURSO 2023\/2024. Finalizado el plazo de subsanaci\u00f3n y reclamaci\u00f3n en los estudios de doctorado, se hacen p\u00fablicos los resultados definitivos de admisi\u00f3n en los diferentes programas de doctorado. Los resultados [&hellip;]","og_url":"https:\/\/ed.umh.es\/acceso\/listado-definitivo-de-admitidos-as-en-programas-de-doctorado-curso-2023-2024\/","og_site_name":"Escuela de doctorado UMH","article_modified_time":"2026-03-03T10:58:36+00:00","og_image":[{"url":"https:\/\/estudios.umh.es\/files\/2021\/11\/abre%E2%80%90en%E2%80%90nuevaventana.%20png"}],"twitter_card":"summary_large_image","twitter_misc":{"Est. reading time":"3 minuts"},"schema":{"@context":"https:\/\/schema.org","@graph":[{"@type":"WebSite","@id":"https:\/\/ed.umh.es\/#website","url":"https:\/\/ed.umh.es\/","name":"Escuela de doctorado UMH","description":"Escuela de doctorado UMH","potentialAction":[{"@type":"SearchAction","target":{"@type":"EntryPoint","urlTemplate":"https:\/\/ed.umh.es\/?s={search_term_string}"},"query-input":"required name=search_term_string"}],"inLanguage":"ca"},{"@type":"ImageObject","@id":"https:\/\/ed.umh.es\/acceso\/listado-definitivo-de-admitidos-as-en-programas-de-doctorado-curso-2023-2024\/#primaryimage","inLanguage":"ca","url":"https:\/\/estudios.umh.es\/files\/2021\/11\/abre%E2%80%90en%E2%80%90nuevaventana.%20png","contentUrl":"https:\/\/estudios.umh.es\/files\/2021\/11\/abre%E2%80%90en%E2%80%90nuevaventana.%20png"},{"@type":"WebPage","@id":"https:\/\/ed.umh.es\/acceso\/listado-definitivo-de-admitidos-as-en-programas-de-doctorado-curso-2023-2024\/#webpage","url":"https:\/\/ed.umh.es\/acceso\/listado-definitivo-de-admitidos-as-en-programas-de-doctorado-curso-2023-2024\/","name":"Listado DEFINITIVO de admitidos\/as en programas de doctorado curso 2023\/2024 - Escuela de doctorado UMH","isPartOf":{"@id":"https:\/\/ed.umh.es\/#website"},"primaryImageOfPage":{"@id":"https:\/\/ed.umh.es\/acceso\/listado-definitivo-de-admitidos-as-en-programas-de-doctorado-curso-2023-2024\/#primaryimage"},"datePublished":"2024-02-28T11:38:35+00:00","dateModified":"2026-03-03T10:58:36+00:00","breadcrumb":{"@id":"https:\/\/ed.umh.es\/acceso\/listado-definitivo-de-admitidos-as-en-programas-de-doctorado-curso-2023-2024\/#breadcrumb"},"inLanguage":"ca","potentialAction":[{"@type":"ReadAction","target":["https:\/\/ed.umh.es\/acceso\/listado-definitivo-de-admitidos-as-en-programas-de-doctorado-curso-2023-2024\/"]}]},{"@type":"BreadcrumbList","@id":"https:\/\/ed.umh.es\/acceso\/listado-definitivo-de-admitidos-as-en-programas-de-doctorado-curso-2023-2024\/#breadcrumb","itemListElement":[{"@type":"ListItem","position":1,"name":"Portada","item":"https:\/\/ed.umh.es\/"},{"@type":"ListItem","position":2,"name":"ACCESO","item":"https:\/\/ed.umh.es\/acceso\/"},{"@type":"ListItem","position":3,"name":"Listado DEFINITIVO de admitidos\/as en programas de doctorado"}]}]}},"_links":{"self":[{"href":"https:\/\/ed.umh.es\/ca\/wp-json\/wp\/v2\/pages\/373"}],"collection":[{"href":"https:\/\/ed.umh.es\/ca\/wp-json\/wp\/v2\/pages"}],"about":[{"href":"https:\/\/ed.umh.es\/ca\/wp-json\/wp\/v2\/types\/page"}],"author":[{"embeddable":true,"href":"https:\/\/ed.umh.es\/ca\/wp-json\/wp\/v2\/users\/3158"}],"replies":[{"embeddable":true,"href":"https:\/\/ed.umh.es\/ca\/wp-json\/wp\/v2\/comments?post=373"}],"version-history":[{"count":0,"href":"https:\/\/ed.umh.es\/ca\/wp-json\/wp\/v2\/pages\/373\/revisions"}],"up":[{"embeddable":true,"href":"https:\/\/ed.umh.es\/ca\/wp-json\/wp\/v2\/pages\/310"}],"wp:attachment":[{"href":"https:\/\/ed.umh.es\/ca\/wp-json\/wp\/v2\/media?parent=373"}],"curies":[{"name":"wp","href":"https:\/\/api.w.org\/{rel}","templated":true}]}}