{"id":379,"date":"2024-02-28T11:51:20","date_gmt":"2024-02-28T11:51:20","guid":{"rendered":"https:\/\/ed.umh.es\/?page_id=379"},"modified":"2026-03-26T14:42:39","modified_gmt":"2026-03-26T14:42:39","slug":"expedicion-de-titulos-oficiales","status":"publish","type":"page","link":"https:\/\/ed.umh.es\/ca\/tesis\/expedicion-de-titulos-oficiales\/","title":{"rendered":"Expedici\u00f3n de t\u00edtulos oficiales"},"content":{"rendered":"<p><\/p>\n<h3>Solicitud expedici\u00f3n t\u00edtulo oficial<\/h3>\n<p>El\/la estudiante solicitar\u00e1 la expedici\u00f3n del t\u00edtulo oficial de Grado, M\u00e1ster o Doctor cursado en la Universidad Miguel Hern\u00e1ndez de Elche\u00a0<strong>\u00fanica y exclusivamente<\/strong>\u00a0a trav\u00e9s de la\u00a0<a href=\"https:\/\/sede.umh.es\/procedimientos\/titulo-academico-expedicion-de-titulo-oficial\/\" target=\"_blank\" rel=\"noopener\">Sede Electr\u00f3nica de la UMH<img loading=\"lazy\" class=\"alignnone wp-image-31436 size-full\" src=\"https:\/\/estudios.umh.es\/files\/2021\/11\/abre-en-nueva-ventana.png\" alt=\"(abre en nueva ventana)\" width=\"15\" height=\"15\" \/><\/a><\/p>\n<p>Para la expedici\u00f3n de t\u00edtulos de\u00a0<strong>Grado y\u00a0<\/strong>de<strong>\u00a0M\u00e1ster\u00a0<\/strong>las solicitudes se dirigir\u00e1n al\u00a0<strong>Centro de Gesti\u00f3n de Campus correspondiente,\u00a0<\/strong>y\u00a0en los\u00a0t\u00edtulos de\u00a0<strong>Doctor<\/strong>, la solicitud se dirigir\u00e1 a la\u00a0<strong>Escuela de Doctorado.<\/strong><\/p>\n<p>Deber\u00e1 aportar la siguiente documentaci\u00f3n:<\/p>\n<ul>\n<li>Documento de identidad escaneado (DNI, NIE o pasaporte, \u2026)<\/li>\n<li>Justificante de exenci\u00f3n o deducci\u00f3n de tasas por encontrarse en alguno de los\u00a0<a href=\"https:\/\/ed.umh.es\/files\/2024\/03\/Exenciones-de-tasas-solicitud-expedicion-titulo-oficial.pdf\" target=\"_blank\" rel=\"noopener\">siguientes casos.PDF<img loading=\"lazy\" class=\"alignnone wp-image-31436 size-full\" src=\"https:\/\/estudios.umh.es\/files\/2021\/11\/abre-en-nueva-ventana.png\" alt=\"(abre en nueva ventana)\" width=\"15\" height=\"15\" \/><\/a><\/li>\n<\/ul>\n<p>Deber\u00e1 seguir todas las<a href=\"https:\/\/ed.umh.es\/files\/2024\/03\/Documento-normas-grabacion.pdf\" target=\"_blank\" rel=\"noopener\">\u00a0instrucciones.PDF<img loading=\"lazy\" class=\"alignnone wp-image-31436 size-full\" src=\"https:\/\/estudios.umh.es\/files\/2021\/11\/abre-en-nueva-ventana.png\" alt=\"(abre en nueva ventana)\" width=\"15\" height=\"15\" \/><\/a>\u00a0para completar la solicitud correctamente, y verificar los datos antes de enviarla. Toda modificaci\u00f3n que implique variaci\u00f3n de lo consignado en la solicitud, estar\u00e1 sujeta al pago de los gastos que suponga la nueva impresi\u00f3n del t\u00edtulo (duplicado)<\/p>\n<p>Recibida y revisada la solicitud, el\u00a0<strong>Centro de Gesti\u00f3n de Campus<\/strong>, o la\u00a0<strong>Escuela de Doctorado (\u00fanicamente para t\u00edtulos de Doctor)\u00a0<\/strong>facilitar\u00e1 el\u00a0recibo\u00a0correspondiente seg\u00fan el precio p\u00fablico establecido para la expedici\u00f3n del t\u00edtulo\u00a0oficial.<\/p>\n<p>Deber\u00e1 comunicar al\u00a0<strong>CEGECA o Escuela de Doctorado (en caso de t\u00edtulo de Doctor)\u00a0<\/strong>si est\u00e1 en alguna de las situaciones para la aplicaci\u00f3n del descuento o exenci\u00f3n de tasas descritas en la tabla\u00a0anterior.<\/p>\n<h3>Certificado Supletorio<\/h3>\n<p>Revisada la solicitud y abonadas las tasas correspondientes, el Centro de Gesti\u00f3n de Campus o la Escuela de Doctorado, en el caso de Doctorado, trasladar\u00e1 el expediente a la Secci\u00f3n de T\u00edtulos Oficiales de la UMH, quien lo remitir\u00e1 al Ministerio para la expedici\u00f3n del t\u00edtulo correspondiente.<\/p>\n<p>La persona interesada recibir\u00e1 un correo electr\u00f3nico con un c\u00f3digo CSV para poder acceder al Certificado Supletorio Electr\u00f3nico que tendr\u00e1 una validez de 1 a\u00f1o mientras se expide y se imprime el t\u00edtulo definitivo.<\/p>\n<h3>T\u00edtulo Definitivo<\/h3>\n<p>Recibido el t\u00edtulo definitivo en la Secci\u00f3n de T\u00edtulos Oficiales\u00a0de la UMH, se enviar\u00e1 una\u00a0notificaci\u00f3n\u00a0con la informaci\u00f3n relativa a la retirada del t\u00edtulo\u00a0al correo electr\u00f3nico facilitado\u00a0por la persona solicitante.<\/p>\n<p><a href=\"https:\/\/estudios.umh.es\/files\/2019\/03\/Captura_titulo.png\"><img loading=\"lazy\" class=\"aligncenter wp-image-8687\" src=\"https:\/\/estudios.umh.es\/files\/2019\/03\/Captura_titulo-1024x723.png\" alt=\"Modelo del t\u00edtulo expedido de estudios oficiales universitairos\" width=\"601\" height=\"424\" \/><\/a><\/p>","protected":false},"excerpt":{"rendered":"<p>Solicitud expedici\u00f3n t\u00edtulo oficial El\/la estudiante solicitar\u00e1 la expedici\u00f3n del t\u00edtulo oficial de Grado, M\u00e1ster o Doctor cursado en la Universidad Miguel Hern\u00e1ndez de Elche\u00a0\u00fanica y exclusivamente\u00a0a trav\u00e9s de la\u00a0Sede Electr\u00f3nica de la UMH Para la expedici\u00f3n de t\u00edtulos de\u00a0Grado y\u00a0de\u00a0M\u00e1ster\u00a0las solicitudes se dirigir\u00e1n al\u00a0Centro de Gesti\u00f3n de Campus correspondiente,\u00a0y\u00a0en los\u00a0t\u00edtulos de\u00a0Doctor, la solicitud se [&hellip;]<\/p>\n","protected":false},"author":3158,"featured_media":0,"parent":316,"menu_order":40,"comment_status":"closed","ping_status":"closed","template":"","meta":{"_links_to":"","_links_to_target":""},"yoast_head":"<!-- This site is optimized with the Yoast SEO plugin v17.5 - https:\/\/yoast.com\/wordpress\/plugins\/seo\/ -->\n<meta name=\"robots\" content=\"index, follow, max-snippet:-1, max-image-preview:large, max-video-preview:-1\" \/>\n<link rel=\"canonical\" href=\"https:\/\/ed.umh.es\/ca\/tesis\/expedicion-de-titulos-oficiales\/\" \/>\n<meta property=\"og:locale\" content=\"ca_ES\" \/>\n<meta property=\"og:type\" content=\"article\" \/>\n<meta property=\"og:title\" content=\"Expedici\u00f3n de t\u00edtulos oficiales - Escuela de doctorado UMH\" \/>\n<meta property=\"og:description\" content=\"Solicitud expedici\u00f3n t\u00edtulo oficial El\/la estudiante solicitar\u00e1 la expedici\u00f3n del t\u00edtulo oficial de Grado, M\u00e1ster o Doctor cursado en la Universidad Miguel Hern\u00e1ndez de Elche\u00a0\u00fanica y exclusivamente\u00a0a trav\u00e9s de la\u00a0Sede Electr\u00f3nica de la UMH Para la expedici\u00f3n de t\u00edtulos de\u00a0Grado y\u00a0de\u00a0M\u00e1ster\u00a0las solicitudes se dirigir\u00e1n al\u00a0Centro de Gesti\u00f3n de Campus correspondiente,\u00a0y\u00a0en los\u00a0t\u00edtulos de\u00a0Doctor, la solicitud se [&hellip;]\" \/>\n<meta property=\"og:url\" content=\"https:\/\/ed.umh.es\/tesis\/expedicion-de-titulos-oficiales\/\" \/>\n<meta property=\"og:site_name\" content=\"Escuela de doctorado UMH\" \/>\n<meta property=\"article:modified_time\" content=\"2026-03-26T14:42:39+00:00\" \/>\n<meta property=\"og:image\" content=\"https:\/\/estudios.umh.es\/files\/2019\/03\/Captura_titulo-1024x723.png\" \/>\n<meta name=\"twitter:card\" content=\"summary_large_image\" \/>\n<meta name=\"twitter:label1\" content=\"Est. reading time\" \/>\n\t<meta name=\"twitter:data1\" content=\"2 minuts\" \/>\n<script type=\"application\/ld+json\" class=\"yoast-schema-graph\">{\"@context\":\"https:\/\/schema.org\",\"@graph\":[{\"@type\":\"WebSite\",\"@id\":\"https:\/\/ed.umh.es\/#website\",\"url\":\"https:\/\/ed.umh.es\/\",\"name\":\"Escuela de doctorado UMH\",\"description\":\"Escuela de doctorado UMH\",\"potentialAction\":[{\"@type\":\"SearchAction\",\"target\":{\"@type\":\"EntryPoint\",\"urlTemplate\":\"https:\/\/ed.umh.es\/?s={search_term_string}\"},\"query-input\":\"required name=search_term_string\"}],\"inLanguage\":\"ca\"},{\"@type\":\"ImageObject\",\"@id\":\"https:\/\/ed.umh.es\/tesis\/expedicion-de-titulos-oficiales\/#primaryimage\",\"inLanguage\":\"ca\",\"url\":\"https:\/\/estudios.umh.es\/files\/2019\/03\/Captura_titulo-1024x723.png\",\"contentUrl\":\"https:\/\/estudios.umh.es\/files\/2019\/03\/Captura_titulo-1024x723.png\"},{\"@type\":\"WebPage\",\"@id\":\"https:\/\/ed.umh.es\/tesis\/expedicion-de-titulos-oficiales\/#webpage\",\"url\":\"https:\/\/ed.umh.es\/tesis\/expedicion-de-titulos-oficiales\/\",\"name\":\"Expedici\\u00f3n de t\\u00edtulos oficiales - Escuela de doctorado UMH\",\"isPartOf\":{\"@id\":\"https:\/\/ed.umh.es\/#website\"},\"primaryImageOfPage\":{\"@id\":\"https:\/\/ed.umh.es\/tesis\/expedicion-de-titulos-oficiales\/#primaryimage\"},\"datePublished\":\"2024-02-28T11:51:20+00:00\",\"dateModified\":\"2026-03-26T14:42:39+00:00\",\"breadcrumb\":{\"@id\":\"https:\/\/ed.umh.es\/tesis\/expedicion-de-titulos-oficiales\/#breadcrumb\"},\"inLanguage\":\"ca\",\"potentialAction\":[{\"@type\":\"ReadAction\",\"target\":[\"https:\/\/ed.umh.es\/tesis\/expedicion-de-titulos-oficiales\/\"]}]},{\"@type\":\"BreadcrumbList\",\"@id\":\"https:\/\/ed.umh.es\/tesis\/expedicion-de-titulos-oficiales\/#breadcrumb\",\"itemListElement\":[{\"@type\":\"ListItem\",\"position\":1,\"name\":\"Portada\",\"item\":\"https:\/\/ed.umh.es\/\"},{\"@type\":\"ListItem\",\"position\":2,\"name\":\"TESIS\",\"item\":\"https:\/\/ed.umh.es\/tesis\/\"},{\"@type\":\"ListItem\",\"position\":3,\"name\":\"Solicitud de T\\u00edtulo de Doctor\"}]}]}<\/script>\n<!-- \/ Yoast SEO plugin. -->","yoast_head_json":{"robots":{"index":"index","follow":"follow","max-snippet":"max-snippet:-1","max-image-preview":"max-image-preview:large","max-video-preview":"max-video-preview:-1"},"canonical":"https:\/\/ed.umh.es\/ca\/tesis\/expedicion-de-titulos-oficiales\/","og_locale":"ca_ES","og_type":"article","og_title":"Expedici\u00f3n de t\u00edtulos oficiales - Escuela de doctorado UMH","og_description":"Solicitud expedici\u00f3n t\u00edtulo oficial El\/la estudiante solicitar\u00e1 la expedici\u00f3n del t\u00edtulo oficial de Grado, M\u00e1ster o Doctor cursado en la Universidad Miguel Hern\u00e1ndez de Elche\u00a0\u00fanica y exclusivamente\u00a0a trav\u00e9s de la\u00a0Sede Electr\u00f3nica de la UMH Para la expedici\u00f3n de t\u00edtulos de\u00a0Grado y\u00a0de\u00a0M\u00e1ster\u00a0las solicitudes se dirigir\u00e1n al\u00a0Centro de Gesti\u00f3n de Campus correspondiente,\u00a0y\u00a0en los\u00a0t\u00edtulos de\u00a0Doctor, la solicitud se [&hellip;]","og_url":"https:\/\/ed.umh.es\/tesis\/expedicion-de-titulos-oficiales\/","og_site_name":"Escuela de doctorado UMH","article_modified_time":"2026-03-26T14:42:39+00:00","og_image":[{"url":"https:\/\/estudios.umh.es\/files\/2019\/03\/Captura_titulo-1024x723.png"}],"twitter_card":"summary_large_image","twitter_misc":{"Est. reading time":"2 minuts"},"schema":{"@context":"https:\/\/schema.org","@graph":[{"@type":"WebSite","@id":"https:\/\/ed.umh.es\/#website","url":"https:\/\/ed.umh.es\/","name":"Escuela de doctorado UMH","description":"Escuela de doctorado UMH","potentialAction":[{"@type":"SearchAction","target":{"@type":"EntryPoint","urlTemplate":"https:\/\/ed.umh.es\/?s={search_term_string}"},"query-input":"required name=search_term_string"}],"inLanguage":"ca"},{"@type":"ImageObject","@id":"https:\/\/ed.umh.es\/tesis\/expedicion-de-titulos-oficiales\/#primaryimage","inLanguage":"ca","url":"https:\/\/estudios.umh.es\/files\/2019\/03\/Captura_titulo-1024x723.png","contentUrl":"https:\/\/estudios.umh.es\/files\/2019\/03\/Captura_titulo-1024x723.png"},{"@type":"WebPage","@id":"https:\/\/ed.umh.es\/tesis\/expedicion-de-titulos-oficiales\/#webpage","url":"https:\/\/ed.umh.es\/tesis\/expedicion-de-titulos-oficiales\/","name":"Expedici\u00f3n de t\u00edtulos oficiales - Escuela de doctorado UMH","isPartOf":{"@id":"https:\/\/ed.umh.es\/#website"},"primaryImageOfPage":{"@id":"https:\/\/ed.umh.es\/tesis\/expedicion-de-titulos-oficiales\/#primaryimage"},"datePublished":"2024-02-28T11:51:20+00:00","dateModified":"2026-03-26T14:42:39+00:00","breadcrumb":{"@id":"https:\/\/ed.umh.es\/tesis\/expedicion-de-titulos-oficiales\/#breadcrumb"},"inLanguage":"ca","potentialAction":[{"@type":"ReadAction","target":["https:\/\/ed.umh.es\/tesis\/expedicion-de-titulos-oficiales\/"]}]},{"@type":"BreadcrumbList","@id":"https:\/\/ed.umh.es\/tesis\/expedicion-de-titulos-oficiales\/#breadcrumb","itemListElement":[{"@type":"ListItem","position":1,"name":"Portada","item":"https:\/\/ed.umh.es\/"},{"@type":"ListItem","position":2,"name":"TESIS","item":"https:\/\/ed.umh.es\/tesis\/"},{"@type":"ListItem","position":3,"name":"Solicitud de T\u00edtulo de Doctor"}]}]}},"_links":{"self":[{"href":"https:\/\/ed.umh.es\/ca\/wp-json\/wp\/v2\/pages\/379"}],"collection":[{"href":"https:\/\/ed.umh.es\/ca\/wp-json\/wp\/v2\/pages"}],"about":[{"href":"https:\/\/ed.umh.es\/ca\/wp-json\/wp\/v2\/types\/page"}],"author":[{"embeddable":true,"href":"https:\/\/ed.umh.es\/ca\/wp-json\/wp\/v2\/users\/3158"}],"replies":[{"embeddable":true,"href":"https:\/\/ed.umh.es\/ca\/wp-json\/wp\/v2\/comments?post=379"}],"version-history":[{"count":0,"href":"https:\/\/ed.umh.es\/ca\/wp-json\/wp\/v2\/pages\/379\/revisions"}],"up":[{"embeddable":true,"href":"https:\/\/ed.umh.es\/ca\/wp-json\/wp\/v2\/pages\/316"}],"wp:attachment":[{"href":"https:\/\/ed.umh.es\/ca\/wp-json\/wp\/v2\/media?parent=379"}],"curies":[{"name":"wp","href":"https:\/\/api.w.org\/{rel}","templated":true}]}}