{"id":385,"date":"2024-02-28T11:54:02","date_gmt":"2024-02-28T11:54:02","guid":{"rendered":"https:\/\/ed.umh.es\/?page_id=385"},"modified":"2026-02-18T12:51:55","modified_gmt":"2026-02-18T12:51:55","slug":"homologacion-de-titulos-de-doctorado","status":"publish","type":"page","link":"https:\/\/ed.umh.es\/ca\/estudiantes\/homologacion-de-titulos-de-doctorado\/","title":{"rendered":"Homologaci\u00f3n de t\u00edtulos de doctorado"},"content":{"rendered":"<h3>Procedimiento para la declaraci\u00f3n de equivalencia a titulaci\u00f3n y a nivel acad\u00e9mico universitario de Doctor\/a.<\/h3>\n<p>De conformidad con el\u00a0 Real Decreto 889\/2022, de 18 de octubre por el que se establecen las condiciones y los procedimientos de homologaci\u00f3n, de declaraci\u00f3n de equivalencia y de convalidaci\u00f3n de ense\u00f1anzas universitarias de sistemas educativos extranjeros y por el que se regula el procedimiento para establecer la correspondencia\u00a0 al nivel del Marco Espa\u00f1ol de Cualificaciones para la Educaci\u00f3n Superior de los t\u00edtulos universitarios oficiales pertenecientes a ordenaciones acad\u00e9micas anteriores. Por lo tanto, se establece el siguiente procedimiento de declaraci\u00f3n de equivalencia a nivel acad\u00e9mico de Doctor\/a por la Universidad Miguel Hern\u00e1ndez de Elche.<\/p>\n<h3>Procedimiento<\/h3>\n<p>Con este procedimiento se regula la declaraci\u00f3n de equivalencia, de t\u00edtulos extranjeros de educaci\u00f3n superior, a nivel acad\u00e9mico del actual t\u00edtulo y grado de Doctor\/a.<\/p>\n<ul>\n<li>Solicitud. El procedimiento se iniciar\u00e1 mediante solicitud del interesado\/a, dirigida al Servicio de Gesti\u00f3n de Estudios, acompa\u00f1ada de los siguientes documentos:\n<ul>\n<li>Certificaci\u00f3n acreditativa de la nacionalidad del solicitante (fotocopia del DNI o pasaporte).<\/li>\n<li>Original y copia para su cotejo o copia compulsada del t\u00edtulo de doctor cuya homologaci\u00f3n se solicita o de la certificaci\u00f3n acreditativa de su expedici\u00f3n.<\/li>\n<li>Original y copia para su cotejo o copia compulsada de la certificaci\u00f3n acad\u00e9mica de los estudios realizados por el solicitante para la obtenci\u00f3n del t\u00edtulo de doctor, en la que consten, entre otros extremos, la duraci\u00f3n oficial, en a\u00f1os acad\u00e9micos, del programa de estudios seguido, las asignaturas cursadas, la carga horaria de cada una de ellas y sus calificaciones.<\/li>\n<li>Memoria explicativa de la tesis realizada, redactada en castellano, con indicaci\u00f3n de los miembros del jurado y calificaci\u00f3n, as\u00ed como un ejemplar de \u00e9sta en soporte electr\u00f3nico.<\/li>\n<li>Justificaci\u00f3n del abono de las tasas correspondientes.<\/li>\n<\/ul>\n<\/li>\n<li>Requisitos de los documentos. Los documentos expedidos en el extranjero deber\u00e1n ajustarse a los requisitos siguientes:\n<ul>\n<li>Deber\u00e1n ser oficiales y estar expedidos por las autoridades competentes para ello, de acuerdo con el ordenamiento jur\u00eddico del pa\u00eds de que se trate.<\/li>\n<li>Deber\u00e1n presentarse legalizados por v\u00eda diplom\u00e1tica o, en su caso, mediante la apostilla del Convenio de La Haya. Este requisito no se exigir\u00e1 a los documentos expedidos por las autoridades de los Estados miembros de la Uni\u00f3n Europea o signatarios del Acuerdo sobre el Espacio Econ\u00f3mico Europeo.<\/li>\n<li>Deber\u00e1n ir acompa\u00f1ados, en su caso, de su correspondiente traducci\u00f3n oficial al castellano. No ser\u00e1 necesario incluir traducci\u00f3n oficial del\u00a0 ejemplar de la tesis doctoral, ni de los documentos complementarios que requiera la Comisi\u00f3n de Doctorado.<\/li>\n<\/ul>\n<\/li>\n<\/ul>\n<h3>Tasas<\/h3>\n<p>Las tasas que tengan que abonar los interesados ser\u00e1n publicadas por la Generalitat Valenciana para cada curso acad\u00e9mico.<\/p>\n<h3>Tramitaci\u00f3n y resoluci\u00f3n<\/h3>\n<ul>\n<li>La resoluci\u00f3n se adoptar\u00e1 motivadamente por el Rector de la Universidad, previo informe de la Comisi\u00f3n de Estudios de Doctorado. La resoluci\u00f3n podr\u00e1 ser favorable o desfavorable a la solicitud de equivalencia.<\/li>\n<li>Para la valoraci\u00f3n de la tesis doctoral se podr\u00e1 requerir, informe de dos expertos, designados por la Comisi\u00f3n de Estudios de Doctorado, del \u00e1mbito de conocimiento correspondiente, preferentemente de la Universidad o si no lo hay, de dos especialistas externos.<\/li>\n<li>El informe de la Comisi\u00f3n de Estudios de Doctorado previo a la resoluci\u00f3n contendr\u00e1 los siguientes extremos:\n<ul>\n<li>Valoraci\u00f3n del nivel de los estudios realizados para la obtenci\u00f3n del t\u00edtulo de doctor requerido.<\/li>\n<li>Valoraci\u00f3n de la tesis doctoral.<\/li>\n<\/ul>\n<\/li>\n<li>La Comisi\u00f3n de Doctorado podr\u00e1 instar al Vicerrector para que solicite documentaci\u00f3n complementaria cuando lo considere necesario.<\/li>\n<li>En caso de duda sobre la autenticidad, validez o contenido de los\u00a0 documentos\u00a0 aportados, la Comisi\u00f3n de Estudios Doctorado podr\u00e1 efectuar las diligencias necesarias para su comprobaci\u00f3n, as\u00ed como dirigirse a la autoridad competente expedidora de los mismos para validar los extremos dudosos.<\/li>\n<li>La resoluci\u00f3n se adoptar\u00e1, en todo caso, de acuerdo con los criterios y causas de exclusi\u00f3n establecidas en la Disposici\u00f3n adicional quinta del Real Decreto 967\/2014, de 22 de noviembre y al amparo de la cual se desarrolla el presente procedimiento.<\/li>\n<\/ul>\n<h3>Plazos<\/h3>\n<p>El plazo para resolver y notificar la resoluci\u00f3n del procedimiento ser\u00e1 de seis meses, a contar desde la fecha en que la solicitud y la documentaci\u00f3n requerida haya tenido entrada en el Registro General de la UMH.<\/p>\n<p>Seg\u00fan se establece en la disposici\u00f3n adicional vig\u00e9simo novena de la Ley 14\/2000, de\u00a0 29 de diciembre, de Medidas Fiscales, Administrativas y del Orden Social, y en su\u00a0 anexo 2, la falta de resoluci\u00f3n expresa en el plazo se\u00f1alado permitir\u00e1 entender desestimada la solicitud de equivalencia.<\/p>\n<h3>Expedici\u00f3n de la credencial<\/h3>\n<ul>\n<li>La resoluci\u00f3n se adoptar\u00e1 motivadamente por el Rector Magn\u00edfico de la Universidad Miguel Hern\u00e1ndez de Elche, previo informe razonado del \u00f3rgano competente en materia de estudios de posgrado La resoluci\u00f3n podr\u00e1 ser favorable o desfavorable a la declaraci\u00f3n de equivalencia solicitada.<\/li>\n<li>La concesi\u00f3n de la declaraci\u00f3n de equivalencia se acreditar\u00e1 mediante la oportuna credencial expedida por el Rector Magn\u00edfico de la Universidad Miguel Hern\u00e1ndez de Elche. Con car\u00e1cter previo a su expedici\u00f3n, la universidad lo comunicar\u00e1 a la Subdirecci\u00f3n General de T\u00edtulos y Reconocimiento de Cualificaciones del Ministerio de Educaci\u00f3n, a los efectos de su inscripci\u00f3n en la secci\u00f3n especial del Registro nacional de t\u00edtulos.<\/li>\n<li>No podr\u00e1 solicitarse la declaraci\u00f3n de equivalencia de manera simult\u00e1nea en m\u00e1s de una universidad. El t\u00edtulo extranjero que hubiera sido ya declarado equivalente no podr\u00e1 ser sometido a nuevo tr\u00e1mite de declaraci\u00f3n de equivalencia en otra universidad. No obstante, cuando la declaraci\u00f3n de equivalencia sea denegada, el interesado podr\u00e1 iniciar un nuevo expediente en una universidad espa\u00f1ola distinta.<\/li>\n<li>La declaraci\u00f3n de equivalencia al t\u00edtulo de Posgrado no implicar\u00e1, en ning\u00fan caso, la declaraci\u00f3n de equivalencia o reconocimiento del t\u00edtulo extranjero de Grado o nivel acad\u00e9mico equivalente del que est\u00e9 en posesi\u00f3n el interesado.<\/li>\n<\/ul>\n<h3>Retirada de la credencial<\/h3>\n<p>Expedida la Credencial, la persona interesada recibir\u00e1 en su domicilio la notificaci\u00f3n de la disponibilidad de su Credencial en el Servicio de Gesti\u00f3n de Estudios.<\/p>\n<p>La Credencial podr\u00e1 ser retirada por:<\/p>\n<ul>\n<li>La persona interesada, que se debe identificar mediante su DNI original o pasaporte.<\/li>\n<li>Cualquier persona en quien delegue, siempre que est\u00e9 autorizada mediante un poder notarial. Debe presentar adem\u00e1s una fotocopia del DNI o pasaporte del solicitante.<\/li>\n<\/ul>\n","protected":false},"excerpt":{"rendered":"<p>Procedimiento para la declaraci\u00f3n de equivalencia a titulaci\u00f3n y a nivel acad\u00e9mico universitario de Doctor\/a. De conformidad con el\u00a0 Real Decreto 889\/2022, de 18 de octubre por el que se establecen las condiciones y los procedimientos de homologaci\u00f3n, de declaraci\u00f3n de equivalencia y de convalidaci\u00f3n de ense\u00f1anzas universitarias de sistemas educativos extranjeros y por el [&hellip;]<\/p>\n","protected":false},"author":3158,"featured_media":0,"parent":1795,"menu_order":40,"comment_status":"closed","ping_status":"closed","template":"","meta":{"_links_to":"","_links_to_target":""},"yoast_head":"<!-- This site is optimized with the Yoast SEO plugin v17.5 - https:\/\/yoast.com\/wordpress\/plugins\/seo\/ -->\n<meta name=\"robots\" content=\"index, follow, max-snippet:-1, max-image-preview:large, max-video-preview:-1\" \/>\n<link rel=\"canonical\" href=\"https:\/\/ed.umh.es\/ca\/estudiantes\/homologacion-de-titulos-de-doctorado\/\" \/>\n<meta property=\"og:locale\" content=\"ca_ES\" \/>\n<meta property=\"og:type\" content=\"article\" \/>\n<meta property=\"og:title\" content=\"Homologaci\u00f3n de t\u00edtulos de doctorado - Escuela de doctorado UMH\" \/>\n<meta property=\"og:description\" content=\"Procedimiento para la declaraci\u00f3n de equivalencia a titulaci\u00f3n y a nivel acad\u00e9mico universitario de Doctor\/a. De conformidad con el\u00a0 Real Decreto 889\/2022, de 18 de octubre por el que se establecen las condiciones y los procedimientos de homologaci\u00f3n, de declaraci\u00f3n de equivalencia y de convalidaci\u00f3n de ense\u00f1anzas universitarias de sistemas educativos extranjeros y por el [&hellip;]\" \/>\n<meta property=\"og:url\" content=\"https:\/\/ed.umh.es\/estudiantes\/homologacion-de-titulos-de-doctorado\/\" \/>\n<meta property=\"og:site_name\" content=\"Escuela de doctorado UMH\" \/>\n<meta property=\"article:modified_time\" content=\"2026-02-18T12:51:55+00:00\" \/>\n<meta name=\"twitter:card\" content=\"summary_large_image\" \/>\n<meta name=\"twitter:label1\" content=\"Est. reading time\" \/>\n\t<meta name=\"twitter:data1\" content=\"6 minuts\" \/>\n<script type=\"application\/ld+json\" class=\"yoast-schema-graph\">{\"@context\":\"https:\/\/schema.org\",\"@graph\":[{\"@type\":\"WebSite\",\"@id\":\"https:\/\/ed.umh.es\/#website\",\"url\":\"https:\/\/ed.umh.es\/\",\"name\":\"Escuela de doctorado UMH\",\"description\":\"Escuela de doctorado UMH\",\"potentialAction\":[{\"@type\":\"SearchAction\",\"target\":{\"@type\":\"EntryPoint\",\"urlTemplate\":\"https:\/\/ed.umh.es\/?s={search_term_string}\"},\"query-input\":\"required name=search_term_string\"}],\"inLanguage\":\"ca\"},{\"@type\":\"WebPage\",\"@id\":\"https:\/\/ed.umh.es\/estudiantes\/homologacion-de-titulos-de-doctorado\/#webpage\",\"url\":\"https:\/\/ed.umh.es\/estudiantes\/homologacion-de-titulos-de-doctorado\/\",\"name\":\"Homologaci\\u00f3n de t\\u00edtulos de doctorado - Escuela de doctorado UMH\",\"isPartOf\":{\"@id\":\"https:\/\/ed.umh.es\/#website\"},\"datePublished\":\"2024-02-28T11:54:02+00:00\",\"dateModified\":\"2026-02-18T12:51:55+00:00\",\"breadcrumb\":{\"@id\":\"https:\/\/ed.umh.es\/estudiantes\/homologacion-de-titulos-de-doctorado\/#breadcrumb\"},\"inLanguage\":\"ca\",\"potentialAction\":[{\"@type\":\"ReadAction\",\"target\":[\"https:\/\/ed.umh.es\/estudiantes\/homologacion-de-titulos-de-doctorado\/\"]}]},{\"@type\":\"BreadcrumbList\",\"@id\":\"https:\/\/ed.umh.es\/estudiantes\/homologacion-de-titulos-de-doctorado\/#breadcrumb\",\"itemListElement\":[{\"@type\":\"ListItem\",\"position\":1,\"name\":\"Portada\",\"item\":\"https:\/\/ed.umh.es\/\"},{\"@type\":\"ListItem\",\"position\":2,\"name\":\"ESTUDIANTES\",\"item\":\"https:\/\/ed.umh.es\/estudiantes\/\"},{\"@type\":\"ListItem\",\"position\":3,\"name\":\"Equivalencia de t\\u00edtulo extranjero\"}]}]}<\/script>\n<!-- \/ Yoast SEO plugin. -->","yoast_head_json":{"robots":{"index":"index","follow":"follow","max-snippet":"max-snippet:-1","max-image-preview":"max-image-preview:large","max-video-preview":"max-video-preview:-1"},"canonical":"https:\/\/ed.umh.es\/ca\/estudiantes\/homologacion-de-titulos-de-doctorado\/","og_locale":"ca_ES","og_type":"article","og_title":"Homologaci\u00f3n de t\u00edtulos de doctorado - Escuela de doctorado UMH","og_description":"Procedimiento para la declaraci\u00f3n de equivalencia a titulaci\u00f3n y a nivel acad\u00e9mico universitario de Doctor\/a. De conformidad con el\u00a0 Real Decreto 889\/2022, de 18 de octubre por el que se establecen las condiciones y los procedimientos de homologaci\u00f3n, de declaraci\u00f3n de equivalencia y de convalidaci\u00f3n de ense\u00f1anzas universitarias de sistemas educativos extranjeros y por el [&hellip;]","og_url":"https:\/\/ed.umh.es\/estudiantes\/homologacion-de-titulos-de-doctorado\/","og_site_name":"Escuela de doctorado UMH","article_modified_time":"2026-02-18T12:51:55+00:00","twitter_card":"summary_large_image","twitter_misc":{"Est. reading time":"6 minuts"},"schema":{"@context":"https:\/\/schema.org","@graph":[{"@type":"WebSite","@id":"https:\/\/ed.umh.es\/#website","url":"https:\/\/ed.umh.es\/","name":"Escuela de doctorado UMH","description":"Escuela de doctorado UMH","potentialAction":[{"@type":"SearchAction","target":{"@type":"EntryPoint","urlTemplate":"https:\/\/ed.umh.es\/?s={search_term_string}"},"query-input":"required name=search_term_string"}],"inLanguage":"ca"},{"@type":"WebPage","@id":"https:\/\/ed.umh.es\/estudiantes\/homologacion-de-titulos-de-doctorado\/#webpage","url":"https:\/\/ed.umh.es\/estudiantes\/homologacion-de-titulos-de-doctorado\/","name":"Homologaci\u00f3n de t\u00edtulos de doctorado - Escuela de doctorado UMH","isPartOf":{"@id":"https:\/\/ed.umh.es\/#website"},"datePublished":"2024-02-28T11:54:02+00:00","dateModified":"2026-02-18T12:51:55+00:00","breadcrumb":{"@id":"https:\/\/ed.umh.es\/estudiantes\/homologacion-de-titulos-de-doctorado\/#breadcrumb"},"inLanguage":"ca","potentialAction":[{"@type":"ReadAction","target":["https:\/\/ed.umh.es\/estudiantes\/homologacion-de-titulos-de-doctorado\/"]}]},{"@type":"BreadcrumbList","@id":"https:\/\/ed.umh.es\/estudiantes\/homologacion-de-titulos-de-doctorado\/#breadcrumb","itemListElement":[{"@type":"ListItem","position":1,"name":"Portada","item":"https:\/\/ed.umh.es\/"},{"@type":"ListItem","position":2,"name":"ESTUDIANTES","item":"https:\/\/ed.umh.es\/estudiantes\/"},{"@type":"ListItem","position":3,"name":"Equivalencia de t\u00edtulo extranjero"}]}]}},"_links":{"self":[{"href":"https:\/\/ed.umh.es\/ca\/wp-json\/wp\/v2\/pages\/385"}],"collection":[{"href":"https:\/\/ed.umh.es\/ca\/wp-json\/wp\/v2\/pages"}],"about":[{"href":"https:\/\/ed.umh.es\/ca\/wp-json\/wp\/v2\/types\/page"}],"author":[{"embeddable":true,"href":"https:\/\/ed.umh.es\/ca\/wp-json\/wp\/v2\/users\/3158"}],"replies":[{"embeddable":true,"href":"https:\/\/ed.umh.es\/ca\/wp-json\/wp\/v2\/comments?post=385"}],"version-history":[{"count":0,"href":"https:\/\/ed.umh.es\/ca\/wp-json\/wp\/v2\/pages\/385\/revisions"}],"up":[{"embeddable":true,"href":"https:\/\/ed.umh.es\/ca\/wp-json\/wp\/v2\/pages\/1795"}],"wp:attachment":[{"href":"https:\/\/ed.umh.es\/ca\/wp-json\/wp\/v2\/media?parent=385"}],"curies":[{"name":"wp","href":"https:\/\/api.w.org\/{rel}","templated":true}]}}