{"id":69,"date":"2023-03-03T10:28:20","date_gmt":"2023-03-03T10:28:20","guid":{"rendered":"https:\/\/ed.umh.es\/preinscripcion\/"},"modified":"2026-03-26T17:25:22","modified_gmt":"2026-03-26T17:25:22","slug":"preinscripcion","status":"publish","type":"page","link":"https:\/\/ed.umh.es\/ca\/acceso\/preinscripcion\/","title":{"rendered":"Preinscripci\u00f3"},"content":{"rendered":"<p><\/p>\n<h3>Quins s\u00f3n els terminis de preinscripci\u00f3 i matr\u00edcula en els programes de doctorat per al curs 2024\/2025?<\/h3>\n<ul>\n<li>Preinscripci\u00f3: del 19 de juliol al 13 de setembre<\/li>\n<li>Publicaci\u00f3 de resultats provisionals: 14 d\u2019octubre<\/li>\n<li>Reclamacions o subsanacions: del 14 al 21 d\u2019octubre<\/li>\n<li>Publicaci\u00f3 de resultats definitius: 29 d\u2019octubre<\/li>\n<li>Matr\u00edcula: del 29 d\u2019octubre a l\u20191 de novembre<\/li>\n<\/ul>\n<p><strong>Termini extraordinari de preinscripci\u00f3:\u00a0<\/strong><\/p>\n<p>S&#8217;obre un termini extraordinari de preinscripci\u00f3 per als programes de doctorat que no han cobert l\u2019oferta de places.<\/p>\n<ul>\n<li><a href=\"https:\/\/universite.umh.es\/preins_postgrado\/doctorado\/listado\" target=\"_blank\" rel=\"noopener\">Podeu realitzar la preinscripci\u00f3 mitjan\u00e7ant aquest formulari.<\/a><a href=\"https:\/\/universite.umh.es\/preins_postgrado\/doctorado\/listado\" target=\"_blank\" rel=\"noopener\"><img loading=\"lazy\" class=\"alignnone wp-image-31436 size-full\" src=\"https:\/\/estudios.umh.es\/files\/2021\/11\/abre-en-nueva-ventana.png\" alt=\"(abre en nueva ventana)\" width=\"15\" height=\"15\" \/><\/a><\/li>\n<\/ul>\n<div>El procediment per a aquest termini extraordinari ser\u00e0 el seg\u00fcent:<\/div>\n<div>\n<ul>\n<li>Un cop rebuda la preinscripci\u00f3, es comprovar\u00e0 la documentaci\u00f3 per veure si compleix els requisits d&#8217;acc\u00e9s.<\/li>\n<li>Si compleix aquests requisits, la preinscripci\u00f3 es remetr\u00e0 al Programa de Doctorat per a una possible admissi\u00f3.<\/li>\n<li>Si s\u2019accepta, s\u2019enviar\u00e0 una cita de matr\u00edcula.<\/li>\n<li>Si no s\u2019accepta, s\u2019informar\u00e0 a l\u2019estudiantat.<\/li>\n<\/ul>\n<p>El termini extraordinari de preinscripci\u00f3 romandr\u00e0 obert fins a la finalitzaci\u00f3 del termini establert en l\u2019aplicaci\u00f3 de preinscripci\u00f3 o fins que no hi hagi places vacants.<\/p>\n<\/div>\n<h3>Quina documentaci\u00f3 he d\u2019adjuntar a la sol\u00b7licitud de preinscripci\u00f3 en els programes de doctorat?<\/h3>\n<p>La documentaci\u00f3 que s&#8217;ha d&#8217;uploadar a la secci\u00f3 &#8220;Adjuntar documentaci\u00f3&#8221; del formulari de preinscripci\u00f3 \u00e9s la seg\u00fcent:<\/p>\n<ul>\n<li>Documentaci\u00f3 obligat\u00f2ria COM\u00da per a tots els estudiants:\n<ul>\n<li>DNI (per ambdues cares), NIE (residents a Espanya) o Passaport (estrangers). L\u2019estudiantat que accedeixi amb titulacions de la UMH no necessita presentar aquest document.<\/li>\n<li>Curr\u00edculum normalitzat.<\/li>\n<\/ul>\n<\/li>\n<li>Documentaci\u00f3 obligat\u00f2ria COMPLEMENT\u00c0RIA segons el mode d\u2019acc\u00e9s al programa de doctorat:\n<ol>\n<li>Per a l&#8217;estudiantat amb t\u00edtols oficials espanyols de Grau i M\u00e0ster universitari (o equivalents), que hagi superat almenys 300 cr\u00e8dits ECTS en aquests dos programes: (El estudiantado que acceda con titulaciones de la UMH no es necesario que presente esta documentaci\u00f3n para el acceso).\n<ul>\n<li>T\u00edtol de Grau i M\u00e0ster Universitari (ambdues cares).<\/li>\n<li>Certificat acad\u00e8mic amb la mitjana. Si no es presenta aquest document, la mitjana utilitzada per a l\u2019admissi\u00f3 ser\u00e0 de 5.0 (en una escala de 0 a 10).<\/li>\n<\/ul>\n<\/li>\n<li>Per a l\u2019estudiantat amb t\u00edtols oficials espanyols universitaris o equivalents que hagi superat almenys 300 cr\u00e8dits ECTS i acrediti un nivell 3 del MECES:\n<ul>\n<li>T\u00edtols oficials de Grau i M\u00e0ster (ambdues cares).<\/li>\n<li>Certificat(s) acad\u00e8mic(s) amb la mitjana. Si no es presenta, la mitjana ser\u00e0 5.0. Si no presenta el documento solicitado la nota media de su expediente a tener en cuenta para la admisi\u00f3n ser\u00e1 de 5.0 (en una escala de 0 a 10).<\/li>\n<li>Suplement europeu al t\u00edtol (SET) o acreditaci\u00f3 del nivell 3 del MECES.<\/li>\n<\/ul>\n<\/li>\n<li>Per a l\u2019estudiantat amb t\u00edtols estrangers de l&#8217;EEES que acrediti nivell 7 del MEC:\n<ul>\n<li>T\u00edtols universitaris que permetin accedir als estudis de doctorat en el pa\u00eds d&#8217;emissi\u00f3.<\/li>\n<li>Certificat(s) acad\u00e8mic(s) que permeten l&#8217;acc\u00e9s als estudis de doctorat.<\/li>\n<li>Suplement europeu al t\u00edtol o acreditaci\u00f3 del nivell 7 del Marc Europeu de Qualificacions.<\/li>\n<li>Declaraci\u00f3 d\u2019equival\u00e8ncia de la mitjana de notes. \u00c9s obligatori per a les sol\u00b7licituds amb excessiva demanda. <a href=\"https:\/\/www.universidades.gob.es\/equivalencia-de-notas-medias-de-estudios-universitarios-realizados-en-centros-extranjeros\/\">https:\/\/www.universidades.gob.es\/equivalencia-de-notas-medias-de-estudios-universitarios-realizados-en-centros-extranjeros\/<\/a> Si no presenta la documentaci\u00f3 sol\u00b7licitada, es prendr\u00e0 en compte una mitjana de 5.0.<\/li>\n<li>Traducci\u00f3 jurada del t\u00edtol (nom\u00e9s per a documents en llengua diferent al castell\u00e0, valenci\u00e0 i angl\u00e8s). Si aporta el suplement al t\u00edtol en llengua anglesa, no haur\u00e0 d&#8217;aportar la traducci\u00f3 del t\u00edtol universitari.<\/li>\n<li>Traducci\u00f3 jurada del certificat acad\u00e8mic (nom\u00e9s per a documents en llengua diferent al castell\u00e0, valenci\u00e0 i angl\u00e8s). Si aporta el suplement al t\u00edtol en llengua anglesa, no haur\u00e0 d&#8217;aportar la traducci\u00f3 del t\u00edtol universitari.<\/li>\n<li>T\u00edtol Homologat o Equival\u00e8ncia del T\u00edtol expedit pel Ministeri espanyol competent, en cas de no tenir-lo, no cal aportar cap document en aquest apartat.<\/li>\n<\/ul>\n<\/li>\n<li>Estudiantat que accedeix amb titulaci\u00f3 estrangera no pertanyent a l&#8217;EEES:\n<ul>\n<li>T\u00edtol\/s universitari\/s que faculta en el pa\u00eds d&#8217;emissi\u00f3 l&#8217;acc\u00e9s als estudis de doctorat (legalitzat per via diplom\u00e0tica).<\/li>\n<li>Certificat\/s Acad\u00e8mic\/s dels estudis que donen acc\u00e9s als estudis de doctorat (legalitzat per via diplom\u00e0tica).<\/li>\n<li>Certificat acreditatiu que el t\u00edtol obtingut faculta l&#8217;acc\u00e9s als estudis de doctorat en el pa\u00eds d&#8217;emissi\u00f3 del mateix (legalitzat per via diplom\u00e0tica).<\/li>\n<li>Declaraci\u00f3 d&#8217;equival\u00e8ncia de la nota mitjana d&#8217;estudis universitaris realitzats en centres estrangers, aquest document \u00e9s obligatori en cas de sol\u00b7licitar l&#8217;admissi\u00f3 a estudis de doctorat amb exc\u00e9s de demanda. <a href=\"https:\/\/www.universidades.gob.es\/equivalencia-de-notas-medias-de-estudios-universitarios-realizados-en-centros-extranjeros\/\">https:\/\/www.universidades.gob.es\/equivalencia-de-notas-medias-de-estudios-universitarios-realizados-en-centros-extranjeros\/<\/a> Si no presenta el document sol\u00b7licitat, la nota mitjana del seu expedient a tenir en compte per a l&#8217;admissi\u00f3 ser\u00e0 de 5.0 (en una escala de 0 a 10).<\/li>\n<li>Traducci\u00f3 jurada del t\u00edtol (nom\u00e9s per a documents en llengua diferent al castell\u00e0, valenci\u00e0 i angl\u00e8s).<\/li>\n<li>Traducci\u00f3 jurada del certificat acad\u00e8mic (nom\u00e9s per a documents en llengua diferent al castell\u00e0, valenci\u00e0 i angl\u00e8s).<\/li>\n<li>om el\/la seu\/s t\u00edtol\/s d&#8217;acc\u00e9s est\u00e0\/estiguin expedit\/expedits per un pa\u00eds NO pertanyent a l&#8217;Espai Europeu d&#8217;Educaci\u00f3 Superior (EEES), haur\u00e0 de pagar una taxa pel estudi d&#8217;equival\u00e8ncia. L&#8217;import ascendeix a 155,22 \u20ac. Per <a href=\"https:\/\/universite.umh.es\/recibos\">descarregar el rebut de la Taxa d&#8217;estudi d&#8217;Equival\u00e8ncia<\/a>, ha de seleccionar:<br \/>\nTipus: Taxes per Serveis de Gesti\u00f3 General<br \/>\nSubtipus: Estudi equival. T\u00edtols estrangers. Acc\u00e9s a M\u00e0ster o Doctorat titulats estrangers sense t\u00edtol homologat.<br \/>\nHaur\u00e0 d&#8217;aportar el justificant de pagament de la taxa en el moment de realitzar la preinscripci\u00f3.<\/li>\n<\/ul>\n<\/li>\n<li>Estudiantat que accedeix amb el t\u00edtol de Doctora o Doctor (l&#8217;estudiantat que accedeix amb titulacions de la UMH no necessita presentar aquesta documentaci\u00f3 per a l&#8217;acc\u00e9s):\n<ul>\n<li>T\u00edtol de Doctora o Doctor, per ambdues cares.<\/li>\n<li>Traducci\u00f3 jurada del t\u00edtol (nom\u00e9s per a documents en llengua diferent al castell\u00e0, valenci\u00e0 i angl\u00e8s).<\/li>\n<li>Certificaci\u00f3 acad\u00e8mica del t\u00edtol universitari d&#8217;acc\u00e9s als estudis de doctorat, que contingui la nota mitjana. Si no presenta el document sol\u00b7licitat, la nota mitjana del seu expedient a tenir en compte per a l&#8217;admissi\u00f3 ser\u00e0 de 5.0 (en una escala de 0 a 10).<\/li>\n<li>En el cas que els documents (T\u00edtol i Certificaci\u00f3 acad\u00e8mica del t\u00edtol universitari d&#8217;acc\u00e9s) siguin d&#8217;un pa\u00eds NO pertanyent a l&#8217;Espai Europeu d&#8217;Educaci\u00f3 Superior (EEES), haur\u00e0 de presentar els documents legalitzats per via diplom\u00e0tica.<\/li>\n<\/ul>\n<\/li>\n<li>Estudiantat que accedeix amb almenys dos anys d&#8217;avaluaci\u00f3 positiva del t\u00edtol d&#8217;Especialista en Ci\u00e8ncies de la Salut:\n<ul>\n<li>T\u00edtol universitari d&#8217;acc\u00e9s a l&#8217;especialitat, per ambdues cares.<\/li>\n<li>T\u00edtol d&#8217;Especialista o Certificat d&#8217;almenys dos anys d&#8217;avaluaci\u00f3 positiva de l&#8217;especialitat en Ci\u00e8ncies de la Salut.<\/li>\n<li>Certificat acad\u00e8mic del t\u00edtol universitari d&#8217;acc\u00e9s a l&#8217;especialitat, que contingui la nota mitjana. Si no presenta el document sol\u00b7licitat, la nota mitjana del seu expedient a tenir en compte per a l&#8217;admissi\u00f3 ser\u00e0 de 5.0 (en una escala de 0 a 10).<\/li>\n<\/ul>\n<\/li>\n<\/ol>\n<\/li>\n<li>En el cas de doctorats que exigisquen documentaci\u00f3 addicional, contemplada en els criteris d&#8217;admissi\u00f3, s&#8217;haur\u00e0 d&#8217;aportar en la mateixa preinscripci\u00f3. <a href=\"https:\/\/www.umh.es\/contenido\/Estudios\/:Doctorado_CAnt\/datos_es.html\" target=\"_blank\" rel=\"noopener\">Consulta els criteris d&#8217;admissi\u00f3 de cada programa de doctorat.<img loading=\"lazy\" class=\"alignnone wp-image-31436 size-full\" src=\"https:\/\/estudios.umh.es\/files\/2021\/11\/abre-en-nueva-ventana.png\" alt=\"(abre en nueva ventana)\" width=\"15\" height=\"15\" \/><\/a><\/li>\n<\/ul>\n<h3>On es realitza la preinscripci\u00f3 i es presenta la documentaci\u00f3 corresponent?<\/h3>\n<p>La sol\u00b7licitud de preinscripci\u00f3 es realitzar\u00e0 a trav\u00e9s del <a href=\"http:\/\/futuroestudiante.umh.es\/doctorado\/\" target=\"_blank\" rel=\"noopener noreferrer\">formulari de preinscripci\u00f3.<img loading=\"lazy\" class=\"alignnone wp-image-31436 size-full\" src=\"https:\/\/estudios.umh.es\/files\/2021\/11\/abre-en-nueva-ventana.png\" alt=\"(abre en nueva ventana)\" width=\"15\" height=\"15\" \/><\/a> En ell s&#8217;ha d&#8217;adjuntar la documentaci\u00f3 sol\u00b7licitada en format PDF. La documentaci\u00f3 acreditativa dels t\u00edtols i certificats ha de ser documents electr\u00f2nics v\u00e0lidament emesos.<\/p>\n<p>No s&#8217;admetran sol\u00b7licituds fora d&#8217;aquests per\u00edodes.<\/p>\n<h3>On i quan es publiquen els resultats provisionals i definitius d&#8217;admissi\u00f3?<\/h3>\n<p>Els resultats provisionals i definitius d&#8217;admissi\u00f3 es podran consultar de manera personalitzada, amb la clau de preinscripci\u00f3 (<a href=\"https:\/\/universite.umh.es\/preins_postgrado\/doctorado\/listado\" target=\"_blank\" rel=\"noopener noreferrer\">formulari de preinscripci\u00f3.<img loading=\"lazy\" class=\"alignnone wp-image-31436 size-full\" src=\"https:\/\/estudios.umh.es\/files\/2021\/11\/abre-en-nueva-ventana.png\" alt=\"(abre en nueva ventana)\" width=\"15\" height=\"15\" \/><\/a>).<\/p>\n<p>Les dates de publicaci\u00f3 dels resultats s\u00f3n:<\/p>\n<ul>\n<li>Publicaci\u00f3 dels resultats provisionals: 14 d&#8217;octubre de 2024, a partir de les 14h.<\/li>\n<li>Publicaci\u00f3 dels resultats definitius: 29 d&#8217;octubre de 2024<\/li>\n<\/ul>\n<h3>Com he de procedir per a subsanar o reclamar la meua sol\u00b7licitud?<\/h3>\n<p>L&#8217;estudiantat podr\u00e0 presentar sol\u00b7licituds de reclamaci\u00f3 o subsanaci\u00f3 de documentaci\u00f3 en el per\u00edode aprovat en el <a href=\"https:\/\/ed.umh.es\/files\/2024\/07\/Propuesta-Calendario-Academico-2024_2025_actualizado-3-fechas.pdf\" target=\"_blank\" rel=\"noopener noreferrer\">Calendari Acad\u00e8mic.PDF<img loading=\"lazy\" class=\"alignnone wp-image-31436 size-full\" src=\"https:\/\/estudios.umh.es\/files\/2021\/11\/abre-en-nueva-ventana.png\" alt=\"(abre en nueva ventana)\" width=\"15\" height=\"15\" \/><\/a><\/p>\n<ul>\n<li><strong>Subsanacions<\/strong>: L&#8217;estudiantat les sol\u00b7licituds de la qual es troben en estat de &#8220;Subsanaci\u00f3&#8221; hauran d&#8217;accedir a l&#8217;aplicaci\u00f3 de preinscripci\u00f3 i aportar els documents indicats.<\/li>\n<li>Les reclamacions per la puntuaci\u00f3 obtinguda per a l&#8217;admissi\u00f3, s&#8217;han de dirigir a la Comissi\u00f3 Acad\u00e8mica del programa de doctorat en el qual s&#8217;haja sol\u00b7licitat l&#8217;admissi\u00f3, mitjan\u00e7ant Inst\u00e0ncia General remesa a l&#8217;Escola de Doctorat preferentment a trav\u00e9s de la <a href=\"https:\/\/sede.umh.es\/procedimientos\/instancia-general\/\" target=\"_blank\" rel=\"noopener\">Seu Electr\u00f2nica<img loading=\"lazy\" class=\"alignnone wp-image-31436 size-full\" src=\"https:\/\/estudios.umh.es\/files\/2021\/11\/abre-en-nueva-ventana.png\" alt=\"(abre en nueva ventana)\" width=\"15\" height=\"15\" \/><\/a>.<\/li>\n<li>En el curs 2024\/2025 el termini de subsanaci\u00f3 o reclamaci\u00f3 \u00e9s del 14 al 21 d&#8217;octubre de 2024.<\/li>\n<\/ul>\n<p><\/p>","protected":false},"excerpt":{"rendered":"<p>Quins s\u00f3n els terminis de preinscripci\u00f3 i matr\u00edcula en els programes de doctorat per al curs 2024\/2025? Preinscripci\u00f3: del 19 de juliol al 13 de setembre Publicaci\u00f3 de resultats provisionals: 14 d\u2019octubre Reclamacions o subsanacions: del 14 al 21 d\u2019octubre Publicaci\u00f3 de resultats definitius: 29 d\u2019octubre Matr\u00edcula: del 29 d\u2019octubre a l\u20191 de novembre Termini [&hellip;]<\/p>\n","protected":false},"author":23459,"featured_media":0,"parent":310,"menu_order":1,"comment_status":"closed","ping_status":"closed","template":"","meta":{"_links_to":"","_links_to_target":""},"yoast_head":"<!-- This site is optimized with the Yoast SEO plugin v17.5 - https:\/\/yoast.com\/wordpress\/plugins\/seo\/ -->\n<meta name=\"robots\" content=\"index, follow, max-snippet:-1, max-image-preview:large, max-video-preview:-1\" \/>\n<link rel=\"canonical\" href=\"https:\/\/ed.umh.es\/ca\/acceso\/preinscripcion\/\" \/>\n<meta property=\"og:locale\" content=\"ca_ES\" \/>\n<meta property=\"og:type\" content=\"article\" \/>\n<meta property=\"og:title\" content=\"Preinscripci\u00f3 - Escuela de doctorado UMH\" \/>\n<meta property=\"og:description\" content=\"Quins s\u00f3n els terminis de preinscripci\u00f3 i matr\u00edcula en els programes de doctorat per al curs 2024\/2025? Preinscripci\u00f3: del 19 de juliol al 13 de setembre Publicaci\u00f3 de resultats provisionals: 14 d\u2019octubre Reclamacions o subsanacions: del 14 al 21 d\u2019octubre Publicaci\u00f3 de resultats definitius: 29 d\u2019octubre Matr\u00edcula: del 29 d\u2019octubre a l\u20191 de novembre Termini [&hellip;]\" \/>\n<meta property=\"og:url\" content=\"https:\/\/ed.umh.es\/acceso\/preinscripcion\/\" \/>\n<meta property=\"og:site_name\" content=\"Escuela de doctorado UMH\" \/>\n<meta property=\"article:modified_time\" content=\"2026-03-26T17:25:22+00:00\" \/>\n<meta property=\"og:image\" content=\"https:\/\/estudios.umh.es\/files\/2021\/11\/abre-en-nueva-ventana.png\" \/>\n<meta name=\"twitter:card\" content=\"summary_large_image\" \/>\n<meta name=\"twitter:label1\" content=\"Est. reading time\" \/>\n\t<meta name=\"twitter:data1\" content=\"8 minuts\" \/>\n<script type=\"application\/ld+json\" class=\"yoast-schema-graph\">{\"@context\":\"https:\/\/schema.org\",\"@graph\":[{\"@type\":\"WebSite\",\"@id\":\"https:\/\/ed.umh.es\/#website\",\"url\":\"https:\/\/ed.umh.es\/\",\"name\":\"Escuela de doctorado UMH\",\"description\":\"Escuela de doctorado UMH\",\"potentialAction\":[{\"@type\":\"SearchAction\",\"target\":{\"@type\":\"EntryPoint\",\"urlTemplate\":\"https:\/\/ed.umh.es\/?s={search_term_string}\"},\"query-input\":\"required name=search_term_string\"}],\"inLanguage\":\"ca\"},{\"@type\":\"ImageObject\",\"@id\":\"https:\/\/ed.umh.es\/acceso\/preinscripcion\/#primaryimage\",\"inLanguage\":\"ca\",\"url\":\"https:\/\/estudios.umh.es\/files\/2021\/11\/abre-en-nueva-ventana.png\",\"contentUrl\":\"https:\/\/estudios.umh.es\/files\/2021\/11\/abre-en-nueva-ventana.png\"},{\"@type\":\"WebPage\",\"@id\":\"https:\/\/ed.umh.es\/acceso\/preinscripcion\/#webpage\",\"url\":\"https:\/\/ed.umh.es\/acceso\/preinscripcion\/\",\"name\":\"Preinscripci\\u00f3 - Escuela de doctorado UMH\",\"isPartOf\":{\"@id\":\"https:\/\/ed.umh.es\/#website\"},\"primaryImageOfPage\":{\"@id\":\"https:\/\/ed.umh.es\/acceso\/preinscripcion\/#primaryimage\"},\"datePublished\":\"2023-03-03T10:28:20+00:00\",\"dateModified\":\"2026-03-26T17:25:22+00:00\",\"breadcrumb\":{\"@id\":\"https:\/\/ed.umh.es\/acceso\/preinscripcion\/#breadcrumb\"},\"inLanguage\":\"ca\",\"potentialAction\":[{\"@type\":\"ReadAction\",\"target\":[\"https:\/\/ed.umh.es\/acceso\/preinscripcion\/\"]}]},{\"@type\":\"BreadcrumbList\",\"@id\":\"https:\/\/ed.umh.es\/acceso\/preinscripcion\/#breadcrumb\",\"itemListElement\":[{\"@type\":\"ListItem\",\"position\":1,\"name\":\"Portada\",\"item\":\"https:\/\/ed.umh.es\/\"},{\"@type\":\"ListItem\",\"position\":2,\"name\":\"ACCESO\",\"item\":\"https:\/\/ed.umh.es\/acceso\/\"},{\"@type\":\"ListItem\",\"position\":3,\"name\":\"Preinscripci\\u00f3n\"}]}]}<\/script>\n<!-- \/ Yoast SEO plugin. -->","yoast_head_json":{"robots":{"index":"index","follow":"follow","max-snippet":"max-snippet:-1","max-image-preview":"max-image-preview:large","max-video-preview":"max-video-preview:-1"},"canonical":"https:\/\/ed.umh.es\/ca\/acceso\/preinscripcion\/","og_locale":"ca_ES","og_type":"article","og_title":"Preinscripci\u00f3 - Escuela de doctorado UMH","og_description":"Quins s\u00f3n els terminis de preinscripci\u00f3 i matr\u00edcula en els programes de doctorat per al curs 2024\/2025? Preinscripci\u00f3: del 19 de juliol al 13 de setembre Publicaci\u00f3 de resultats provisionals: 14 d\u2019octubre Reclamacions o subsanacions: del 14 al 21 d\u2019octubre Publicaci\u00f3 de resultats definitius: 29 d\u2019octubre Matr\u00edcula: del 29 d\u2019octubre a l\u20191 de novembre Termini [&hellip;]","og_url":"https:\/\/ed.umh.es\/acceso\/preinscripcion\/","og_site_name":"Escuela de doctorado UMH","article_modified_time":"2026-03-26T17:25:22+00:00","og_image":[{"url":"https:\/\/estudios.umh.es\/files\/2021\/11\/abre-en-nueva-ventana.png"}],"twitter_card":"summary_large_image","twitter_misc":{"Est. reading time":"8 minuts"},"schema":{"@context":"https:\/\/schema.org","@graph":[{"@type":"WebSite","@id":"https:\/\/ed.umh.es\/#website","url":"https:\/\/ed.umh.es\/","name":"Escuela de doctorado UMH","description":"Escuela de doctorado UMH","potentialAction":[{"@type":"SearchAction","target":{"@type":"EntryPoint","urlTemplate":"https:\/\/ed.umh.es\/?s={search_term_string}"},"query-input":"required name=search_term_string"}],"inLanguage":"ca"},{"@type":"ImageObject","@id":"https:\/\/ed.umh.es\/acceso\/preinscripcion\/#primaryimage","inLanguage":"ca","url":"https:\/\/estudios.umh.es\/files\/2021\/11\/abre-en-nueva-ventana.png","contentUrl":"https:\/\/estudios.umh.es\/files\/2021\/11\/abre-en-nueva-ventana.png"},{"@type":"WebPage","@id":"https:\/\/ed.umh.es\/acceso\/preinscripcion\/#webpage","url":"https:\/\/ed.umh.es\/acceso\/preinscripcion\/","name":"Preinscripci\u00f3 - Escuela de doctorado UMH","isPartOf":{"@id":"https:\/\/ed.umh.es\/#website"},"primaryImageOfPage":{"@id":"https:\/\/ed.umh.es\/acceso\/preinscripcion\/#primaryimage"},"datePublished":"2023-03-03T10:28:20+00:00","dateModified":"2026-03-26T17:25:22+00:00","breadcrumb":{"@id":"https:\/\/ed.umh.es\/acceso\/preinscripcion\/#breadcrumb"},"inLanguage":"ca","potentialAction":[{"@type":"ReadAction","target":["https:\/\/ed.umh.es\/acceso\/preinscripcion\/"]}]},{"@type":"BreadcrumbList","@id":"https:\/\/ed.umh.es\/acceso\/preinscripcion\/#breadcrumb","itemListElement":[{"@type":"ListItem","position":1,"name":"Portada","item":"https:\/\/ed.umh.es\/"},{"@type":"ListItem","position":2,"name":"ACCESO","item":"https:\/\/ed.umh.es\/acceso\/"},{"@type":"ListItem","position":3,"name":"Preinscripci\u00f3n"}]}]}},"_links":{"self":[{"href":"https:\/\/ed.umh.es\/ca\/wp-json\/wp\/v2\/pages\/69"}],"collection":[{"href":"https:\/\/ed.umh.es\/ca\/wp-json\/wp\/v2\/pages"}],"about":[{"href":"https:\/\/ed.umh.es\/ca\/wp-json\/wp\/v2\/types\/page"}],"author":[{"embeddable":true,"href":"https:\/\/ed.umh.es\/ca\/wp-json\/wp\/v2\/users\/23459"}],"replies":[{"embeddable":true,"href":"https:\/\/ed.umh.es\/ca\/wp-json\/wp\/v2\/comments?post=69"}],"version-history":[{"count":0,"href":"https:\/\/ed.umh.es\/ca\/wp-json\/wp\/v2\/pages\/69\/revisions"}],"up":[{"embeddable":true,"href":"https:\/\/ed.umh.es\/ca\/wp-json\/wp\/v2\/pages\/310"}],"wp:attachment":[{"href":"https:\/\/ed.umh.es\/ca\/wp-json\/wp\/v2\/media?parent=69"}],"curies":[{"name":"wp","href":"https:\/\/api.w.org\/{rel}","templated":true}]}}