{"id":884,"date":"2024-10-14T09:21:48","date_gmt":"2024-10-14T09:21:48","guid":{"rendered":"https:\/\/ed.umh.es\/?page_id=884"},"modified":"2026-03-03T10:57:35","modified_gmt":"2026-03-03T10:57:35","slug":"publicacion-resultados-provisionales-de-admision-en-estudios-de-doctorado","status":"publish","type":"page","link":"https:\/\/ed.umh.es\/ca\/acceso\/publicacion-resultados-provisionales-de-admision-en-estudios-de-doctorado\/","title":{"rendered":"Publicaci\u00f3 dels resultats provisionals d\u2019admissi\u00f3 en Estudis de Doctorat"},"content":{"rendered":"<p><a href=\"https:\/\/boumh.umh.es\/files\/2023\/10\/ES_U05500001_2023_DOCH-0000000000000000000355585.pdf\" target=\"_blank\" rel=\"noopener\"><strong>PUBLICACI\u00d3 DELS RESULTATS PROVISIONALS D\u2019ADMISSI\u00d3, DEL 14 D\u2019OCTUBRE DE 2024, CORRESPONENTS ALS PROGRAMES DE DOCTORAT DE LA UNIVERSITAT MIGUEL HERN\u00c1NDEZ D\u2019ELX, PER AL CURS 2024\/2025.<\/strong><\/a><\/p>\n<p>Un cop finalitzat el termini de la preinscripci\u00f3 en els estudis de doctorat, es fan p\u00fablics els resultats provisionals d\u2019admissi\u00f3 en els diferents programes de doctorat.<\/p>\n<p>Els resultats provisionals es podran consultar de manera personalitzada en l\u2019aplicaci\u00f3 de preinscripci\u00f3 en el seg\u00fcent enlla\u00e7, a partir de les 12 hores del 14 d\u2019octubre:<\/p>\n<p><a href=\"https:\/\/universite.umh.es\/preins_postgrado\/doctorado\/listado\" target=\"_blank\" rel=\"noopener noreferrer\"><strong>Consultar Llistats d\u2019Admissi\u00f3<\/strong>.<\/a><img loading=\"lazy\" class=\"alignnone wp\u2010image\u201031436 size\u2010full\" src=\"https:\/\/estudios.umh.es\/files\/2021\/11\/abre%E2%80%90en%E2%80%90nuevaventana.%20png\" alt=\"(abre en nueva ventana)\" width=\"15\" height=\"15\" \/><\/p>\n<p>&nbsp;<\/p>\n<p><strong>L&#8217;estudiantat podr\u00e0 presentar sol\u00b7licituds de reclamaci\u00f3 o subsanaci\u00f3 de documentaci\u00f3 del 14 al 21 d\u2019octubre. S\u2019estableixen aquests dos processos:\u00a0<\/strong><\/p>\n<ul>\n<li>L&#8217;estudiantat les sol\u00b7licituds de la qual necessiten subsanar algun document, haur\u00e0 d\u2019accedir a l\u2019 <a href=\"https:\/\/universite.umh.es\/preins_postgrado\/doctorado\/listado\" target=\"_blank\" rel=\"noopener noreferrer\">aplicaci\u00f3 de preinscripci\u00f3\u00a0<\/a>\u00a0<img loading=\"lazy\" class=\"alignnone wp\u2010image\u201031436 size\u2010full\" src=\"https:\/\/estudios.umh.es\/files\/2021\/11\/abre%E2%80%90en%E2%80%90nuevaventana.%20png\" alt=\"(abre en nueva ventana)\" width=\"15\" height=\"15\" \/> i aportar els documents indicats. Hauran d&#8217;accedir a &#8220;La meua sol\u00b7licitud&#8221; i seleccionar el bot\u00f3 &#8220;Editar&#8221; que es troba a la part inferior de la pantalla.<\/li>\n<li>L&#8217;estudiantat les sol\u00b7licituds de la qual no requereixen cap document per subsanar i no estiguen d\u2019acord amb la puntuaci\u00f3 obtinguda, haur\u00e0 de presentar la reclamaci\u00f3 mitjan\u00e7ant inst\u00e0ncia general adre\u00e7ada a l\u2019Escola de Doctorat, preferentment a trav\u00e9s de la <a href=\"https:\/\/sede.umh.es\/procedimientos\/\" target=\"_blank\" rel=\"noopener noreferrer\">seu electr\u00f2nica\u00a0 <\/a><img loading=\"lazy\" class=\"alignnone wp\u2010image\u201031436 size\u2010full\" src=\"https:\/\/estudios.umh.es\/files\/2021\/11\/abre%E2%80%90en%E2%80%90nuevaventana.%20png\" alt=\"(abre en nueva ventana)\" width=\"15\" height=\"15\" \/>.<\/li>\n<\/ul>\n<p><strong>Els resultats definitius es publicaran el 29 d\u2019octubre i s&#8217;enviar\u00e0 un correu electr\u00f2nic a les sol\u00b7licituds admeses per formalitzar la matr\u00edcula entre el 29 d\u2019octubre i l\u20191 de novembre.<\/strong><\/p>","protected":false},"excerpt":{"rendered":"<p>PUBLICACI\u00d3 DELS RESULTATS PROVISIONALS D\u2019ADMISSI\u00d3, DEL 14 D\u2019OCTUBRE DE 2024, CORRESPONENTS ALS PROGRAMES DE DOCTORAT DE LA UNIVERSITAT MIGUEL HERN\u00c1NDEZ D\u2019ELX, PER AL CURS 2024\/2025. Un cop finalitzat el termini de la preinscripci\u00f3 en els estudis de doctorat, es fan p\u00fablics els resultats provisionals d\u2019admissi\u00f3 en els diferents programes de doctorat. Els resultats provisionals es [&hellip;]<\/p>\n","protected":false},"author":1330,"featured_media":0,"parent":310,"menu_order":0,"comment_status":"closed","ping_status":"closed","template":"","meta":{"_links_to":"","_links_to_target":""},"yoast_head":"<!-- This site is optimized with the Yoast SEO plugin v17.5 - https:\/\/yoast.com\/wordpress\/plugins\/seo\/ -->\n<meta name=\"robots\" content=\"index, follow, max-snippet:-1, max-image-preview:large, max-video-preview:-1\" \/>\n<link rel=\"canonical\" href=\"https:\/\/ed.umh.es\/ca\/acceso\/publicacion-resultados-provisionales-de-admision-en-estudios-de-doctorado\/\" \/>\n<meta property=\"og:locale\" content=\"ca_ES\" \/>\n<meta property=\"og:type\" content=\"article\" \/>\n<meta property=\"og:title\" content=\"Publicaci\u00f3 dels resultats provisionals d\u2019admissi\u00f3 en Estudis de Doctorat - Escuela de doctorado UMH\" \/>\n<meta property=\"og:description\" content=\"PUBLICACI\u00d3 DELS RESULTATS PROVISIONALS D\u2019ADMISSI\u00d3, DEL 14 D\u2019OCTUBRE DE 2024, CORRESPONENTS ALS PROGRAMES DE DOCTORAT DE LA UNIVERSITAT MIGUEL HERN\u00c1NDEZ D\u2019ELX, PER AL CURS 2024\/2025. Un cop finalitzat el termini de la preinscripci\u00f3 en els estudis de doctorat, es fan p\u00fablics els resultats provisionals d\u2019admissi\u00f3 en els diferents programes de doctorat. Els resultats provisionals es [&hellip;]\" \/>\n<meta property=\"og:url\" content=\"https:\/\/ed.umh.es\/acceso\/publicacion-resultados-provisionales-de-admision-en-estudios-de-doctorado\/\" \/>\n<meta property=\"og:site_name\" content=\"Escuela de doctorado UMH\" \/>\n<meta property=\"article:modified_time\" content=\"2026-03-03T10:57:35+00:00\" \/>\n<meta property=\"og:image\" content=\"https:\/\/estudios.umh.es\/files\/2021\/11\/abre%E2%80%90en%E2%80%90nuevaventana.%20png\" \/>\n<meta name=\"twitter:card\" content=\"summary_large_image\" \/>\n<meta name=\"twitter:label1\" content=\"Est. reading time\" \/>\n\t<meta name=\"twitter:data1\" content=\"3 minuts\" \/>\n<script type=\"application\/ld+json\" class=\"yoast-schema-graph\">{\"@context\":\"https:\/\/schema.org\",\"@graph\":[{\"@type\":\"WebSite\",\"@id\":\"https:\/\/ed.umh.es\/#website\",\"url\":\"https:\/\/ed.umh.es\/\",\"name\":\"Escuela de doctorado UMH\",\"description\":\"Escuela de doctorado UMH\",\"potentialAction\":[{\"@type\":\"SearchAction\",\"target\":{\"@type\":\"EntryPoint\",\"urlTemplate\":\"https:\/\/ed.umh.es\/?s={search_term_string}\"},\"query-input\":\"required name=search_term_string\"}],\"inLanguage\":\"ca\"},{\"@type\":\"ImageObject\",\"@id\":\"https:\/\/ed.umh.es\/acceso\/publicacion-resultados-provisionales-de-admision-en-estudios-de-doctorado\/#primaryimage\",\"inLanguage\":\"ca\",\"url\":\"https:\/\/estudios.umh.es\/files\/2021\/11\/abre%E2%80%90en%E2%80%90nuevaventana.%20png\",\"contentUrl\":\"https:\/\/estudios.umh.es\/files\/2021\/11\/abre%E2%80%90en%E2%80%90nuevaventana.%20png\"},{\"@type\":\"WebPage\",\"@id\":\"https:\/\/ed.umh.es\/acceso\/publicacion-resultados-provisionales-de-admision-en-estudios-de-doctorado\/#webpage\",\"url\":\"https:\/\/ed.umh.es\/acceso\/publicacion-resultados-provisionales-de-admision-en-estudios-de-doctorado\/\",\"name\":\"Publicaci\\u00f3 dels resultats provisionals d\\u2019admissi\\u00f3 en Estudis de Doctorat - Escuela de doctorado UMH\",\"isPartOf\":{\"@id\":\"https:\/\/ed.umh.es\/#website\"},\"primaryImageOfPage\":{\"@id\":\"https:\/\/ed.umh.es\/acceso\/publicacion-resultados-provisionales-de-admision-en-estudios-de-doctorado\/#primaryimage\"},\"datePublished\":\"2024-10-14T09:21:48+00:00\",\"dateModified\":\"2026-03-03T10:57:35+00:00\",\"breadcrumb\":{\"@id\":\"https:\/\/ed.umh.es\/acceso\/publicacion-resultados-provisionales-de-admision-en-estudios-de-doctorado\/#breadcrumb\"},\"inLanguage\":\"ca\",\"potentialAction\":[{\"@type\":\"ReadAction\",\"target\":[\"https:\/\/ed.umh.es\/acceso\/publicacion-resultados-provisionales-de-admision-en-estudios-de-doctorado\/\"]}]},{\"@type\":\"BreadcrumbList\",\"@id\":\"https:\/\/ed.umh.es\/acceso\/publicacion-resultados-provisionales-de-admision-en-estudios-de-doctorado\/#breadcrumb\",\"itemListElement\":[{\"@type\":\"ListItem\",\"position\":1,\"name\":\"Portada\",\"item\":\"https:\/\/ed.umh.es\/\"},{\"@type\":\"ListItem\",\"position\":2,\"name\":\"ACCESO\",\"item\":\"https:\/\/ed.umh.es\/acceso\/\"},{\"@type\":\"ListItem\",\"position\":3,\"name\":\"Publicaci\\u00f3n resultados provisionales de admisi\\u00f3n en Estudios de Doctorado\"}]}]}<\/script>\n<!-- \/ Yoast SEO plugin. -->","yoast_head_json":{"robots":{"index":"index","follow":"follow","max-snippet":"max-snippet:-1","max-image-preview":"max-image-preview:large","max-video-preview":"max-video-preview:-1"},"canonical":"https:\/\/ed.umh.es\/ca\/acceso\/publicacion-resultados-provisionales-de-admision-en-estudios-de-doctorado\/","og_locale":"ca_ES","og_type":"article","og_title":"Publicaci\u00f3 dels resultats provisionals d\u2019admissi\u00f3 en Estudis de Doctorat - Escuela de doctorado UMH","og_description":"PUBLICACI\u00d3 DELS RESULTATS PROVISIONALS D\u2019ADMISSI\u00d3, DEL 14 D\u2019OCTUBRE DE 2024, CORRESPONENTS ALS PROGRAMES DE DOCTORAT DE LA UNIVERSITAT MIGUEL HERN\u00c1NDEZ D\u2019ELX, PER AL CURS 2024\/2025. Un cop finalitzat el termini de la preinscripci\u00f3 en els estudis de doctorat, es fan p\u00fablics els resultats provisionals d\u2019admissi\u00f3 en els diferents programes de doctorat. Els resultats provisionals es [&hellip;]","og_url":"https:\/\/ed.umh.es\/acceso\/publicacion-resultados-provisionales-de-admision-en-estudios-de-doctorado\/","og_site_name":"Escuela de doctorado UMH","article_modified_time":"2026-03-03T10:57:35+00:00","og_image":[{"url":"https:\/\/estudios.umh.es\/files\/2021\/11\/abre%E2%80%90en%E2%80%90nuevaventana.%20png"}],"twitter_card":"summary_large_image","twitter_misc":{"Est. reading time":"3 minuts"},"schema":{"@context":"https:\/\/schema.org","@graph":[{"@type":"WebSite","@id":"https:\/\/ed.umh.es\/#website","url":"https:\/\/ed.umh.es\/","name":"Escuela de doctorado UMH","description":"Escuela de doctorado UMH","potentialAction":[{"@type":"SearchAction","target":{"@type":"EntryPoint","urlTemplate":"https:\/\/ed.umh.es\/?s={search_term_string}"},"query-input":"required name=search_term_string"}],"inLanguage":"ca"},{"@type":"ImageObject","@id":"https:\/\/ed.umh.es\/acceso\/publicacion-resultados-provisionales-de-admision-en-estudios-de-doctorado\/#primaryimage","inLanguage":"ca","url":"https:\/\/estudios.umh.es\/files\/2021\/11\/abre%E2%80%90en%E2%80%90nuevaventana.%20png","contentUrl":"https:\/\/estudios.umh.es\/files\/2021\/11\/abre%E2%80%90en%E2%80%90nuevaventana.%20png"},{"@type":"WebPage","@id":"https:\/\/ed.umh.es\/acceso\/publicacion-resultados-provisionales-de-admision-en-estudios-de-doctorado\/#webpage","url":"https:\/\/ed.umh.es\/acceso\/publicacion-resultados-provisionales-de-admision-en-estudios-de-doctorado\/","name":"Publicaci\u00f3 dels resultats provisionals d\u2019admissi\u00f3 en Estudis de Doctorat - Escuela de doctorado UMH","isPartOf":{"@id":"https:\/\/ed.umh.es\/#website"},"primaryImageOfPage":{"@id":"https:\/\/ed.umh.es\/acceso\/publicacion-resultados-provisionales-de-admision-en-estudios-de-doctorado\/#primaryimage"},"datePublished":"2024-10-14T09:21:48+00:00","dateModified":"2026-03-03T10:57:35+00:00","breadcrumb":{"@id":"https:\/\/ed.umh.es\/acceso\/publicacion-resultados-provisionales-de-admision-en-estudios-de-doctorado\/#breadcrumb"},"inLanguage":"ca","potentialAction":[{"@type":"ReadAction","target":["https:\/\/ed.umh.es\/acceso\/publicacion-resultados-provisionales-de-admision-en-estudios-de-doctorado\/"]}]},{"@type":"BreadcrumbList","@id":"https:\/\/ed.umh.es\/acceso\/publicacion-resultados-provisionales-de-admision-en-estudios-de-doctorado\/#breadcrumb","itemListElement":[{"@type":"ListItem","position":1,"name":"Portada","item":"https:\/\/ed.umh.es\/"},{"@type":"ListItem","position":2,"name":"ACCESO","item":"https:\/\/ed.umh.es\/acceso\/"},{"@type":"ListItem","position":3,"name":"Publicaci\u00f3n resultados provisionales de admisi\u00f3n en Estudios de Doctorado"}]}]}},"_links":{"self":[{"href":"https:\/\/ed.umh.es\/ca\/wp-json\/wp\/v2\/pages\/884"}],"collection":[{"href":"https:\/\/ed.umh.es\/ca\/wp-json\/wp\/v2\/pages"}],"about":[{"href":"https:\/\/ed.umh.es\/ca\/wp-json\/wp\/v2\/types\/page"}],"author":[{"embeddable":true,"href":"https:\/\/ed.umh.es\/ca\/wp-json\/wp\/v2\/users\/1330"}],"replies":[{"embeddable":true,"href":"https:\/\/ed.umh.es\/ca\/wp-json\/wp\/v2\/comments?post=884"}],"version-history":[{"count":0,"href":"https:\/\/ed.umh.es\/ca\/wp-json\/wp\/v2\/pages\/884\/revisions"}],"up":[{"embeddable":true,"href":"https:\/\/ed.umh.es\/ca\/wp-json\/wp\/v2\/pages\/310"}],"wp:attachment":[{"href":"https:\/\/ed.umh.es\/ca\/wp-json\/wp\/v2\/media?parent=884"}],"curies":[{"name":"wp","href":"https:\/\/api.w.org\/{rel}","templated":true}]}}