{"id":161,"date":"2023-11-14T11:05:04","date_gmt":"2023-11-14T11:05:04","guid":{"rendered":"https:\/\/ed.umh.es\/?page_id=161"},"modified":"2026-03-02T13:17:38","modified_gmt":"2026-03-02T13:17:38","slug":"estructura-administrativa","status":"publish","type":"page","link":"https:\/\/ed.umh.es\/en\/la-escuela\/estructura-administrativa\/","title":{"rendered":"Estructura Administrativa"},"content":{"rendered":"<p><strong>Mar\u00eda Isabel Bernad S\u00e1nchez<\/strong><br \/>\ndoctorado@umh.es<br \/>\n966658635<\/p>\n<p><strong>Covadonga Loreto Sempere Lafuente<\/strong><br \/>\ndoctorado@umh.es<br \/>\n966652124<\/p>\n<p><strong>Mar\u00eda Elena P\u00e9rez Fern\u00e1ndez<\/strong><br \/>\ndoctorado@umh.es<br \/>\n965222415<\/p>\n<p><strong>Mar\u00eda Asunci\u00f3n Almarcha Asensio<\/strong><br \/>\ndoctorado@umh.es<br \/>\n966658839<\/p>\n<p>Las funciones administrativas asignadas a la Unidad de Doctorado son:<\/p>\n<ul>\n<li>Organizar y gestionar los recursos materiales asignados a la EDUMH.<\/li>\n<li>Mantener actualizados en la p\u00e1gina web y revisar los indicadores de calidad de la EDUMH y de sus Programas de Doctorado.<\/li>\n<li>Proporcionar apoyo administrativo a las Comisiones Acad\u00e9micas de los\u00a0Programas de Doctorado.<\/li>\n<li>Proporcionar apoyo administrativo a la organizaci\u00f3n del Congreso Anual.<\/li>\n<li>Internacional de Estudiantes de Doctorado.<\/li>\n<li>Gestionar administrativamente la oferta de formaci\u00f3n en competencias transversales de la EDUMH.<\/li>\n<li>Organizar y gestionar los tr\u00e1mites relacionados con la defensa de las tesis doctorales.<\/li>\n<\/ul>\n<p><\/p>","protected":false},"excerpt":{"rendered":"<p>Mar\u00eda Isabel Bernad S\u00e1nchez doctorado@umh.es 966658635 Covadonga Loreto Sempere Lafuente doctorado@umh.es 966652124 Mar\u00eda Elena P\u00e9rez Fern\u00e1ndez doctorado@umh.es 965222415 Mar\u00eda Asunci\u00f3n Almarcha Asensio doctorado@umh.es 966658839 Las funciones administrativas asignadas a la Unidad de Doctorado son: Organizar y gestionar los recursos materiales asignados a la EDUMH. Mantener actualizados en la p\u00e1gina web y revisar los indicadores de [&hellip;]<\/p>\n","protected":false},"author":3158,"featured_media":0,"parent":22,"menu_order":14,"comment_status":"closed","ping_status":"closed","template":"","meta":{"_links_to":"","_links_to_target":""},"yoast_head":"<!-- This site is optimized with the Yoast SEO plugin v17.5 - https:\/\/yoast.com\/wordpress\/plugins\/seo\/ -->\n<meta name=\"robots\" content=\"index, follow, max-snippet:-1, max-image-preview:large, max-video-preview:-1\" \/>\n<link rel=\"canonical\" href=\"https:\/\/ed.umh.es\/en\/la-escuela\/estructura-administrativa\/\" \/>\n<meta property=\"og:locale\" content=\"en_US\" \/>\n<meta property=\"og:type\" content=\"article\" \/>\n<meta property=\"og:title\" content=\"Estructura Administrativa - Escuela de doctorado UMH\" \/>\n<meta property=\"og:description\" content=\"Mar\u00eda Isabel Bernad S\u00e1nchez doctorado@umh.es 966658635 Covadonga Loreto Sempere Lafuente doctorado@umh.es 966652124 Mar\u00eda Elena P\u00e9rez Fern\u00e1ndez doctorado@umh.es 965222415 Mar\u00eda Asunci\u00f3n Almarcha Asensio doctorado@umh.es 966658839 Las funciones administrativas asignadas a la Unidad de Doctorado son: Organizar y gestionar los recursos materiales asignados a la EDUMH. Mantener actualizados en la p\u00e1gina web y revisar los indicadores de [&hellip;]\" \/>\n<meta property=\"og:url\" content=\"https:\/\/ed.umh.es\/la-escuela\/estructura-administrativa\/\" \/>\n<meta property=\"og:site_name\" content=\"Escuela de doctorado UMH\" \/>\n<meta property=\"article:modified_time\" content=\"2026-03-02T13:17:38+00:00\" \/>\n<meta name=\"twitter:card\" content=\"summary_large_image\" \/>\n<meta name=\"twitter:label1\" content=\"Est. reading time\" \/>\n\t<meta name=\"twitter:data1\" content=\"2 minutes\" \/>\n<script type=\"application\/ld+json\" class=\"yoast-schema-graph\">{\"@context\":\"https:\/\/schema.org\",\"@graph\":[{\"@type\":\"WebSite\",\"@id\":\"https:\/\/ed.umh.es\/#website\",\"url\":\"https:\/\/ed.umh.es\/\",\"name\":\"Escuela de doctorado UMH\",\"description\":\"Escuela de doctorado UMH\",\"potentialAction\":[{\"@type\":\"SearchAction\",\"target\":{\"@type\":\"EntryPoint\",\"urlTemplate\":\"https:\/\/ed.umh.es\/?s={search_term_string}\"},\"query-input\":\"required name=search_term_string\"}],\"inLanguage\":\"en-US\"},{\"@type\":\"WebPage\",\"@id\":\"https:\/\/ed.umh.es\/la-escuela\/estructura-administrativa\/#webpage\",\"url\":\"https:\/\/ed.umh.es\/la-escuela\/estructura-administrativa\/\",\"name\":\"Estructura Administrativa - Escuela de doctorado UMH\",\"isPartOf\":{\"@id\":\"https:\/\/ed.umh.es\/#website\"},\"datePublished\":\"2023-11-14T11:05:04+00:00\",\"dateModified\":\"2026-03-02T13:17:38+00:00\",\"breadcrumb\":{\"@id\":\"https:\/\/ed.umh.es\/la-escuela\/estructura-administrativa\/#breadcrumb\"},\"inLanguage\":\"en-US\",\"potentialAction\":[{\"@type\":\"ReadAction\",\"target\":[\"https:\/\/ed.umh.es\/la-escuela\/estructura-administrativa\/\"]}]},{\"@type\":\"BreadcrumbList\",\"@id\":\"https:\/\/ed.umh.es\/la-escuela\/estructura-administrativa\/#breadcrumb\",\"itemListElement\":[{\"@type\":\"ListItem\",\"position\":1,\"name\":\"Portada\",\"item\":\"https:\/\/ed.umh.es\/\"},{\"@type\":\"ListItem\",\"position\":2,\"name\":\"LA ESCUELA\",\"item\":\"https:\/\/ed.umh.es\/la-escuela\/\"},{\"@type\":\"ListItem\",\"position\":3,\"name\":\"Estructura Administrativa\"}]}]}<\/script>\n<!-- \/ Yoast SEO plugin. -->","yoast_head_json":{"robots":{"index":"index","follow":"follow","max-snippet":"max-snippet:-1","max-image-preview":"max-image-preview:large","max-video-preview":"max-video-preview:-1"},"canonical":"https:\/\/ed.umh.es\/en\/la-escuela\/estructura-administrativa\/","og_locale":"en_US","og_type":"article","og_title":"Estructura Administrativa - Escuela de doctorado UMH","og_description":"Mar\u00eda Isabel Bernad S\u00e1nchez doctorado@umh.es 966658635 Covadonga Loreto Sempere Lafuente doctorado@umh.es 966652124 Mar\u00eda Elena P\u00e9rez Fern\u00e1ndez doctorado@umh.es 965222415 Mar\u00eda Asunci\u00f3n Almarcha Asensio doctorado@umh.es 966658839 Las funciones administrativas asignadas a la Unidad de Doctorado son: Organizar y gestionar los recursos materiales asignados a la EDUMH. Mantener actualizados en la p\u00e1gina web y revisar los indicadores de [&hellip;]","og_url":"https:\/\/ed.umh.es\/la-escuela\/estructura-administrativa\/","og_site_name":"Escuela de doctorado UMH","article_modified_time":"2026-03-02T13:17:38+00:00","twitter_card":"summary_large_image","twitter_misc":{"Est. reading time":"2 minutes"},"schema":{"@context":"https:\/\/schema.org","@graph":[{"@type":"WebSite","@id":"https:\/\/ed.umh.es\/#website","url":"https:\/\/ed.umh.es\/","name":"Escuela de doctorado UMH","description":"Escuela de doctorado UMH","potentialAction":[{"@type":"SearchAction","target":{"@type":"EntryPoint","urlTemplate":"https:\/\/ed.umh.es\/?s={search_term_string}"},"query-input":"required name=search_term_string"}],"inLanguage":"en-US"},{"@type":"WebPage","@id":"https:\/\/ed.umh.es\/la-escuela\/estructura-administrativa\/#webpage","url":"https:\/\/ed.umh.es\/la-escuela\/estructura-administrativa\/","name":"Estructura Administrativa - Escuela de doctorado UMH","isPartOf":{"@id":"https:\/\/ed.umh.es\/#website"},"datePublished":"2023-11-14T11:05:04+00:00","dateModified":"2026-03-02T13:17:38+00:00","breadcrumb":{"@id":"https:\/\/ed.umh.es\/la-escuela\/estructura-administrativa\/#breadcrumb"},"inLanguage":"en-US","potentialAction":[{"@type":"ReadAction","target":["https:\/\/ed.umh.es\/la-escuela\/estructura-administrativa\/"]}]},{"@type":"BreadcrumbList","@id":"https:\/\/ed.umh.es\/la-escuela\/estructura-administrativa\/#breadcrumb","itemListElement":[{"@type":"ListItem","position":1,"name":"Portada","item":"https:\/\/ed.umh.es\/"},{"@type":"ListItem","position":2,"name":"LA ESCUELA","item":"https:\/\/ed.umh.es\/la-escuela\/"},{"@type":"ListItem","position":3,"name":"Estructura Administrativa"}]}]}},"_links":{"self":[{"href":"https:\/\/ed.umh.es\/en\/wp-json\/wp\/v2\/pages\/161"}],"collection":[{"href":"https:\/\/ed.umh.es\/en\/wp-json\/wp\/v2\/pages"}],"about":[{"href":"https:\/\/ed.umh.es\/en\/wp-json\/wp\/v2\/types\/page"}],"author":[{"embeddable":true,"href":"https:\/\/ed.umh.es\/en\/wp-json\/wp\/v2\/users\/3158"}],"replies":[{"embeddable":true,"href":"https:\/\/ed.umh.es\/en\/wp-json\/wp\/v2\/comments?post=161"}],"version-history":[{"count":0,"href":"https:\/\/ed.umh.es\/en\/wp-json\/wp\/v2\/pages\/161\/revisions"}],"up":[{"embeddable":true,"href":"https:\/\/ed.umh.es\/en\/wp-json\/wp\/v2\/pages\/22"}],"wp:attachment":[{"href":"https:\/\/ed.umh.es\/en\/wp-json\/wp\/v2\/media?parent=161"}],"curies":[{"name":"wp","href":"https:\/\/api.w.org\/{rel}","templated":true}]}}