{"id":173,"date":"2023-11-14T11:28:11","date_gmt":"2023-11-14T11:28:11","guid":{"rendered":"https:\/\/ed.umh.es\/?page_id=173"},"modified":"2025-10-16T11:13:37","modified_gmt":"2025-10-16T11:13:37","slug":"la-direccion","status":"publish","type":"page","link":"https:\/\/ed.umh.es\/en\/la-escuela\/organos-de-gobierno\/la-direccion\/","title":{"rendered":"La Direcci\u00f3n"},"content":{"rendered":"<p><a href=\"https:\/\/www.umh.es\/contenido\/Universidad\/:persona_80437\/datos_es.html?marcaTxtBusc=sogorb\"><span style=\"font-weight: 400\">Miguel \u00c1ngel Sogorb S\u00e1nchez<\/span><\/a><\/p>\n<p><span style=\"font-weight: 400\">Direcci\u00f3n electr\u00f3nica: <\/span><a href=\"mailto:direccion.doctorado@umh.es\"><span style=\"font-weight: 400\">direccion.doctorado@umh.es<\/span><\/a><span style=\"font-weight: 400\">\u00a0<\/span><\/p>\n<p><span style=\"font-weight: 400\">Las funciones de la Direcci\u00f3n son:<\/span><\/p>\n<ul>\n<li style=\"font-weight: 400\"><span style=\"font-weight: 400\">Liderar, impulsar, organizar, dirigir, coordinar y supervisar las actividades de la EDUMH, siguiendo la estrategia marcada por el Comit\u00e9 de Direcci\u00f3n.<\/span><\/li>\n<li style=\"font-weight: 400\"><span style=\"font-weight: 400\">Representar a la EDUMH ante los \u00f3rganos de gobierno de la UMH y en actividades de formaci\u00f3n doctoral desarrolladas fuera de la UMH.<\/span><\/li>\n<li style=\"font-weight: 400\"><span style=\"font-weight: 400\">Gestionar los recursos materiales y humanos de la EDUMH.<\/span><\/li>\n<li style=\"font-weight: 400\"><span style=\"font-weight: 400\">Convocar y presidir el Comit\u00e9 de Direcci\u00f3n y la Comisi\u00f3n Permanente del Comit\u00e9 de<\/span><\/li>\n<li style=\"font-weight: 400\"><span style=\"font-weight: 400\">Direcci\u00f3n, desarrollar sus propuestas y ejecutar sus acuerdos.<\/span><\/li>\n<li style=\"font-weight: 400\"><span style=\"font-weight: 400\">Proponer al vicerrector de Investigaci\u00f3n el nombramiento de las personas que ostentar\u00e1n la secretar\u00eda y las dos subdirecciones de la EDUMH.<\/span><\/li>\n<li style=\"font-weight: 400\"><span style=\"font-weight: 400\">Ejecutar los acuerdos del Consejo de Gobierno de la UMH en el \u00e1mbito de la misi\u00f3n de la EDUMH.<\/span><\/li>\n<\/ul>\n<p><img loading=\"lazy\" class=\"size-full wp-image-152 aligncenter\" src=\"https:\/\/ed.umh.es\/files\/2023\/11\/miguel-a-sogorb.png\" alt=\"\" width=\"750\" height=\"469\" srcset=\"https:\/\/ed.umh.es\/files\/2023\/11\/miguel-a-sogorb.png 750w, https:\/\/ed.umh.es\/files\/2023\/11\/miguel-a-sogorb-300x188.png 300w\" sizes=\"(max-width: 750px) 100vw, 750px\" \/><\/p>","protected":false},"excerpt":{"rendered":"<p>Miguel \u00c1ngel Sogorb S\u00e1nchez Direcci\u00f3n electr\u00f3nica: direccion.doctorado@umh.es\u00a0 Las funciones de la Direcci\u00f3n son: Liderar, impulsar, organizar, dirigir, coordinar y supervisar las actividades de la EDUMH, siguiendo la estrategia marcada por el Comit\u00e9 de Direcci\u00f3n. Representar a la EDUMH ante los \u00f3rganos de gobierno de la UMH y en actividades de formaci\u00f3n doctoral desarrolladas fuera de [&hellip;]<\/p>\n","protected":false},"author":3158,"featured_media":0,"parent":124,"menu_order":0,"comment_status":"closed","ping_status":"closed","template":"","meta":{"_links_to":"","_links_to_target":""},"yoast_head":"<!-- This site is optimized with the Yoast SEO plugin v17.5 - https:\/\/yoast.com\/wordpress\/plugins\/seo\/ -->\n<meta name=\"robots\" content=\"index, follow, max-snippet:-1, max-image-preview:large, max-video-preview:-1\" \/>\n<link rel=\"canonical\" href=\"https:\/\/ed.umh.es\/en\/la-escuela\/organos-de-gobierno\/la-direccion\/\" \/>\n<meta property=\"og:locale\" content=\"en_US\" \/>\n<meta property=\"og:type\" content=\"article\" \/>\n<meta property=\"og:title\" content=\"La Direcci\u00f3n - Escuela de doctorado UMH\" \/>\n<meta property=\"og:description\" content=\"Miguel \u00c1ngel Sogorb S\u00e1nchez Direcci\u00f3n electr\u00f3nica: direccion.doctorado@umh.es\u00a0 Las funciones de la Direcci\u00f3n son: Liderar, impulsar, organizar, dirigir, coordinar y supervisar las actividades de la EDUMH, siguiendo la estrategia marcada por el Comit\u00e9 de Direcci\u00f3n. Representar a la EDUMH ante los \u00f3rganos de gobierno de la UMH y en actividades de formaci\u00f3n doctoral desarrolladas fuera de [&hellip;]\" \/>\n<meta property=\"og:url\" content=\"https:\/\/ed.umh.es\/la-escuela\/organos-de-gobierno\/la-direccion\/\" \/>\n<meta property=\"og:site_name\" content=\"Escuela de doctorado UMH\" \/>\n<meta property=\"article:modified_time\" content=\"2025-10-16T11:13:37+00:00\" \/>\n<meta property=\"og:image\" content=\"https:\/\/ed.umh.es\/files\/2023\/11\/miguel-a-sogorb.png\" \/>\n<meta name=\"twitter:card\" content=\"summary_large_image\" \/>\n<meta name=\"twitter:label1\" content=\"Est. reading time\" \/>\n\t<meta name=\"twitter:data1\" content=\"2 minutes\" \/>\n<script type=\"application\/ld+json\" class=\"yoast-schema-graph\">{\"@context\":\"https:\/\/schema.org\",\"@graph\":[{\"@type\":\"WebSite\",\"@id\":\"https:\/\/ed.umh.es\/#website\",\"url\":\"https:\/\/ed.umh.es\/\",\"name\":\"Escuela de doctorado UMH\",\"description\":\"Escuela de doctorado UMH\",\"potentialAction\":[{\"@type\":\"SearchAction\",\"target\":{\"@type\":\"EntryPoint\",\"urlTemplate\":\"https:\/\/ed.umh.es\/?s={search_term_string}\"},\"query-input\":\"required name=search_term_string\"}],\"inLanguage\":\"en-US\"},{\"@type\":\"ImageObject\",\"@id\":\"https:\/\/ed.umh.es\/la-escuela\/organos-de-gobierno\/la-direccion\/#primaryimage\",\"inLanguage\":\"en-US\",\"url\":\"https:\/\/ed.umh.es\/files\/2023\/11\/miguel-a-sogorb.png\",\"contentUrl\":\"https:\/\/ed.umh.es\/files\/2023\/11\/miguel-a-sogorb.png\",\"width\":750,\"height\":469},{\"@type\":\"WebPage\",\"@id\":\"https:\/\/ed.umh.es\/la-escuela\/organos-de-gobierno\/la-direccion\/#webpage\",\"url\":\"https:\/\/ed.umh.es\/la-escuela\/organos-de-gobierno\/la-direccion\/\",\"name\":\"La Direcci\\u00f3n - Escuela de doctorado UMH\",\"isPartOf\":{\"@id\":\"https:\/\/ed.umh.es\/#website\"},\"primaryImageOfPage\":{\"@id\":\"https:\/\/ed.umh.es\/la-escuela\/organos-de-gobierno\/la-direccion\/#primaryimage\"},\"datePublished\":\"2023-11-14T11:28:11+00:00\",\"dateModified\":\"2025-10-16T11:13:37+00:00\",\"breadcrumb\":{\"@id\":\"https:\/\/ed.umh.es\/la-escuela\/organos-de-gobierno\/la-direccion\/#breadcrumb\"},\"inLanguage\":\"en-US\",\"potentialAction\":[{\"@type\":\"ReadAction\",\"target\":[\"https:\/\/ed.umh.es\/la-escuela\/organos-de-gobierno\/la-direccion\/\"]}]},{\"@type\":\"BreadcrumbList\",\"@id\":\"https:\/\/ed.umh.es\/la-escuela\/organos-de-gobierno\/la-direccion\/#breadcrumb\",\"itemListElement\":[{\"@type\":\"ListItem\",\"position\":1,\"name\":\"Portada\",\"item\":\"https:\/\/ed.umh.es\/\"},{\"@type\":\"ListItem\",\"position\":2,\"name\":\"LA ESCUELA\",\"item\":\"https:\/\/ed.umh.es\/la-escuela\/\"},{\"@type\":\"ListItem\",\"position\":3,\"name\":\"\\u00d3rganos de Gobierno\",\"item\":\"https:\/\/ed.umh.es\/la-escuela\/organos-de-gobierno\/\"},{\"@type\":\"ListItem\",\"position\":4,\"name\":\"La Direcci\\u00f3n\"}]}]}<\/script>\n<!-- \/ Yoast SEO plugin. -->","yoast_head_json":{"robots":{"index":"index","follow":"follow","max-snippet":"max-snippet:-1","max-image-preview":"max-image-preview:large","max-video-preview":"max-video-preview:-1"},"canonical":"https:\/\/ed.umh.es\/en\/la-escuela\/organos-de-gobierno\/la-direccion\/","og_locale":"en_US","og_type":"article","og_title":"La Direcci\u00f3n - Escuela de doctorado UMH","og_description":"Miguel \u00c1ngel Sogorb S\u00e1nchez Direcci\u00f3n electr\u00f3nica: direccion.doctorado@umh.es\u00a0 Las funciones de la Direcci\u00f3n son: Liderar, impulsar, organizar, dirigir, coordinar y supervisar las actividades de la EDUMH, siguiendo la estrategia marcada por el Comit\u00e9 de Direcci\u00f3n. Representar a la EDUMH ante los \u00f3rganos de gobierno de la UMH y en actividades de formaci\u00f3n doctoral desarrolladas fuera de [&hellip;]","og_url":"https:\/\/ed.umh.es\/la-escuela\/organos-de-gobierno\/la-direccion\/","og_site_name":"Escuela de doctorado UMH","article_modified_time":"2025-10-16T11:13:37+00:00","og_image":[{"url":"https:\/\/ed.umh.es\/files\/2023\/11\/miguel-a-sogorb.png"}],"twitter_card":"summary_large_image","twitter_misc":{"Est. reading time":"2 minutes"},"schema":{"@context":"https:\/\/schema.org","@graph":[{"@type":"WebSite","@id":"https:\/\/ed.umh.es\/#website","url":"https:\/\/ed.umh.es\/","name":"Escuela de doctorado UMH","description":"Escuela de doctorado UMH","potentialAction":[{"@type":"SearchAction","target":{"@type":"EntryPoint","urlTemplate":"https:\/\/ed.umh.es\/?s={search_term_string}"},"query-input":"required name=search_term_string"}],"inLanguage":"en-US"},{"@type":"ImageObject","@id":"https:\/\/ed.umh.es\/la-escuela\/organos-de-gobierno\/la-direccion\/#primaryimage","inLanguage":"en-US","url":"https:\/\/ed.umh.es\/files\/2023\/11\/miguel-a-sogorb.png","contentUrl":"https:\/\/ed.umh.es\/files\/2023\/11\/miguel-a-sogorb.png","width":750,"height":469},{"@type":"WebPage","@id":"https:\/\/ed.umh.es\/la-escuela\/organos-de-gobierno\/la-direccion\/#webpage","url":"https:\/\/ed.umh.es\/la-escuela\/organos-de-gobierno\/la-direccion\/","name":"La Direcci\u00f3n - Escuela de doctorado UMH","isPartOf":{"@id":"https:\/\/ed.umh.es\/#website"},"primaryImageOfPage":{"@id":"https:\/\/ed.umh.es\/la-escuela\/organos-de-gobierno\/la-direccion\/#primaryimage"},"datePublished":"2023-11-14T11:28:11+00:00","dateModified":"2025-10-16T11:13:37+00:00","breadcrumb":{"@id":"https:\/\/ed.umh.es\/la-escuela\/organos-de-gobierno\/la-direccion\/#breadcrumb"},"inLanguage":"en-US","potentialAction":[{"@type":"ReadAction","target":["https:\/\/ed.umh.es\/la-escuela\/organos-de-gobierno\/la-direccion\/"]}]},{"@type":"BreadcrumbList","@id":"https:\/\/ed.umh.es\/la-escuela\/organos-de-gobierno\/la-direccion\/#breadcrumb","itemListElement":[{"@type":"ListItem","position":1,"name":"Portada","item":"https:\/\/ed.umh.es\/"},{"@type":"ListItem","position":2,"name":"LA ESCUELA","item":"https:\/\/ed.umh.es\/la-escuela\/"},{"@type":"ListItem","position":3,"name":"\u00d3rganos de Gobierno","item":"https:\/\/ed.umh.es\/la-escuela\/organos-de-gobierno\/"},{"@type":"ListItem","position":4,"name":"La Direcci\u00f3n"}]}]}},"_links":{"self":[{"href":"https:\/\/ed.umh.es\/en\/wp-json\/wp\/v2\/pages\/173"}],"collection":[{"href":"https:\/\/ed.umh.es\/en\/wp-json\/wp\/v2\/pages"}],"about":[{"href":"https:\/\/ed.umh.es\/en\/wp-json\/wp\/v2\/types\/page"}],"author":[{"embeddable":true,"href":"https:\/\/ed.umh.es\/en\/wp-json\/wp\/v2\/users\/3158"}],"replies":[{"embeddable":true,"href":"https:\/\/ed.umh.es\/en\/wp-json\/wp\/v2\/comments?post=173"}],"version-history":[{"count":0,"href":"https:\/\/ed.umh.es\/en\/wp-json\/wp\/v2\/pages\/173\/revisions"}],"up":[{"embeddable":true,"href":"https:\/\/ed.umh.es\/en\/wp-json\/wp\/v2\/pages\/124"}],"wp:attachment":[{"href":"https:\/\/ed.umh.es\/en\/wp-json\/wp\/v2\/media?parent=173"}],"curies":[{"name":"wp","href":"https:\/\/api.w.org\/{rel}","templated":true}]}}