{"id":176,"date":"2023-11-14T11:33:53","date_gmt":"2023-11-14T11:33:53","guid":{"rendered":"https:\/\/ed.umh.es\/?page_id=176"},"modified":"2025-12-16T09:16:48","modified_gmt":"2025-12-16T09:16:48","slug":"la-secretaria","status":"publish","type":"page","link":"https:\/\/ed.umh.es\/en\/la-escuela\/organos-de-gobierno\/la-secretaria\/","title":{"rendered":"La Secretar\u00eda"},"content":{"rendered":"<p><a href=\"https:\/\/www.umh.es\/contenido\/Universidad\/:persona_692\/datos_es.html?marcaTxtBusc=navarrete%20mu%C3%B1oz\"><span style=\"font-weight: 400\">Eva Mar\u00eda Navarrete Mu\u00f1oz<\/span><\/a><\/p>\n<p><span style=\"font-weight: 400\">Las funciones de la secretar\u00eda son:<\/span><\/p>\n<ul>\n<li style=\"font-weight: 400\"><span style=\"font-weight: 400\">Redactar y custodiar las actas del Comit\u00e9 de Direcci\u00f3n y de la Comisi\u00f3n Permanente del Comit\u00e9 de Direcci\u00f3n.<\/span><\/li>\n<li style=\"font-weight: 400\"><span style=\"font-weight: 400\">Expedir certificaciones de los acuerdos del Comit\u00e9 de Direcci\u00f3n y de la Comisi\u00f3n Permanente del Comit\u00e9 de Direcci\u00f3n.<\/span><\/li>\n<li style=\"font-weight: 400\"><span style=\"font-weight: 400\">Coordinar, conjuntamente con la secretaria general de la UMH, la publicidad de los acuerdos y resoluciones de los \u00f3rganos de gobierno de la EDUMH.<\/span><\/li>\n<li style=\"font-weight: 400\"><span style=\"font-weight: 400\">Cualquier funci\u00f3n que le asigne la direcci\u00f3n en el \u00e1mbito de las competencias de la EDUMH.<\/span><\/li>\n<\/ul>\n<p><img loading=\"lazy\" class=\"size-medium wp-image-202 aligncenter\" src=\"https:\/\/ed.umh.es\/files\/2023\/11\/Eva-Maria-Navarrete-300x300.png\" alt=\"\" width=\"300\" height=\"300\" srcset=\"https:\/\/ed.umh.es\/files\/2023\/11\/Eva-Maria-Navarrete-300x300.png 300w, https:\/\/ed.umh.es\/files\/2023\/11\/Eva-Maria-Navarrete-150x150.png 150w, https:\/\/ed.umh.es\/files\/2023\/11\/Eva-Maria-Navarrete.png 504w\" sizes=\"(max-width: 300px) 100vw, 300px\" \/><\/p>","protected":false},"excerpt":{"rendered":"<p>Eva Mar\u00eda Navarrete Mu\u00f1oz Las funciones de la secretar\u00eda son: Redactar y custodiar las actas del Comit\u00e9 de Direcci\u00f3n y de la Comisi\u00f3n Permanente del Comit\u00e9 de Direcci\u00f3n. Expedir certificaciones de los acuerdos del Comit\u00e9 de Direcci\u00f3n y de la Comisi\u00f3n Permanente del Comit\u00e9 de Direcci\u00f3n. Coordinar, conjuntamente con la secretaria general de la UMH, [&hellip;]<\/p>\n","protected":false},"author":3158,"featured_media":0,"parent":124,"menu_order":10,"comment_status":"closed","ping_status":"closed","template":"","meta":{"_links_to":"","_links_to_target":""},"yoast_head":"<!-- This site is optimized with the Yoast SEO plugin v17.5 - https:\/\/yoast.com\/wordpress\/plugins\/seo\/ -->\n<meta name=\"robots\" content=\"index, follow, max-snippet:-1, max-image-preview:large, max-video-preview:-1\" \/>\n<link rel=\"canonical\" href=\"https:\/\/ed.umh.es\/en\/la-escuela\/organos-de-gobierno\/la-secretaria\/\" \/>\n<meta property=\"og:locale\" content=\"en_US\" \/>\n<meta property=\"og:type\" content=\"article\" \/>\n<meta property=\"og:title\" content=\"La Secretar\u00eda - Escuela de doctorado UMH\" \/>\n<meta property=\"og:description\" content=\"Eva Mar\u00eda Navarrete Mu\u00f1oz Las funciones de la secretar\u00eda son: Redactar y custodiar las actas del Comit\u00e9 de Direcci\u00f3n y de la Comisi\u00f3n Permanente del Comit\u00e9 de Direcci\u00f3n. Expedir certificaciones de los acuerdos del Comit\u00e9 de Direcci\u00f3n y de la Comisi\u00f3n Permanente del Comit\u00e9 de Direcci\u00f3n. Coordinar, conjuntamente con la secretaria general de la UMH, [&hellip;]\" \/>\n<meta property=\"og:url\" content=\"https:\/\/ed.umh.es\/la-escuela\/organos-de-gobierno\/la-secretaria\/\" \/>\n<meta property=\"og:site_name\" content=\"Escuela de doctorado UMH\" \/>\n<meta property=\"article:modified_time\" content=\"2025-12-16T09:16:48+00:00\" \/>\n<meta property=\"og:image\" content=\"https:\/\/ed.umh.es\/files\/2023\/11\/Eva-Maria-Navarrete-300x300.png\" \/>\n<meta name=\"twitter:card\" content=\"summary_large_image\" \/>\n<meta name=\"twitter:label1\" content=\"Est. reading time\" \/>\n\t<meta name=\"twitter:data1\" content=\"1 minute\" \/>\n<script type=\"application\/ld+json\" class=\"yoast-schema-graph\">{\"@context\":\"https:\/\/schema.org\",\"@graph\":[{\"@type\":\"WebSite\",\"@id\":\"https:\/\/ed.umh.es\/#website\",\"url\":\"https:\/\/ed.umh.es\/\",\"name\":\"Escuela de doctorado UMH\",\"description\":\"Escuela de doctorado UMH\",\"potentialAction\":[{\"@type\":\"SearchAction\",\"target\":{\"@type\":\"EntryPoint\",\"urlTemplate\":\"https:\/\/ed.umh.es\/?s={search_term_string}\"},\"query-input\":\"required name=search_term_string\"}],\"inLanguage\":\"en-US\"},{\"@type\":\"ImageObject\",\"@id\":\"https:\/\/ed.umh.es\/la-escuela\/organos-de-gobierno\/la-secretaria\/#primaryimage\",\"inLanguage\":\"en-US\",\"url\":\"https:\/\/ed.umh.es\/files\/2023\/11\/Eva-Maria-Navarrete.png\",\"contentUrl\":\"https:\/\/ed.umh.es\/files\/2023\/11\/Eva-Maria-Navarrete.png\",\"width\":504,\"height\":504},{\"@type\":\"WebPage\",\"@id\":\"https:\/\/ed.umh.es\/la-escuela\/organos-de-gobierno\/la-secretaria\/#webpage\",\"url\":\"https:\/\/ed.umh.es\/la-escuela\/organos-de-gobierno\/la-secretaria\/\",\"name\":\"La Secretar\\u00eda - Escuela de doctorado UMH\",\"isPartOf\":{\"@id\":\"https:\/\/ed.umh.es\/#website\"},\"primaryImageOfPage\":{\"@id\":\"https:\/\/ed.umh.es\/la-escuela\/organos-de-gobierno\/la-secretaria\/#primaryimage\"},\"datePublished\":\"2023-11-14T11:33:53+00:00\",\"dateModified\":\"2025-12-16T09:16:48+00:00\",\"breadcrumb\":{\"@id\":\"https:\/\/ed.umh.es\/la-escuela\/organos-de-gobierno\/la-secretaria\/#breadcrumb\"},\"inLanguage\":\"en-US\",\"potentialAction\":[{\"@type\":\"ReadAction\",\"target\":[\"https:\/\/ed.umh.es\/la-escuela\/organos-de-gobierno\/la-secretaria\/\"]}]},{\"@type\":\"BreadcrumbList\",\"@id\":\"https:\/\/ed.umh.es\/la-escuela\/organos-de-gobierno\/la-secretaria\/#breadcrumb\",\"itemListElement\":[{\"@type\":\"ListItem\",\"position\":1,\"name\":\"Portada\",\"item\":\"https:\/\/ed.umh.es\/\"},{\"@type\":\"ListItem\",\"position\":2,\"name\":\"LA ESCUELA\",\"item\":\"https:\/\/ed.umh.es\/la-escuela\/\"},{\"@type\":\"ListItem\",\"position\":3,\"name\":\"\\u00d3rganos de Gobierno\",\"item\":\"https:\/\/ed.umh.es\/la-escuela\/organos-de-gobierno\/\"},{\"@type\":\"ListItem\",\"position\":4,\"name\":\"La Secretar\\u00eda\"}]}]}<\/script>\n<!-- \/ Yoast SEO plugin. -->","yoast_head_json":{"robots":{"index":"index","follow":"follow","max-snippet":"max-snippet:-1","max-image-preview":"max-image-preview:large","max-video-preview":"max-video-preview:-1"},"canonical":"https:\/\/ed.umh.es\/en\/la-escuela\/organos-de-gobierno\/la-secretaria\/","og_locale":"en_US","og_type":"article","og_title":"La Secretar\u00eda - Escuela de doctorado UMH","og_description":"Eva Mar\u00eda Navarrete Mu\u00f1oz Las funciones de la secretar\u00eda son: Redactar y custodiar las actas del Comit\u00e9 de Direcci\u00f3n y de la Comisi\u00f3n Permanente del Comit\u00e9 de Direcci\u00f3n. Expedir certificaciones de los acuerdos del Comit\u00e9 de Direcci\u00f3n y de la Comisi\u00f3n Permanente del Comit\u00e9 de Direcci\u00f3n. Coordinar, conjuntamente con la secretaria general de la UMH, [&hellip;]","og_url":"https:\/\/ed.umh.es\/la-escuela\/organos-de-gobierno\/la-secretaria\/","og_site_name":"Escuela de doctorado UMH","article_modified_time":"2025-12-16T09:16:48+00:00","og_image":[{"url":"https:\/\/ed.umh.es\/files\/2023\/11\/Eva-Maria-Navarrete-300x300.png"}],"twitter_card":"summary_large_image","twitter_misc":{"Est. reading time":"1 minute"},"schema":{"@context":"https:\/\/schema.org","@graph":[{"@type":"WebSite","@id":"https:\/\/ed.umh.es\/#website","url":"https:\/\/ed.umh.es\/","name":"Escuela de doctorado UMH","description":"Escuela de doctorado UMH","potentialAction":[{"@type":"SearchAction","target":{"@type":"EntryPoint","urlTemplate":"https:\/\/ed.umh.es\/?s={search_term_string}"},"query-input":"required name=search_term_string"}],"inLanguage":"en-US"},{"@type":"ImageObject","@id":"https:\/\/ed.umh.es\/la-escuela\/organos-de-gobierno\/la-secretaria\/#primaryimage","inLanguage":"en-US","url":"https:\/\/ed.umh.es\/files\/2023\/11\/Eva-Maria-Navarrete.png","contentUrl":"https:\/\/ed.umh.es\/files\/2023\/11\/Eva-Maria-Navarrete.png","width":504,"height":504},{"@type":"WebPage","@id":"https:\/\/ed.umh.es\/la-escuela\/organos-de-gobierno\/la-secretaria\/#webpage","url":"https:\/\/ed.umh.es\/la-escuela\/organos-de-gobierno\/la-secretaria\/","name":"La Secretar\u00eda - Escuela de doctorado UMH","isPartOf":{"@id":"https:\/\/ed.umh.es\/#website"},"primaryImageOfPage":{"@id":"https:\/\/ed.umh.es\/la-escuela\/organos-de-gobierno\/la-secretaria\/#primaryimage"},"datePublished":"2023-11-14T11:33:53+00:00","dateModified":"2025-12-16T09:16:48+00:00","breadcrumb":{"@id":"https:\/\/ed.umh.es\/la-escuela\/organos-de-gobierno\/la-secretaria\/#breadcrumb"},"inLanguage":"en-US","potentialAction":[{"@type":"ReadAction","target":["https:\/\/ed.umh.es\/la-escuela\/organos-de-gobierno\/la-secretaria\/"]}]},{"@type":"BreadcrumbList","@id":"https:\/\/ed.umh.es\/la-escuela\/organos-de-gobierno\/la-secretaria\/#breadcrumb","itemListElement":[{"@type":"ListItem","position":1,"name":"Portada","item":"https:\/\/ed.umh.es\/"},{"@type":"ListItem","position":2,"name":"LA ESCUELA","item":"https:\/\/ed.umh.es\/la-escuela\/"},{"@type":"ListItem","position":3,"name":"\u00d3rganos de Gobierno","item":"https:\/\/ed.umh.es\/la-escuela\/organos-de-gobierno\/"},{"@type":"ListItem","position":4,"name":"La Secretar\u00eda"}]}]}},"_links":{"self":[{"href":"https:\/\/ed.umh.es\/en\/wp-json\/wp\/v2\/pages\/176"}],"collection":[{"href":"https:\/\/ed.umh.es\/en\/wp-json\/wp\/v2\/pages"}],"about":[{"href":"https:\/\/ed.umh.es\/en\/wp-json\/wp\/v2\/types\/page"}],"author":[{"embeddable":true,"href":"https:\/\/ed.umh.es\/en\/wp-json\/wp\/v2\/users\/3158"}],"replies":[{"embeddable":true,"href":"https:\/\/ed.umh.es\/en\/wp-json\/wp\/v2\/comments?post=176"}],"version-history":[{"count":0,"href":"https:\/\/ed.umh.es\/en\/wp-json\/wp\/v2\/pages\/176\/revisions"}],"up":[{"embeddable":true,"href":"https:\/\/ed.umh.es\/en\/wp-json\/wp\/v2\/pages\/124"}],"wp:attachment":[{"href":"https:\/\/ed.umh.es\/en\/wp-json\/wp\/v2\/media?parent=176"}],"curies":[{"name":"wp","href":"https:\/\/api.w.org\/{rel}","templated":true}]}}