{"id":185,"date":"2023-11-14T11:38:04","date_gmt":"2023-11-14T11:38:04","guid":{"rendered":"https:\/\/ed.umh.es\/?page_id=185"},"modified":"2026-03-12T11:26:49","modified_gmt":"2026-03-12T11:26:49","slug":"la-subdireccion-para-la-calidad","status":"publish","type":"page","link":"https:\/\/ed.umh.es\/en\/la-escuela\/organos-de-gobierno\/la-subdireccion-para-la-calidad\/","title":{"rendered":"La Subdirecci\u00f3n para la Calidad"},"content":{"rendered":"<p><a href=\"https:\/\/www.umh.es\/contenido\/Universidad\/:persona_3706\/datos_es.html?marcaTxtBusc=rosario%20tur\"><span style=\"font-weight: 400\">Rosario Tur Ausina<\/span><\/a><\/p>\n<p><span style=\"font-weight: 400\">Las funciones de la subdirecci\u00f3n para la calidad son:<\/span><\/p>\n<ul>\n<li style=\"font-weight: 400\"><span style=\"font-weight: 400\">Velar e impulsar, en colaboraci\u00f3n con el Servicio de Calidad, por la calidad de la EDUMH y de los programas de doctorado.<\/span><\/li>\n<li style=\"font-weight: 400\"><span style=\"font-weight: 400\">Supervisar el Sistema de Garant\u00eda Interna de Calidad de la EDUMH y de sus programas de doctorado.<\/span><\/li>\n<li style=\"font-weight: 400\"><span style=\"font-weight: 400\">Realizar un seguimiento de los indicadores del Plan de Calidad de los programas de doctorado.<\/span><\/li>\n<li style=\"font-weight: 400\"><span style=\"font-weight: 400\">Supervisar los procesos de reacreditaci\u00f3n y seguimiento de los Programas de Doctorado.<\/span><\/li>\n<li style=\"font-weight: 400\"><span style=\"font-weight: 400\">Supervisar los planes de mejora de los Programas de Doctorado.<\/span><\/li>\n<li style=\"font-weight: 400\"><span style=\"font-weight: 400\">Supervisar los informes de revisi\u00f3n de resultados de los Programas de Doctorado.<\/span><\/li>\n<li style=\"font-weight: 400\"><span style=\"font-weight: 400\">Colaborar en la evaluaci\u00f3n del nivel de satisfacci\u00f3n de los distintos grupos de inter\u00e9s, tanto de la EDUMH como de los Programas de Doctorado.<\/span><\/li>\n<li style=\"font-weight: 400\"><span style=\"font-weight: 400\">Coordinar las actuaciones de la EDUMH con las del Servicio de Calidad de la UMH.<\/span><\/li>\n<li style=\"font-weight: 400\"><span style=\"font-weight: 400\">Cualquier otra funci\u00f3n que le sea propia para la mejora de la calidad de la formaci\u00f3n doctoral en la UMH o delegada por el director de la EDUMH.<\/span><\/li>\n<\/ul>\n<p><img loading=\"lazy\" class=\"alignnone size-medium wp-image-250 aligncenter\" src=\"https:\/\/ed.umh.es\/files\/2023\/11\/foto-rosario-tur-300x300.png\" alt=\"\" width=\"300\" height=\"300\" srcset=\"https:\/\/ed.umh.es\/files\/2023\/11\/foto-rosario-tur-300x300.png 300w, https:\/\/ed.umh.es\/files\/2023\/11\/foto-rosario-tur-150x150.png 150w, https:\/\/ed.umh.es\/files\/2023\/11\/foto-rosario-tur.png 504w\" sizes=\"(max-width: 300px) 100vw, 300px\" \/><\/p>","protected":false},"excerpt":{"rendered":"<p>Rosario Tur Ausina Las funciones de la subdirecci\u00f3n para la calidad son: Velar e impulsar, en colaboraci\u00f3n con el Servicio de Calidad, por la calidad de la EDUMH y de los programas de doctorado. Supervisar el Sistema de Garant\u00eda Interna de Calidad de la EDUMH y de sus programas de doctorado. Realizar un seguimiento de [&hellip;]<\/p>\n","protected":false},"author":3158,"featured_media":0,"parent":124,"menu_order":30,"comment_status":"closed","ping_status":"closed","template":"","meta":{"_links_to":"","_links_to_target":""},"yoast_head":"<!-- This site is optimized with the Yoast SEO plugin v17.5 - https:\/\/yoast.com\/wordpress\/plugins\/seo\/ -->\n<meta name=\"robots\" content=\"index, follow, max-snippet:-1, max-image-preview:large, max-video-preview:-1\" \/>\n<link rel=\"canonical\" href=\"https:\/\/ed.umh.es\/en\/la-escuela\/organos-de-gobierno\/la-subdireccion-para-la-calidad\/\" \/>\n<meta property=\"og:locale\" content=\"en_US\" \/>\n<meta property=\"og:type\" content=\"article\" \/>\n<meta property=\"og:title\" content=\"La Subdirecci\u00f3n para la Calidad - Escuela de doctorado UMH\" \/>\n<meta property=\"og:description\" content=\"Rosario Tur Ausina Las funciones de la subdirecci\u00f3n para la calidad son: Velar e impulsar, en colaboraci\u00f3n con el Servicio de Calidad, por la calidad de la EDUMH y de los programas de doctorado. Supervisar el Sistema de Garant\u00eda Interna de Calidad de la EDUMH y de sus programas de doctorado. Realizar un seguimiento de [&hellip;]\" \/>\n<meta property=\"og:url\" content=\"https:\/\/ed.umh.es\/la-escuela\/organos-de-gobierno\/la-subdireccion-para-la-calidad\/\" \/>\n<meta property=\"og:site_name\" content=\"Escuela de doctorado UMH\" \/>\n<meta property=\"article:modified_time\" content=\"2026-03-12T11:26:49+00:00\" \/>\n<meta property=\"og:image\" content=\"https:\/\/ed.umh.es\/files\/2023\/11\/foto-rosario-tur-300x300.png\" \/>\n<meta name=\"twitter:card\" content=\"summary_large_image\" \/>\n<meta name=\"twitter:label1\" content=\"Est. reading time\" \/>\n\t<meta name=\"twitter:data1\" content=\"3 minutes\" \/>\n<script type=\"application\/ld+json\" class=\"yoast-schema-graph\">{\"@context\":\"https:\/\/schema.org\",\"@graph\":[{\"@type\":\"WebSite\",\"@id\":\"https:\/\/ed.umh.es\/#website\",\"url\":\"https:\/\/ed.umh.es\/\",\"name\":\"Escuela de doctorado UMH\",\"description\":\"Escuela de doctorado UMH\",\"potentialAction\":[{\"@type\":\"SearchAction\",\"target\":{\"@type\":\"EntryPoint\",\"urlTemplate\":\"https:\/\/ed.umh.es\/?s={search_term_string}\"},\"query-input\":\"required name=search_term_string\"}],\"inLanguage\":\"en-US\"},{\"@type\":\"ImageObject\",\"@id\":\"https:\/\/ed.umh.es\/la-escuela\/organos-de-gobierno\/la-subdireccion-para-la-calidad\/#primaryimage\",\"inLanguage\":\"en-US\",\"url\":\"https:\/\/ed.umh.es\/files\/2023\/11\/foto-rosario-tur.png\",\"contentUrl\":\"https:\/\/ed.umh.es\/files\/2023\/11\/foto-rosario-tur.png\",\"width\":504,\"height\":504},{\"@type\":\"WebPage\",\"@id\":\"https:\/\/ed.umh.es\/la-escuela\/organos-de-gobierno\/la-subdireccion-para-la-calidad\/#webpage\",\"url\":\"https:\/\/ed.umh.es\/la-escuela\/organos-de-gobierno\/la-subdireccion-para-la-calidad\/\",\"name\":\"La Subdirecci\\u00f3n para la Calidad - Escuela de doctorado UMH\",\"isPartOf\":{\"@id\":\"https:\/\/ed.umh.es\/#website\"},\"primaryImageOfPage\":{\"@id\":\"https:\/\/ed.umh.es\/la-escuela\/organos-de-gobierno\/la-subdireccion-para-la-calidad\/#primaryimage\"},\"datePublished\":\"2023-11-14T11:38:04+00:00\",\"dateModified\":\"2026-03-12T11:26:49+00:00\",\"breadcrumb\":{\"@id\":\"https:\/\/ed.umh.es\/la-escuela\/organos-de-gobierno\/la-subdireccion-para-la-calidad\/#breadcrumb\"},\"inLanguage\":\"en-US\",\"potentialAction\":[{\"@type\":\"ReadAction\",\"target\":[\"https:\/\/ed.umh.es\/la-escuela\/organos-de-gobierno\/la-subdireccion-para-la-calidad\/\"]}]},{\"@type\":\"BreadcrumbList\",\"@id\":\"https:\/\/ed.umh.es\/la-escuela\/organos-de-gobierno\/la-subdireccion-para-la-calidad\/#breadcrumb\",\"itemListElement\":[{\"@type\":\"ListItem\",\"position\":1,\"name\":\"Portada\",\"item\":\"https:\/\/ed.umh.es\/\"},{\"@type\":\"ListItem\",\"position\":2,\"name\":\"LA ESCUELA\",\"item\":\"https:\/\/ed.umh.es\/la-escuela\/\"},{\"@type\":\"ListItem\",\"position\":3,\"name\":\"\\u00d3rganos de Gobierno\",\"item\":\"https:\/\/ed.umh.es\/la-escuela\/organos-de-gobierno\/\"},{\"@type\":\"ListItem\",\"position\":4,\"name\":\"La Subdirecci\\u00f3n para la Calidad\"}]}]}<\/script>\n<!-- \/ Yoast SEO plugin. -->","yoast_head_json":{"robots":{"index":"index","follow":"follow","max-snippet":"max-snippet:-1","max-image-preview":"max-image-preview:large","max-video-preview":"max-video-preview:-1"},"canonical":"https:\/\/ed.umh.es\/en\/la-escuela\/organos-de-gobierno\/la-subdireccion-para-la-calidad\/","og_locale":"en_US","og_type":"article","og_title":"La Subdirecci\u00f3n para la Calidad - Escuela de doctorado UMH","og_description":"Rosario Tur Ausina Las funciones de la subdirecci\u00f3n para la calidad son: Velar e impulsar, en colaboraci\u00f3n con el Servicio de Calidad, por la calidad de la EDUMH y de los programas de doctorado. Supervisar el Sistema de Garant\u00eda Interna de Calidad de la EDUMH y de sus programas de doctorado. Realizar un seguimiento de [&hellip;]","og_url":"https:\/\/ed.umh.es\/la-escuela\/organos-de-gobierno\/la-subdireccion-para-la-calidad\/","og_site_name":"Escuela de doctorado UMH","article_modified_time":"2026-03-12T11:26:49+00:00","og_image":[{"url":"https:\/\/ed.umh.es\/files\/2023\/11\/foto-rosario-tur-300x300.png"}],"twitter_card":"summary_large_image","twitter_misc":{"Est. reading time":"3 minutes"},"schema":{"@context":"https:\/\/schema.org","@graph":[{"@type":"WebSite","@id":"https:\/\/ed.umh.es\/#website","url":"https:\/\/ed.umh.es\/","name":"Escuela de doctorado UMH","description":"Escuela de doctorado UMH","potentialAction":[{"@type":"SearchAction","target":{"@type":"EntryPoint","urlTemplate":"https:\/\/ed.umh.es\/?s={search_term_string}"},"query-input":"required name=search_term_string"}],"inLanguage":"en-US"},{"@type":"ImageObject","@id":"https:\/\/ed.umh.es\/la-escuela\/organos-de-gobierno\/la-subdireccion-para-la-calidad\/#primaryimage","inLanguage":"en-US","url":"https:\/\/ed.umh.es\/files\/2023\/11\/foto-rosario-tur.png","contentUrl":"https:\/\/ed.umh.es\/files\/2023\/11\/foto-rosario-tur.png","width":504,"height":504},{"@type":"WebPage","@id":"https:\/\/ed.umh.es\/la-escuela\/organos-de-gobierno\/la-subdireccion-para-la-calidad\/#webpage","url":"https:\/\/ed.umh.es\/la-escuela\/organos-de-gobierno\/la-subdireccion-para-la-calidad\/","name":"La Subdirecci\u00f3n para la Calidad - Escuela de doctorado UMH","isPartOf":{"@id":"https:\/\/ed.umh.es\/#website"},"primaryImageOfPage":{"@id":"https:\/\/ed.umh.es\/la-escuela\/organos-de-gobierno\/la-subdireccion-para-la-calidad\/#primaryimage"},"datePublished":"2023-11-14T11:38:04+00:00","dateModified":"2026-03-12T11:26:49+00:00","breadcrumb":{"@id":"https:\/\/ed.umh.es\/la-escuela\/organos-de-gobierno\/la-subdireccion-para-la-calidad\/#breadcrumb"},"inLanguage":"en-US","potentialAction":[{"@type":"ReadAction","target":["https:\/\/ed.umh.es\/la-escuela\/organos-de-gobierno\/la-subdireccion-para-la-calidad\/"]}]},{"@type":"BreadcrumbList","@id":"https:\/\/ed.umh.es\/la-escuela\/organos-de-gobierno\/la-subdireccion-para-la-calidad\/#breadcrumb","itemListElement":[{"@type":"ListItem","position":1,"name":"Portada","item":"https:\/\/ed.umh.es\/"},{"@type":"ListItem","position":2,"name":"LA ESCUELA","item":"https:\/\/ed.umh.es\/la-escuela\/"},{"@type":"ListItem","position":3,"name":"\u00d3rganos de Gobierno","item":"https:\/\/ed.umh.es\/la-escuela\/organos-de-gobierno\/"},{"@type":"ListItem","position":4,"name":"La Subdirecci\u00f3n para la Calidad"}]}]}},"_links":{"self":[{"href":"https:\/\/ed.umh.es\/en\/wp-json\/wp\/v2\/pages\/185"}],"collection":[{"href":"https:\/\/ed.umh.es\/en\/wp-json\/wp\/v2\/pages"}],"about":[{"href":"https:\/\/ed.umh.es\/en\/wp-json\/wp\/v2\/types\/page"}],"author":[{"embeddable":true,"href":"https:\/\/ed.umh.es\/en\/wp-json\/wp\/v2\/users\/3158"}],"replies":[{"embeddable":true,"href":"https:\/\/ed.umh.es\/en\/wp-json\/wp\/v2\/comments?post=185"}],"version-history":[{"count":0,"href":"https:\/\/ed.umh.es\/en\/wp-json\/wp\/v2\/pages\/185\/revisions"}],"up":[{"embeddable":true,"href":"https:\/\/ed.umh.es\/en\/wp-json\/wp\/v2\/pages\/124"}],"wp:attachment":[{"href":"https:\/\/ed.umh.es\/en\/wp-json\/wp\/v2\/media?parent=185"}],"curies":[{"name":"wp","href":"https:\/\/api.w.org\/{rel}","templated":true}]}}