{"id":191,"date":"2023-11-14T11:38:35","date_gmt":"2023-11-14T11:38:35","guid":{"rendered":"https:\/\/ed.umh.es\/?page_id=191"},"modified":"2025-12-23T08:19:09","modified_gmt":"2025-12-23T08:19:09","slug":"el-comite-de-direccion","status":"publish","type":"page","link":"https:\/\/ed.umh.es\/en\/la-escuela\/organos-de-gobierno\/el-comite-de-direccion\/","title":{"rendered":"El Comit\u00e9 de Direcci\u00f3n"},"content":{"rendered":"<p><\/p>\n<p style=\"text-align: justify\"><span style=\"font-weight: 400\">Las funciones del Comit\u00e9 de Direcci\u00f3n son:<\/span><\/p>\n<ul>\n<li style=\"font-weight: 400;text-align: justify\"><span style=\"font-weight: 400\">Aprobar la propuesta de programaci\u00f3n de actividades formativas de la EDUMH, en los t\u00e9rminos previstos en la Normativa de Doctorado de la UMH.<\/span><\/li>\n<li style=\"font-weight: 400;text-align: justify\"><span style=\"font-weight: 400\">Aprobar el presupuesto de la EDUMH, para su elevaci\u00f3n a la aprobaci\u00f3n definitiva por los \u00f3rganos colegiados de la Universidad.<\/span><\/li>\n<li style=\"font-weight: 400;text-align: justify\"><span style=\"font-weight: 400\">Ejecutar el presupuesto de la UMH conforme a las Normas de ejecuci\u00f3n y funcionamiento de la UMH.<\/span><\/li>\n<li style=\"font-weight: 400;text-align: justify\"><span style=\"font-weight: 400\">Elevar al Vicerrectorado con competencias las propuestas de creaci\u00f3n o modificaci\u00f3n de cualquier normativa en el \u00e1mbito de los estudios de doctorado de la UMH.<\/span><\/li>\n<li style=\"font-weight: 400;text-align: justify\"><span style=\"font-weight: 400\">Aprobar documentos de car\u00e1cter estrat\u00e9gico para la EDUMH.<\/span><\/li>\n<li style=\"font-weight: 400;text-align: justify\"><span style=\"font-weight: 400\">Elevar al vicerrector con competencias en investigaci\u00f3n cualquier propuesta de modificaci\u00f3n del RRI de la EDUMH para su posterior aprobaci\u00f3n por el Consejo de Gobierno de la UMH.<\/span><\/li>\n<li style=\"font-weight: 400;text-align: justify\"><span style=\"font-weight: 400\">Establecer criterios y directrices para la creaci\u00f3n, modificaci\u00f3n y supresi\u00f3n de Programas de Doctorado en la UMH y remitir estos criterios y directrices al vicerrectorado competente para su posterior aprobaci\u00f3n por parte del Consejo de Gobierno de la UMH.<\/span><\/li>\n<li style=\"font-weight: 400;text-align: justify\"><span style=\"font-weight: 400\">Aprobar la composici\u00f3n de las Comisiones Acad\u00e9micas de los Programas de Doctorado, de sus Coordinadores y Coordinadores adjuntos y elevar la propuesta al vicerrector de<\/span><\/li>\n<li style=\"font-weight: 400;text-align: justify\"><span style=\"font-weight: 400\">Investigaci\u00f3n para el posterior nombramiento por parte del rector.<\/span><\/li>\n<li style=\"font-weight: 400;text-align: justify\"><span style=\"font-weight: 400\">Aprobar la propuesta de los Premios Extraordinarios de Doctorado.<\/span><\/li>\n<li style=\"font-weight: 400;text-align: justify\"><span style=\"font-weight: 400\">Aprobar los convenios de cotutela internacional, doble doctorado internacional y doctorado industrial y remitir estos a los vicerrectores con competencias para su firma.<\/span><\/li>\n<li style=\"font-weight: 400;text-align: justify\"><span style=\"font-weight: 400\">Mejorar, en colaboraci\u00f3n con el Servicio de Calidad de la UMH, la calidad de la EDUMH y de los Programas de Doctorado.<\/span><\/li>\n<li style=\"font-weight: 400;text-align: justify\"><span style=\"font-weight: 400\">Velar por el cumplimiento de lo establecido en las memorias de verificaci\u00f3n de los Programas de Doctorado.<\/span><\/li>\n<li style=\"font-weight: 400;text-align: justify\"><span style=\"font-weight: 400\">Proponer y aprobar la creaci\u00f3n de comisiones de trabajo espec\u00edficas para tratar asuntos concretos de inter\u00e9s para la EDUMH.<\/span><\/li>\n<li style=\"font-weight: 400;text-align: justify\"><span style=\"font-weight: 400\">Aprobar los criterios y procedimientos de convocatorias de ayudas a la investigaci\u00f3n que la EDUMH pudiera convocar.<\/span><\/li>\n<li style=\"font-weight: 400;text-align: justify\"><span style=\"font-weight: 400\">Cualquier otra funci\u00f3n que encomiende a la EDUMH el Consejo de Gobierno de la UMH.<\/span><\/li>\n<\/ul>\n<p><strong>MIEMBROS DEL COMIT\u00c9 DE DIRECCI\u00d3N:<\/strong><\/p>\n<ul>\n<li><strong>Director:\u00a0<\/strong>Miguel \u00c1ngel Sogorb S\u00e1nchez (msogor@umh.es)<\/li>\n<li><strong>Subdirectora para la calidad:\u00a0<\/strong>Rosario Tur Ausina (charo.tur@umh.es)<\/li>\n<li><strong>Subdirectora acad\u00e9mica:\u00a0<\/strong>Gema Concepci\u00f3n Mart\u00ednez Navarrete (enavarrete@umh.es)<\/li>\n<li><strong>Secretaria:\u00a0<\/strong>Eva Mar\u00eda Navarrete Mu\u00f1oz (enavarrete@umh.es)<\/li>\n<li><strong>Coordinadores\/as de Programas de Doctorado:\u00a0<\/strong>\n<ul>\n<li>Piedad de Aza Moya (piedad@umh.es)<\/li>\n<li>Gregorio Joaqu\u00edn Fern\u00e1ndez Ballester (gregorio@umh.es)<\/li>\n<li>Marina Estrada de la Cruz (mestrada@umh.es)<\/li>\n<li>Domingo Morales Gonz\u00e1lez (d.morales@umh.es)<\/li>\n<li>Jos\u00e9 Navarro Pedre\u00f1o (jonavar@umh.es)<\/li>\n<li>Mar\u00eda Cruz Morenilla Palao (cruz@umh.es)<\/li>\n<li>Ana Meca Mart\u00ednez (ana.meca@umh.es)<\/li>\n<li>Juana Fern\u00e1ndez L\u00f3pez (j.fernandez@umh.es)<\/li>\n<li>Mar\u00eda del Mar Masi\u00e1 Canuto (mmasia@umh.es)<\/li>\n<li>\u00d3scar Reinoso Garc\u00eda (o.reinoso@umh.es)<\/li>\n<li>Francisco Javier Moreno Hern\u00e1ndez (fmoreno@umh.es)<\/li>\n<li>Enrique Perdiguero Gil (quique@umh.es)<\/li>\n<li>Fernando Mir\u00f3 Llinares (f.miro@umh.es)<\/li>\n<li>Daniel Pablo Tejero Olivares (daniel.tejero@umh.es)<\/li>\n<\/ul>\n<\/li>\n<li><strong>Vicerrectores:<\/strong>\n<ul>\n<li><strong>Investigaci\u00f3n y Transferencia:\u00a0<\/strong>\u00c1ngel Antonio Carbonell Barrachina (vdo.investigacion@umh.es)<\/li>\n<li><strong>Estudios<\/strong> <strong>(por delegaci\u00f3n):\u00a0<\/strong>Luis Pay\u00e1 Castell\u00f3 (lpaya@umh.es)<\/li>\n<li><strong>Estudiantes y Coordinaci\u00f3n<\/strong> <strong>(por delegaci\u00f3n):\u00a0<\/strong>Bego\u00f1a Ivars Nicol\u00e1s (bivars@umh.es)<\/li>\n<\/ul>\n<\/li>\n<li><strong>Vicerrectores adjuntos:<\/strong>\n<ul>\n<li><strong>Vicerrectora adjunta de investigaci\u00f3n para la evaluaci\u00f3n de la investigaci\u00f3n:\u00a0<\/strong>Laura Ant\u00f3n S\u00e1nchez (l.anton@umh.es)<\/li>\n<li><strong>Vicerrector adjunto de investigaci\u00f3n para la gesti\u00f3n de la investigaci\u00f3n y transferencia:\u00a0<\/strong>Javier S\u00e1ez Valero (j.saez@umh.es)<\/li>\n<\/ul>\n<\/li>\n<li><strong>Gerente del Parque Cient\u00edfico:\u00a0<\/strong>Antonia Salinas Miralles (tsalinas@fundacionumh.es)<\/li>\n<li><strong>Dos representantes de los estudiantes de doctorado:\u00a0<\/strong>Carmen Mar\u00eda Botella Mart\u00ednez (c.botella@umh.es) y Carlos Soler Samper (c.soler@umh.es)<\/li>\n<li><strong>Jefa del Servicio de Gesti\u00f3n de Estudios:<\/strong> Mar\u00eda Carmen L\u00f3pez Ru\u00edz (mcarmen.lopez@umh.es)<\/li>\n<li><strong>Jefe de Servicio de Gesti\u00f3n de la Investigaci\u00f3n-OTRI:<\/strong> Mariano Almela Alarc\u00f3n (m.almela@umh.es)<\/li>\n<li><strong>Jefe de la Oficina de Investigaci\u00f3n Responsable:<\/strong> Alberto Pastor Campos (albertopastor@umh.es<\/li>\n<\/ul>\n<p>Nombramiento del Comit\u00e9 de Direcci\u00f3n de la EDUMH (<a href=\"https:\/\/ed.umh.es\/files\/2023\/12\/RR_03613_2023.pdf\" target=\"_blank\" rel=\"noopener\">RR_03613_2023.pdf<\/a>)<\/p>","protected":false},"excerpt":{"rendered":"<p>Las funciones del Comit\u00e9 de Direcci\u00f3n son: Aprobar la propuesta de programaci\u00f3n de actividades formativas de la EDUMH, en los t\u00e9rminos previstos en la Normativa de Doctorado de la UMH. Aprobar el presupuesto de la EDUMH, para su elevaci\u00f3n a la aprobaci\u00f3n definitiva por los \u00f3rganos colegiados de la Universidad. Ejecutar el presupuesto de la [&hellip;]<\/p>\n","protected":false},"author":3158,"featured_media":0,"parent":124,"menu_order":40,"comment_status":"closed","ping_status":"closed","template":"","meta":{"_links_to":"","_links_to_target":""},"yoast_head":"<!-- This site is optimized with the Yoast SEO plugin v17.5 - https:\/\/yoast.com\/wordpress\/plugins\/seo\/ -->\n<meta name=\"robots\" content=\"index, follow, max-snippet:-1, max-image-preview:large, max-video-preview:-1\" \/>\n<link rel=\"canonical\" href=\"https:\/\/ed.umh.es\/en\/la-escuela\/organos-de-gobierno\/el-comite-de-direccion\/\" \/>\n<meta property=\"og:locale\" content=\"en_US\" \/>\n<meta property=\"og:type\" content=\"article\" \/>\n<meta property=\"og:title\" content=\"El Comit\u00e9 de Direcci\u00f3n - Escuela de doctorado UMH\" \/>\n<meta property=\"og:description\" content=\"Las funciones del Comit\u00e9 de Direcci\u00f3n son: Aprobar la propuesta de programaci\u00f3n de actividades formativas de la EDUMH, en los t\u00e9rminos previstos en la Normativa de Doctorado de la UMH. Aprobar el presupuesto de la EDUMH, para su elevaci\u00f3n a la aprobaci\u00f3n definitiva por los \u00f3rganos colegiados de la Universidad. Ejecutar el presupuesto de la [&hellip;]\" \/>\n<meta property=\"og:url\" content=\"https:\/\/ed.umh.es\/la-escuela\/organos-de-gobierno\/el-comite-de-direccion\/\" \/>\n<meta property=\"og:site_name\" content=\"Escuela de doctorado UMH\" \/>\n<meta property=\"article:modified_time\" content=\"2025-12-23T08:19:09+00:00\" \/>\n<meta name=\"twitter:card\" content=\"summary_large_image\" \/>\n<meta name=\"twitter:label1\" content=\"Est. reading time\" \/>\n\t<meta name=\"twitter:data1\" content=\"11 minutes\" \/>\n<script type=\"application\/ld+json\" class=\"yoast-schema-graph\">{\"@context\":\"https:\/\/schema.org\",\"@graph\":[{\"@type\":\"WebSite\",\"@id\":\"https:\/\/ed.umh.es\/#website\",\"url\":\"https:\/\/ed.umh.es\/\",\"name\":\"Escuela de doctorado UMH\",\"description\":\"Escuela de doctorado UMH\",\"potentialAction\":[{\"@type\":\"SearchAction\",\"target\":{\"@type\":\"EntryPoint\",\"urlTemplate\":\"https:\/\/ed.umh.es\/?s={search_term_string}\"},\"query-input\":\"required name=search_term_string\"}],\"inLanguage\":\"en-US\"},{\"@type\":\"WebPage\",\"@id\":\"https:\/\/ed.umh.es\/la-escuela\/organos-de-gobierno\/el-comite-de-direccion\/#webpage\",\"url\":\"https:\/\/ed.umh.es\/la-escuela\/organos-de-gobierno\/el-comite-de-direccion\/\",\"name\":\"El Comit\\u00e9 de Direcci\\u00f3n - Escuela de doctorado UMH\",\"isPartOf\":{\"@id\":\"https:\/\/ed.umh.es\/#website\"},\"datePublished\":\"2023-11-14T11:38:35+00:00\",\"dateModified\":\"2025-12-23T08:19:09+00:00\",\"breadcrumb\":{\"@id\":\"https:\/\/ed.umh.es\/la-escuela\/organos-de-gobierno\/el-comite-de-direccion\/#breadcrumb\"},\"inLanguage\":\"en-US\",\"potentialAction\":[{\"@type\":\"ReadAction\",\"target\":[\"https:\/\/ed.umh.es\/la-escuela\/organos-de-gobierno\/el-comite-de-direccion\/\"]}]},{\"@type\":\"BreadcrumbList\",\"@id\":\"https:\/\/ed.umh.es\/la-escuela\/organos-de-gobierno\/el-comite-de-direccion\/#breadcrumb\",\"itemListElement\":[{\"@type\":\"ListItem\",\"position\":1,\"name\":\"Portada\",\"item\":\"https:\/\/ed.umh.es\/\"},{\"@type\":\"ListItem\",\"position\":2,\"name\":\"LA ESCUELA\",\"item\":\"https:\/\/ed.umh.es\/la-escuela\/\"},{\"@type\":\"ListItem\",\"position\":3,\"name\":\"\\u00d3rganos de Gobierno\",\"item\":\"https:\/\/ed.umh.es\/la-escuela\/organos-de-gobierno\/\"},{\"@type\":\"ListItem\",\"position\":4,\"name\":\"El Comit\\u00e9 de Direcci\\u00f3n\"}]}]}<\/script>\n<!-- \/ Yoast SEO plugin. -->","yoast_head_json":{"robots":{"index":"index","follow":"follow","max-snippet":"max-snippet:-1","max-image-preview":"max-image-preview:large","max-video-preview":"max-video-preview:-1"},"canonical":"https:\/\/ed.umh.es\/en\/la-escuela\/organos-de-gobierno\/el-comite-de-direccion\/","og_locale":"en_US","og_type":"article","og_title":"El Comit\u00e9 de Direcci\u00f3n - Escuela de doctorado UMH","og_description":"Las funciones del Comit\u00e9 de Direcci\u00f3n son: Aprobar la propuesta de programaci\u00f3n de actividades formativas de la EDUMH, en los t\u00e9rminos previstos en la Normativa de Doctorado de la UMH. Aprobar el presupuesto de la EDUMH, para su elevaci\u00f3n a la aprobaci\u00f3n definitiva por los \u00f3rganos colegiados de la Universidad. Ejecutar el presupuesto de la [&hellip;]","og_url":"https:\/\/ed.umh.es\/la-escuela\/organos-de-gobierno\/el-comite-de-direccion\/","og_site_name":"Escuela de doctorado UMH","article_modified_time":"2025-12-23T08:19:09+00:00","twitter_card":"summary_large_image","twitter_misc":{"Est. reading time":"11 minutes"},"schema":{"@context":"https:\/\/schema.org","@graph":[{"@type":"WebSite","@id":"https:\/\/ed.umh.es\/#website","url":"https:\/\/ed.umh.es\/","name":"Escuela de doctorado UMH","description":"Escuela de doctorado UMH","potentialAction":[{"@type":"SearchAction","target":{"@type":"EntryPoint","urlTemplate":"https:\/\/ed.umh.es\/?s={search_term_string}"},"query-input":"required name=search_term_string"}],"inLanguage":"en-US"},{"@type":"WebPage","@id":"https:\/\/ed.umh.es\/la-escuela\/organos-de-gobierno\/el-comite-de-direccion\/#webpage","url":"https:\/\/ed.umh.es\/la-escuela\/organos-de-gobierno\/el-comite-de-direccion\/","name":"El Comit\u00e9 de Direcci\u00f3n - Escuela de doctorado UMH","isPartOf":{"@id":"https:\/\/ed.umh.es\/#website"},"datePublished":"2023-11-14T11:38:35+00:00","dateModified":"2025-12-23T08:19:09+00:00","breadcrumb":{"@id":"https:\/\/ed.umh.es\/la-escuela\/organos-de-gobierno\/el-comite-de-direccion\/#breadcrumb"},"inLanguage":"en-US","potentialAction":[{"@type":"ReadAction","target":["https:\/\/ed.umh.es\/la-escuela\/organos-de-gobierno\/el-comite-de-direccion\/"]}]},{"@type":"BreadcrumbList","@id":"https:\/\/ed.umh.es\/la-escuela\/organos-de-gobierno\/el-comite-de-direccion\/#breadcrumb","itemListElement":[{"@type":"ListItem","position":1,"name":"Portada","item":"https:\/\/ed.umh.es\/"},{"@type":"ListItem","position":2,"name":"LA ESCUELA","item":"https:\/\/ed.umh.es\/la-escuela\/"},{"@type":"ListItem","position":3,"name":"\u00d3rganos de Gobierno","item":"https:\/\/ed.umh.es\/la-escuela\/organos-de-gobierno\/"},{"@type":"ListItem","position":4,"name":"El Comit\u00e9 de Direcci\u00f3n"}]}]}},"_links":{"self":[{"href":"https:\/\/ed.umh.es\/en\/wp-json\/wp\/v2\/pages\/191"}],"collection":[{"href":"https:\/\/ed.umh.es\/en\/wp-json\/wp\/v2\/pages"}],"about":[{"href":"https:\/\/ed.umh.es\/en\/wp-json\/wp\/v2\/types\/page"}],"author":[{"embeddable":true,"href":"https:\/\/ed.umh.es\/en\/wp-json\/wp\/v2\/users\/3158"}],"replies":[{"embeddable":true,"href":"https:\/\/ed.umh.es\/en\/wp-json\/wp\/v2\/comments?post=191"}],"version-history":[{"count":0,"href":"https:\/\/ed.umh.es\/en\/wp-json\/wp\/v2\/pages\/191\/revisions"}],"up":[{"embeddable":true,"href":"https:\/\/ed.umh.es\/en\/wp-json\/wp\/v2\/pages\/124"}],"wp:attachment":[{"href":"https:\/\/ed.umh.es\/en\/wp-json\/wp\/v2\/media?parent=191"}],"curies":[{"name":"wp","href":"https:\/\/api.w.org\/{rel}","templated":true}]}}