{"id":289,"date":"2023-12-18T10:56:57","date_gmt":"2023-12-18T10:56:57","guid":{"rendered":"https:\/\/ed.umh.es\/?page_id=289"},"modified":"2025-07-18T10:36:06","modified_gmt":"2025-07-18T10:36:06","slug":"audiovisual","status":"publish","type":"page","link":"https:\/\/ed.umh.es\/en\/mas-informacion\/audiovisual\/","title":{"rendered":"Audiovisual"},"content":{"rendered":"<p><\/p>\n<p style=\"font-weight: 400\"><strong>ACTO DE BIENVENIDA AL ESTUDIANTADO DE PRIMER A\u00d1O (CURSO 2023-2024)<\/strong><\/p>\n<p style=\"font-weight: 400\">V\u00eddeo: Bienvenida Vicerrector Adjunto de Investigaci\u00f3n<\/p>\n<p style=\"font-weight: 400\">V\u00eddeo: El doctorado en la UMH (Director de la Escuela de Doctorado)<\/p>\n<p style=\"font-weight: 400\">Diapositivas Power Point de la presentaci\u00f3n<\/p>\n<p style=\"font-weight: 400\">V\u00eddeo: Aplicaci\u00f3n de seguimiento (Unidad de Doctorado)<\/p>\n<p>A continuaci\u00f3n se establece un enlace a los v\u00eddeos de las diferentes sesiones de la actividad realizada:<\/p>\n<ul>\n<li style=\"list-style-type: none\">\n<ul>\n<li><a href=\"https:\/\/youtu.be\/9wYR96cMPgk\" data-saferedirecturl=\"https:\/\/www.google.com\/url?q=https:\/\/youtu.be\/9wYR96cMPgk&amp;source=gmail&amp;ust=1684834994838000&amp;usg=AOvVaw3SdRuY_I17g8BRPdysz0Qi\">Sesi\u00f3n 1: \u201cBases de datos bibliogr\u00e1ficas multidisciplinares: Web of Science y Scopus\u201d<\/a><\/li>\n<\/ul>\n<\/li>\n<\/ul>\n<ul>\n<li><a href=\"https:\/\/youtu.be\/a0PReSb0U14\" data-saferedirecturl=\"https:\/\/www.google.com\/url?q=https:\/\/youtu.be\/a0PReSb0U14&amp;source=gmail&amp;ust=1684834994838000&amp;usg=AOvVaw02-Sgc-cZHz3Q7q_smQnYX\">Sesi\u00f3n 2: \u201cLa b\u00fasqueda bibliogr\u00e1fica en ingenier\u00eda y tecnolog\u00eda: IEEE Xplore\u201d<\/a><\/li>\n<li><a href=\"https:\/\/youtu.be\/n_PCmfjuCGc\" data-saferedirecturl=\"https:\/\/www.google.com\/url?q=https:\/\/youtu.be\/n_PCmfjuCGc&amp;source=gmail&amp;ust=1684834994838000&amp;usg=AOvVaw37rpoj1IXEMALMyM2KpHHz\">Sesi\u00f3n 3: \u201cEl problema de la medici\u00f3n de la calidad de la actividad cient\u00edfica: m\u00e9tricas e \u00edndices\u201d<\/a><\/li>\n<\/ul>\n<ul>\n<li><a href=\"https:\/\/www.youtube.com\/watch?v=nB-ontZD0_w\" target=\"_blank\" rel=\"noopener\">\u00abI Jornada Formativa en Estad\u00edstica: La estad\u00edstica, mi gran aliada durante la formaci\u00f3n doctoral\u201d<\/a><\/li>\n<\/ul>\n<p><\/p>","protected":false},"excerpt":{"rendered":"<p>ACTO DE BIENVENIDA AL ESTUDIANTADO DE PRIMER A\u00d1O (CURSO 2023-2024) V\u00eddeo: Bienvenida Vicerrector Adjunto de Investigaci\u00f3n V\u00eddeo: El doctorado en la UMH (Director de la Escuela de Doctorado) Diapositivas Power Point de la presentaci\u00f3n V\u00eddeo: Aplicaci\u00f3n de seguimiento (Unidad de Doctorado) A continuaci\u00f3n se establece un enlace a los v\u00eddeos de las diferentes sesiones de [&hellip;]<\/p>\n","protected":false},"author":3158,"featured_media":0,"parent":319,"menu_order":100,"comment_status":"closed","ping_status":"closed","template":"","meta":{"_links_to":"","_links_to_target":""},"yoast_head":"<!-- This site is optimized with the Yoast SEO plugin v17.5 - https:\/\/yoast.com\/wordpress\/plugins\/seo\/ -->\n<meta name=\"robots\" content=\"index, follow, max-snippet:-1, max-image-preview:large, max-video-preview:-1\" \/>\n<link rel=\"canonical\" href=\"https:\/\/ed.umh.es\/en\/mas-informacion\/audiovisual\/\" \/>\n<meta property=\"og:locale\" content=\"en_US\" \/>\n<meta property=\"og:type\" content=\"article\" \/>\n<meta property=\"og:title\" content=\"Audiovisual - Escuela de doctorado UMH\" \/>\n<meta property=\"og:description\" content=\"ACTO DE BIENVENIDA AL ESTUDIANTADO DE PRIMER A\u00d1O (CURSO 2023-2024) V\u00eddeo: Bienvenida Vicerrector Adjunto de Investigaci\u00f3n V\u00eddeo: El doctorado en la UMH (Director de la Escuela de Doctorado) Diapositivas Power Point de la presentaci\u00f3n V\u00eddeo: Aplicaci\u00f3n de seguimiento (Unidad de Doctorado) A continuaci\u00f3n se establece un enlace a los v\u00eddeos de las diferentes sesiones de [&hellip;]\" \/>\n<meta property=\"og:url\" content=\"https:\/\/ed.umh.es\/mas-informacion\/audiovisual\/\" \/>\n<meta property=\"og:site_name\" content=\"Escuela de doctorado UMH\" \/>\n<meta property=\"article:modified_time\" content=\"2025-07-18T10:36:06+00:00\" \/>\n<meta name=\"twitter:card\" content=\"summary_large_image\" \/>\n<meta name=\"twitter:label1\" content=\"Est. reading time\" \/>\n\t<meta name=\"twitter:data1\" content=\"2 minutes\" \/>\n<script type=\"application\/ld+json\" class=\"yoast-schema-graph\">{\"@context\":\"https:\/\/schema.org\",\"@graph\":[{\"@type\":\"WebSite\",\"@id\":\"https:\/\/ed.umh.es\/#website\",\"url\":\"https:\/\/ed.umh.es\/\",\"name\":\"Escuela de doctorado UMH\",\"description\":\"Escuela de doctorado UMH\",\"potentialAction\":[{\"@type\":\"SearchAction\",\"target\":{\"@type\":\"EntryPoint\",\"urlTemplate\":\"https:\/\/ed.umh.es\/?s={search_term_string}\"},\"query-input\":\"required name=search_term_string\"}],\"inLanguage\":\"en-US\"},{\"@type\":\"WebPage\",\"@id\":\"https:\/\/ed.umh.es\/mas-informacion\/audiovisual\/#webpage\",\"url\":\"https:\/\/ed.umh.es\/mas-informacion\/audiovisual\/\",\"name\":\"Audiovisual - Escuela de doctorado UMH\",\"isPartOf\":{\"@id\":\"https:\/\/ed.umh.es\/#website\"},\"datePublished\":\"2023-12-18T10:56:57+00:00\",\"dateModified\":\"2025-07-18T10:36:06+00:00\",\"breadcrumb\":{\"@id\":\"https:\/\/ed.umh.es\/mas-informacion\/audiovisual\/#breadcrumb\"},\"inLanguage\":\"en-US\",\"potentialAction\":[{\"@type\":\"ReadAction\",\"target\":[\"https:\/\/ed.umh.es\/mas-informacion\/audiovisual\/\"]}]},{\"@type\":\"BreadcrumbList\",\"@id\":\"https:\/\/ed.umh.es\/mas-informacion\/audiovisual\/#breadcrumb\",\"itemListElement\":[{\"@type\":\"ListItem\",\"position\":1,\"name\":\"Portada\",\"item\":\"https:\/\/ed.umh.es\/\"},{\"@type\":\"ListItem\",\"position\":2,\"name\":\"MAS INFORMACI\\u00d3N\",\"item\":\"https:\/\/ed.umh.es\/?page_id=319\"},{\"@type\":\"ListItem\",\"position\":3,\"name\":\"Audiovisual\"}]}]}<\/script>\n<!-- \/ Yoast SEO plugin. -->","yoast_head_json":{"robots":{"index":"index","follow":"follow","max-snippet":"max-snippet:-1","max-image-preview":"max-image-preview:large","max-video-preview":"max-video-preview:-1"},"canonical":"https:\/\/ed.umh.es\/en\/mas-informacion\/audiovisual\/","og_locale":"en_US","og_type":"article","og_title":"Audiovisual - Escuela de doctorado UMH","og_description":"ACTO DE BIENVENIDA AL ESTUDIANTADO DE PRIMER A\u00d1O (CURSO 2023-2024) V\u00eddeo: Bienvenida Vicerrector Adjunto de Investigaci\u00f3n V\u00eddeo: El doctorado en la UMH (Director de la Escuela de Doctorado) Diapositivas Power Point de la presentaci\u00f3n V\u00eddeo: Aplicaci\u00f3n de seguimiento (Unidad de Doctorado) A continuaci\u00f3n se establece un enlace a los v\u00eddeos de las diferentes sesiones de [&hellip;]","og_url":"https:\/\/ed.umh.es\/mas-informacion\/audiovisual\/","og_site_name":"Escuela de doctorado UMH","article_modified_time":"2025-07-18T10:36:06+00:00","twitter_card":"summary_large_image","twitter_misc":{"Est. reading time":"2 minutes"},"schema":{"@context":"https:\/\/schema.org","@graph":[{"@type":"WebSite","@id":"https:\/\/ed.umh.es\/#website","url":"https:\/\/ed.umh.es\/","name":"Escuela de doctorado UMH","description":"Escuela de doctorado UMH","potentialAction":[{"@type":"SearchAction","target":{"@type":"EntryPoint","urlTemplate":"https:\/\/ed.umh.es\/?s={search_term_string}"},"query-input":"required name=search_term_string"}],"inLanguage":"en-US"},{"@type":"WebPage","@id":"https:\/\/ed.umh.es\/mas-informacion\/audiovisual\/#webpage","url":"https:\/\/ed.umh.es\/mas-informacion\/audiovisual\/","name":"Audiovisual - Escuela de doctorado UMH","isPartOf":{"@id":"https:\/\/ed.umh.es\/#website"},"datePublished":"2023-12-18T10:56:57+00:00","dateModified":"2025-07-18T10:36:06+00:00","breadcrumb":{"@id":"https:\/\/ed.umh.es\/mas-informacion\/audiovisual\/#breadcrumb"},"inLanguage":"en-US","potentialAction":[{"@type":"ReadAction","target":["https:\/\/ed.umh.es\/mas-informacion\/audiovisual\/"]}]},{"@type":"BreadcrumbList","@id":"https:\/\/ed.umh.es\/mas-informacion\/audiovisual\/#breadcrumb","itemListElement":[{"@type":"ListItem","position":1,"name":"Portada","item":"https:\/\/ed.umh.es\/"},{"@type":"ListItem","position":2,"name":"MAS INFORMACI\u00d3N","item":"https:\/\/ed.umh.es\/?page_id=319"},{"@type":"ListItem","position":3,"name":"Audiovisual"}]}]}},"_links":{"self":[{"href":"https:\/\/ed.umh.es\/en\/wp-json\/wp\/v2\/pages\/289"}],"collection":[{"href":"https:\/\/ed.umh.es\/en\/wp-json\/wp\/v2\/pages"}],"about":[{"href":"https:\/\/ed.umh.es\/en\/wp-json\/wp\/v2\/types\/page"}],"author":[{"embeddable":true,"href":"https:\/\/ed.umh.es\/en\/wp-json\/wp\/v2\/users\/3158"}],"replies":[{"embeddable":true,"href":"https:\/\/ed.umh.es\/en\/wp-json\/wp\/v2\/comments?post=289"}],"version-history":[{"count":0,"href":"https:\/\/ed.umh.es\/en\/wp-json\/wp\/v2\/pages\/289\/revisions"}],"up":[{"embeddable":true,"href":"https:\/\/ed.umh.es\/en\/wp-json\/wp\/v2\/pages\/319"}],"wp:attachment":[{"href":"https:\/\/ed.umh.es\/en\/wp-json\/wp\/v2\/media?parent=289"}],"curies":[{"name":"wp","href":"https:\/\/api.w.org\/{rel}","templated":true}]}}