{"id":313,"date":"2024-02-28T10:49:32","date_gmt":"2024-02-28T10:49:32","guid":{"rendered":"https:\/\/ed.umh.es\/?page_id=313"},"modified":"2025-05-23T07:33:25","modified_gmt":"2025-05-23T07:33:25","slug":"matricula","status":"publish","type":"page","link":"https:\/\/ed.umh.es\/en\/acceso\/matricula\/","title":{"rendered":"Matr\u00edcula"},"content":{"rendered":"<p><\/p>\n<h3>\u00bfC\u00f3mo formalizar la matr\u00edcula en el programa de doctorado y que plazo tengo para hacerlo?<\/h3>\n<p>Antes de realizar la matr\u00edcula debo solicitar la\u00a0<a href=\"https:\/\/estudios.umh.es\/acceso\/doctorado\/preinscripcion\/\">preinscripci\u00f3n<\/a>\u00a0al correspondiente Programa de Doctorado.<\/p>\n<p>Una vez que he obtenido la admisi\u00f3n por la Comisi\u00f3n Acad\u00e9mica del Programa de Doctorado podr\u00e9 realizar la matr\u00edcula.<\/p>\n<p>Los plazos de prescripci\u00f3n y matr\u00edcula se establecer\u00e1n en el\u00a0<a href=\"https:\/\/ed.umh.es\/files\/2024\/07\/Propuesta-Calendario-Academico-2024_2025_actualizado-3-fechas.pdf\">Calendario Acad\u00e9mico.PDF.289kB<\/a><a href=\"https:\/\/estudios.umh.es\/files\/2022\/09\/Calendario-Acade%CC%81mico_22_23.pdf\" target=\"_blank\" rel=\"noopener noreferrer\"><img loading=\"lazy\" class=\"alignnone wp-image-31436 size-full\" src=\"https:\/\/estudios.umh.es\/files\/2021\/11\/abre-en-nueva-ventana.png\" alt=\"(abre en nueva ventana)\" width=\"15\" height=\"15\" \/><\/a><\/p>\n<p>El plazo de matr\u00edcula de los estudiantes de nuevo ingreso es del 31 de octubre al 4 de noviembre de 2022.<\/p>\n<p>El estudiantado que resulte admitido tras la publicaci\u00f3n de los resultados definitivos de admisi\u00f3n recibir\u00e1 un correo electr\u00f3nico y\/o SMS con las instrucciones y el PIN para \u00a0realizar la\u00a0<strong><a href=\"https:\/\/matricula.umh.es\/\" target=\"_blank\" rel=\"noopener\">Automatr\u00edcula<img loading=\"lazy\" class=\"alignnone wp-image-31436 size-full\" src=\"https:\/\/estudios.umh.es\/files\/2021\/11\/abre-en-nueva-ventana.png\" alt=\"(abre en nueva ventana)\" width=\"15\" height=\"15\" \/><\/a><\/strong>\u00a0y abonar la tasa correspondiente.<\/p>\n<h3>\u00bfDebo renovar la matr\u00edcula de Doctorado todos los a\u00f1os?<\/h3>\n<p>S\u00ed, la matr\u00edcula se renovar\u00e1 a\u00f1o a a\u00f1o hasta la finalizaci\u00f3n de los estudios. La no formalizaci\u00f3n de la misma ser\u00e1 causa de baja en el Programa de Doctorado.<\/p>\n<p>La matr\u00edcula de estudiantes de cursos anteriores ser\u00e1 del 15 de septiembre al 30 de septiembre de 2022.<\/p>\n<p>Le enviaremos un correo electr\u00f3nico informando de que puede renovar su matr\u00edcula y el plazo para realizarla. Adicionalmente tambi\u00e9n se notificar\u00e1 a trav\u00e9s de la UMH App y en su Acceso Identificado.<\/p>\n<h3>\u00bfPuedo obtener exenciones o bonificaciones de tasas de matr\u00edcula?<\/h3>\n<p>Para que el descuento en el importe de matr\u00edcula se haga efectivo deber\u00e1 aportar en los cinco d\u00edas siguientes a su matr\u00edcula trav\u00e9s del Acceso Identificado, en el apartado ESTUDIOS-ADJUNTAR DOCUMENTACI\u00d3N DE MATR\u00cdCULA, copia de la documentaci\u00f3n que acredite la situaci\u00f3n que alega:<\/p>\n<ul>\n<li>Estudiantes miembros de familia numerosa\n<ul>\n<li>General: bonificaci\u00f3n 50 %<\/li>\n<li>Especial: exenci\u00f3n total<\/li>\n<li>Documentaci\u00f3n a aportar: t\u00edtulo de familia numerosa actualizado.<\/li>\n<li>Nota importante: si tienes el t\u00edtulo en tramitaci\u00f3n deber\u00e1s acreditarlo y presentar el mismo antes del 31 de diciembre de 2022; en caso contrario, no surtir\u00e1 efectos en el curso acad\u00e9mico 2022\/2023.<\/li>\n<\/ul>\n<\/li>\n<li>Estudiantes con una discapacidad\n<ul>\n<li>Igual o superior al 33 %: exenci\u00f3n total<\/li>\n<li>Documentaci\u00f3n a aportar: certificado de minusval\u00eda expedido por el \u00f3rgano competente de la CCAA.<\/li>\n<\/ul>\n<\/li>\n<li>Estudiantes miembros de familia monoparental\n<ul>\n<li>Familia Monoparental General: 50 %<\/li>\n<li>Familia Monoparental Especial: exenci\u00f3n total<\/li>\n<li>Documentaci\u00f3n a aportar: carn\u00e9 de familia monoparental en vigor durante el curso acad\u00e9mico.<\/li>\n<\/ul>\n<\/li>\n<li>Estudiantes v\u00edctimas de bandas armadas y elementos terroristas\n<ul>\n<li>Exenci\u00f3n total los\/las estudiantes v\u00edctimas de bandas armadas y elementos terroristas, as\u00ed como sus c\u00f3nyuges no separados legalmente e hijos\/as.<\/li>\n<li>Documentaci\u00f3n a presentar: documento oficial que lo acredite.<\/li>\n<\/ul>\n<\/li>\n<li>Estudiantes v\u00edctimas de violencia de g\u00e9nero\n<ul>\n<li>Exenci\u00f3n total los\/las estudiantes v\u00edctimas de actos de violencia de g\u00e9nero, as\u00ed como los hijos e hijas a su cargo menores de 25 a\u00f1os.<\/li>\n<li>Documentaci\u00f3n a presentar: documento oficial que lo acredite.<\/li>\n<\/ul>\n<\/li>\n<li>Estar sujeto al sistema de protecci\u00f3n de menores o al sistema judicial de reeducaci\u00f3n, o estar en situaci\u00f3n de exclusi\u00f3n social: se aplicar\u00e1 la exenci\u00f3n total.<\/li>\n<li>Estudiantes beneficiarios del ingresos m\u00ednimo vital: 100%<\/li>\n<li><\/li>\n<\/ul>\n<h3>\u00bfDebo realizar alg\u00fan tr\u00e1mite distinto al formalizar la matr\u00edcula en el caso de que deba cursar Complementos de formaci\u00f3n?<\/h3>\n<p>S\u00ed, debes matricularte del correspondiente complemento de formaci\u00f3n. Se informar\u00e1 al estudiantado del procedimiento a seguir.<\/p>\n<h3>\u00bfD\u00f3nde puedo obtener la Tarjeta Universitaria?<\/h3>\n<p>La tarjeta universitaria deber\u00e1 solicitarla en el Centro de Gesti\u00f3n de Campus.<\/p>","protected":false},"excerpt":{"rendered":"<p>\u00bfC\u00f3mo formalizar la matr\u00edcula en el programa de doctorado y que plazo tengo para hacerlo? Antes de realizar la matr\u00edcula debo solicitar la\u00a0preinscripci\u00f3n\u00a0al correspondiente Programa de Doctorado. Una vez que he obtenido la admisi\u00f3n por la Comisi\u00f3n Acad\u00e9mica del Programa de Doctorado podr\u00e9 realizar la matr\u00edcula. Los plazos de prescripci\u00f3n y matr\u00edcula se establecer\u00e1n en [&hellip;]<\/p>\n","protected":false},"author":3158,"featured_media":0,"parent":310,"menu_order":20,"comment_status":"closed","ping_status":"closed","template":"","meta":{"_links_to":"","_links_to_target":""},"yoast_head":"<!-- This site is optimized with the Yoast SEO plugin v17.5 - https:\/\/yoast.com\/wordpress\/plugins\/seo\/ -->\n<meta name=\"robots\" content=\"index, follow, max-snippet:-1, max-image-preview:large, max-video-preview:-1\" \/>\n<link rel=\"canonical\" href=\"https:\/\/ed.umh.es\/en\/acceso\/matricula\/\" \/>\n<meta property=\"og:locale\" content=\"en_US\" \/>\n<meta property=\"og:type\" content=\"article\" \/>\n<meta property=\"og:title\" content=\"Matr\u00edcula - Escuela de doctorado UMH\" \/>\n<meta property=\"og:description\" content=\"\u00bfC\u00f3mo formalizar la matr\u00edcula en el programa de doctorado y que plazo tengo para hacerlo? Antes de realizar la matr\u00edcula debo solicitar la\u00a0preinscripci\u00f3n\u00a0al correspondiente Programa de Doctorado. Una vez que he obtenido la admisi\u00f3n por la Comisi\u00f3n Acad\u00e9mica del Programa de Doctorado podr\u00e9 realizar la matr\u00edcula. Los plazos de prescripci\u00f3n y matr\u00edcula se establecer\u00e1n en [&hellip;]\" \/>\n<meta property=\"og:url\" content=\"https:\/\/ed.umh.es\/acceso\/matricula\/\" \/>\n<meta property=\"og:site_name\" content=\"Escuela de doctorado UMH\" \/>\n<meta property=\"article:modified_time\" content=\"2025-05-23T07:33:25+00:00\" \/>\n<meta property=\"og:image\" content=\"https:\/\/estudios.umh.es\/files\/2021\/11\/abre-en-nueva-ventana.png\" \/>\n<meta name=\"twitter:card\" content=\"summary_large_image\" \/>\n<meta name=\"twitter:label1\" content=\"Est. reading time\" \/>\n\t<meta name=\"twitter:data1\" content=\"9 minutes\" \/>\n<script type=\"application\/ld+json\" class=\"yoast-schema-graph\">{\"@context\":\"https:\/\/schema.org\",\"@graph\":[{\"@type\":\"WebSite\",\"@id\":\"https:\/\/ed.umh.es\/#website\",\"url\":\"https:\/\/ed.umh.es\/\",\"name\":\"Escuela de doctorado UMH\",\"description\":\"Escuela de doctorado UMH\",\"potentialAction\":[{\"@type\":\"SearchAction\",\"target\":{\"@type\":\"EntryPoint\",\"urlTemplate\":\"https:\/\/ed.umh.es\/?s={search_term_string}\"},\"query-input\":\"required name=search_term_string\"}],\"inLanguage\":\"en-US\"},{\"@type\":\"ImageObject\",\"@id\":\"https:\/\/ed.umh.es\/acceso\/matricula\/#primaryimage\",\"inLanguage\":\"en-US\",\"url\":\"https:\/\/estudios.umh.es\/files\/2021\/11\/abre-en-nueva-ventana.png\",\"contentUrl\":\"https:\/\/estudios.umh.es\/files\/2021\/11\/abre-en-nueva-ventana.png\"},{\"@type\":\"WebPage\",\"@id\":\"https:\/\/ed.umh.es\/acceso\/matricula\/#webpage\",\"url\":\"https:\/\/ed.umh.es\/acceso\/matricula\/\",\"name\":\"Matr\\u00edcula - Escuela de doctorado UMH\",\"isPartOf\":{\"@id\":\"https:\/\/ed.umh.es\/#website\"},\"primaryImageOfPage\":{\"@id\":\"https:\/\/ed.umh.es\/acceso\/matricula\/#primaryimage\"},\"datePublished\":\"2024-02-28T10:49:32+00:00\",\"dateModified\":\"2025-05-23T07:33:25+00:00\",\"breadcrumb\":{\"@id\":\"https:\/\/ed.umh.es\/acceso\/matricula\/#breadcrumb\"},\"inLanguage\":\"en-US\",\"potentialAction\":[{\"@type\":\"ReadAction\",\"target\":[\"https:\/\/ed.umh.es\/acceso\/matricula\/\"]}]},{\"@type\":\"BreadcrumbList\",\"@id\":\"https:\/\/ed.umh.es\/acceso\/matricula\/#breadcrumb\",\"itemListElement\":[{\"@type\":\"ListItem\",\"position\":1,\"name\":\"Portada\",\"item\":\"https:\/\/ed.umh.es\/\"},{\"@type\":\"ListItem\",\"position\":2,\"name\":\"ACCESO\",\"item\":\"https:\/\/ed.umh.es\/acceso\/\"},{\"@type\":\"ListItem\",\"position\":3,\"name\":\"Matr\\u00edcula\"}]}]}<\/script>\n<!-- \/ Yoast SEO plugin. -->","yoast_head_json":{"robots":{"index":"index","follow":"follow","max-snippet":"max-snippet:-1","max-image-preview":"max-image-preview:large","max-video-preview":"max-video-preview:-1"},"canonical":"https:\/\/ed.umh.es\/en\/acceso\/matricula\/","og_locale":"en_US","og_type":"article","og_title":"Matr\u00edcula - Escuela de doctorado UMH","og_description":"\u00bfC\u00f3mo formalizar la matr\u00edcula en el programa de doctorado y que plazo tengo para hacerlo? Antes de realizar la matr\u00edcula debo solicitar la\u00a0preinscripci\u00f3n\u00a0al correspondiente Programa de Doctorado. Una vez que he obtenido la admisi\u00f3n por la Comisi\u00f3n Acad\u00e9mica del Programa de Doctorado podr\u00e9 realizar la matr\u00edcula. Los plazos de prescripci\u00f3n y matr\u00edcula se establecer\u00e1n en [&hellip;]","og_url":"https:\/\/ed.umh.es\/acceso\/matricula\/","og_site_name":"Escuela de doctorado UMH","article_modified_time":"2025-05-23T07:33:25+00:00","og_image":[{"url":"https:\/\/estudios.umh.es\/files\/2021\/11\/abre-en-nueva-ventana.png"}],"twitter_card":"summary_large_image","twitter_misc":{"Est. reading time":"9 minutes"},"schema":{"@context":"https:\/\/schema.org","@graph":[{"@type":"WebSite","@id":"https:\/\/ed.umh.es\/#website","url":"https:\/\/ed.umh.es\/","name":"Escuela de doctorado UMH","description":"Escuela de doctorado UMH","potentialAction":[{"@type":"SearchAction","target":{"@type":"EntryPoint","urlTemplate":"https:\/\/ed.umh.es\/?s={search_term_string}"},"query-input":"required name=search_term_string"}],"inLanguage":"en-US"},{"@type":"ImageObject","@id":"https:\/\/ed.umh.es\/acceso\/matricula\/#primaryimage","inLanguage":"en-US","url":"https:\/\/estudios.umh.es\/files\/2021\/11\/abre-en-nueva-ventana.png","contentUrl":"https:\/\/estudios.umh.es\/files\/2021\/11\/abre-en-nueva-ventana.png"},{"@type":"WebPage","@id":"https:\/\/ed.umh.es\/acceso\/matricula\/#webpage","url":"https:\/\/ed.umh.es\/acceso\/matricula\/","name":"Matr\u00edcula - Escuela de doctorado UMH","isPartOf":{"@id":"https:\/\/ed.umh.es\/#website"},"primaryImageOfPage":{"@id":"https:\/\/ed.umh.es\/acceso\/matricula\/#primaryimage"},"datePublished":"2024-02-28T10:49:32+00:00","dateModified":"2025-05-23T07:33:25+00:00","breadcrumb":{"@id":"https:\/\/ed.umh.es\/acceso\/matricula\/#breadcrumb"},"inLanguage":"en-US","potentialAction":[{"@type":"ReadAction","target":["https:\/\/ed.umh.es\/acceso\/matricula\/"]}]},{"@type":"BreadcrumbList","@id":"https:\/\/ed.umh.es\/acceso\/matricula\/#breadcrumb","itemListElement":[{"@type":"ListItem","position":1,"name":"Portada","item":"https:\/\/ed.umh.es\/"},{"@type":"ListItem","position":2,"name":"ACCESO","item":"https:\/\/ed.umh.es\/acceso\/"},{"@type":"ListItem","position":3,"name":"Matr\u00edcula"}]}]}},"_links":{"self":[{"href":"https:\/\/ed.umh.es\/en\/wp-json\/wp\/v2\/pages\/313"}],"collection":[{"href":"https:\/\/ed.umh.es\/en\/wp-json\/wp\/v2\/pages"}],"about":[{"href":"https:\/\/ed.umh.es\/en\/wp-json\/wp\/v2\/types\/page"}],"author":[{"embeddable":true,"href":"https:\/\/ed.umh.es\/en\/wp-json\/wp\/v2\/users\/3158"}],"replies":[{"embeddable":true,"href":"https:\/\/ed.umh.es\/en\/wp-json\/wp\/v2\/comments?post=313"}],"version-history":[{"count":0,"href":"https:\/\/ed.umh.es\/en\/wp-json\/wp\/v2\/pages\/313\/revisions"}],"up":[{"embeddable":true,"href":"https:\/\/ed.umh.es\/en\/wp-json\/wp\/v2\/pages\/310"}],"wp:attachment":[{"href":"https:\/\/ed.umh.es\/en\/wp-json\/wp\/v2\/media?parent=313"}],"curies":[{"name":"wp","href":"https:\/\/api.w.org\/{rel}","templated":true}]}}