{"id":370,"date":"2024-02-28T11:36:37","date_gmt":"2024-02-28T11:36:37","guid":{"rendered":"https:\/\/ed.umh.es\/?page_id=370"},"modified":"2026-03-03T20:36:42","modified_gmt":"2026-03-03T20:36:42","slug":"acceso-extranjeros","status":"publish","type":"page","link":"https:\/\/ed.umh.es\/en\/acceso\/acceso-extranjeros\/","title":{"rendered":"Acceso con estudios universitarios extranjeros"},"content":{"rendered":"<p><\/p>\n<div class=\"col\"><\/div>\n<div class=\"col\">\n<div class=\"text-cuerpo\">\n<p>La normativa vigente permite a los estudiantes que hayan cursado estudios universitarios con t\u00edtulos expedidos por otros pa\u00edses, tanto los que se enmarquen dentro del EEES como los expedidos por otros Estados, acceder a los programas de doctorado.<\/p>\n<h3>\u00bfCu\u00e1ndo es necesario la legalizaci\u00f3n\/apostilla del t\u00edtulo y del certificado acad\u00e9mico?<\/h3>\n<p>No se exige ning\u00fan tipo de legalizaci\u00f3n para los documentos expedidos en Estados miembros de la Uni\u00f3n Europea o signatarios del Acuerdo sobre el Espacio Econ\u00f3mico Europeo. Igualmente, se eximen de legalizaci\u00f3n los documentos expedidos por Suiza, por acuerdo bilateral con la Uni\u00f3n Europea.<\/p>\n<p><strong>Estados miembros de la Uni\u00f3n Europea:<\/strong>\u00a0Alemania, Austria, B\u00e9lgica, Bulgaria, Croacia, Dinamarca, Eslovaquia, Eslovenia, Espa\u00f1a, Estonia, Finlandia, Francia, Grecia, Holanda, Hungr\u00eda, Italia, Irlanda, Letonia, Lituania, Luxemburgo, Malta, Polonia, Portugal, Gran Breta\u00f1a, Rep\u00fablica Checa, Ruman\u00eda, Suecia, Chipre.<br \/>\n<strong>Signatarios del Acuerdo sobre el Espacio Econ\u00f3mico Europa:<\/strong>\u00a0Islandia, Liechtenstein y Noruega<\/p>\n<h3>\u00bfQu\u00e9 es la legalizaci\u00f3n de los documentos?<\/h3>\n<p>La legalizaci\u00f3n es un acto administrativo por el que se otorga validez a un documento p\u00fablico extranjero, comprobando la autenticidad de la firma puesta en un documento y la calidad en que la autoridad firmante del documento ha actuado. Se puede realizar por estas v\u00edas:<\/p>\n<ul>\n<li>Legalizaci\u00f3n V\u00eda Diplom\u00e1tica: implica la legalizaci\u00f3n de la embajada de Espa\u00f1a en el pa\u00eds. Dicha v\u00eda debe contener al menos las siguientes legalizaciones:<br \/>\n1) Autoridad competente previa seg\u00fan la legislaci\u00f3n local del pa\u00eds.<br \/>\n2) Ministerio de Asuntos Exteriores del pa\u00eds local.<br \/>\n3)\u00a0<a href=\"http:\/\/www.exteriores.gob.es\/Portal\/es\/ServiciosAlCiudadano\/Paginas\/EmbajadasConsulados.aspx\" target=\"_blank\" rel=\"noopener noreferrer\">Consulado de Espa\u00f1a en dicho pa\u00eds o Secci\u00f3n Consular de la Embajada<img loading=\"lazy\" class=\"alignnone wp-image-31436 size-full\" src=\"https:\/\/estudios.umh.es\/files\/2021\/11\/abre-en-nueva-ventana.png\" alt=\"(abre en nueva ventana)\" width=\"15\" height=\"15\" \/><\/a>, provista de una etiqueta de seguridad.<\/li>\n<li>Si el pa\u00eds expedidor del t\u00edtulo es firmante del Convenio de la Haya: simplifica la legalizaci\u00f3n de documentos estampando un solo sello y firma en el documento, pero solo es v\u00e1lido en los\u00a0<a href=\"https:\/\/www.mjusticia.gob.es\/es\/Ciudadano\/TramitesGestiones\/Documents\/ESTADOS%20FIRMANTES.pdf\" target=\"_blank\" rel=\"noopener\">pa\u00edses miembros del Convenio.PDF<img loading=\"lazy\" class=\"alignnone wp-image-31436 size-full\" src=\"https:\/\/estudios.umh.es\/files\/2021\/11\/abre-en-nueva-ventana.png\" alt=\"(abre en nueva ventana)\" width=\"15\" height=\"15\" \/><\/a><\/li>\n<li><a href=\"https:\/\/convenioandresbello.org\/recursos-educativos\/nuestros-paises-miembros-en-accion\/\" target=\"_blank\" rel=\"noopener\">Pa\u00edses firmantes de otros Convenios<img loading=\"lazy\" class=\"alignnone wp-image-31436 size-full\" src=\"https:\/\/estudios.umh.es\/files\/2021\/11\/abre-en-nueva-ventana.png\" alt=\"(abre en nueva ventana)\" width=\"15\" height=\"15\" \/><\/a>, como El Convenio Andr\u00e9s Bello.<\/li>\n<li>\n<ul>\n<li>\n<ul>\n<li><\/li>\n<\/ul>\n<\/li>\n<\/ul>\n<\/li>\n<\/ul>\n<h3>\u00bfQu\u00e9 es la homologaci\u00f3n o la equivalencia del t\u00edtulo?<\/h3>\n<p>La homologaci\u00f3n o la equivalencia es un procedimiento administrativo por el cual se otorga en Espa\u00f1a validez oficial a los t\u00edtulos de educaci\u00f3n superior obtenidos en el extranjero, otorg\u00e1ndoles los mismos efectos (acad\u00e9micos o profesionales) que el t\u00edtulo o grado acad\u00e9mico espa\u00f1ol al que se homologa.<\/p>\n<h3>\u00bfQu\u00e9 diferencia hay entre la homologaci\u00f3n y la equivalencia del t\u00edtulo?<\/h3>\n<p>La existencia de los t\u00edtulos que habilitan para el acceso o ejercicio de actividades profesionales reguladas en Espa\u00f1a, como puede ser, Ingeniero Industrial, Psic\u00f3logo Cl\u00ednico etc., requiere el establecimiento por parte del Gobierno de las condiciones a las que deber\u00e1n adecuarse los planes de estudios para garantizar que los t\u00edtulos acreditan la posesi\u00f3n de las competencias y conocimientos adecuados para dicho ejercicio profesional y garantice que se han adquirido por sus poseedores las competencias y conocimientos exigidos a los titulados espa\u00f1oles una vez superadas las correspondientes ense\u00f1anzas.<br \/>\nPor ello, para un titulo que d\u00e9 acceso a una profesi\u00f3n regulada en Espa\u00f1a se expide la\u00a0<strong>homologaci\u00f3n<\/strong>\u00a0del t\u00edtulo extranjero y, para el resto de supuestos, se establece la posibilidad de obtener la<strong>\u00a0equivalencia<\/strong>\u00a0a un nivel acad\u00e9mico y a la titulaci\u00f3n correspondiente a un \u00e1rea y campo espec\u00edfico en los que pueden agruparse los diferentes t\u00edtulos universitarios.<br \/>\nPuedes obtener informaci\u00f3n sobre el procedimiento de homologaci\u00f3n en la\u00a0<a href=\"https:\/\/www.educacionyfp.gob.es\/eu\/servicios-al-ciudadano\/catalogo\/gestion-titulos\/estudios-universitarios\/titulos-extranjeros\/homologacion-educacion-superior.html\" target=\"_blank\" rel=\"noopener noreferrer\">p\u00e1gina del Ministerio de Educaci\u00f3n y Formaci\u00f3n Profesional<img loading=\"lazy\" class=\"alignnone wp-image-31436 size-full\" src=\"https:\/\/estudios.umh.es\/files\/2021\/11\/abre-en-nueva-ventana.png\" alt=\"(abre en nueva ventana)\" width=\"15\" height=\"15\" \/><\/a>.<\/p>\n<p><strong>Nota:<\/strong>\u00a0En el apartado \u201cAdjuntar documentaci\u00f3n\u201d de la aplicaci\u00f3n de preinscripci\u00f3n donde indica T\u00edtulo homologado o con equivalencia, solo hay que subir la homologaci\u00f3n o equivalencia de su t\u00edtulo extranjero por parte del Ministerio de Educaci\u00f3n espa\u00f1ol, en caso de no tenerla no debes subir ning\u00fan documento.<\/p>\n<h3>\u00bfCu\u00e1ndo es necesaria la traducci\u00f3n?<\/h3>\n<p>Los documentos expedidos en lengua distinta al castellano, ingl\u00e9s o valenciano deber\u00e1n ir acompa\u00f1ados de traducci\u00f3n oficial en castellano. En todo caso ha de presentarse traducido tanto el t\u00edtulo que da acceso al m\u00e1ster como el certificado acad\u00e9mico oficial. No es necesaria la traducci\u00f3n jurada en caso de presentar el Suplemento Europeo al T\u00edtulo (SET).<br \/>\nLa traducci\u00f3n oficial podr\u00e1 hacerse:<\/p>\n<ul>\n<li>Por traductor jurado, debidamente autorizado o inscrito en Espa\u00f1a.<\/li>\n<li>Por cualquier representaci\u00f3n diplom\u00e1tica o consular de Espa\u00f1a en el extranjero.<\/li>\n<li>Por la representaci\u00f3n diplom\u00e1tica o consular en Espa\u00f1a del pa\u00eds del que es ciudadano el solicitante o, en su caso, del de procedencia del documento.<\/li>\n<li>Por un traductor oficial en el extranjero y debidamente legalizada la firma de dicho traductor oficial.<\/li>\n<\/ul>\n<h3>\u00bfC\u00f3mo y cu\u00e1ndo debo abonar el recibo de la tasa de estudio de equivalencia?<\/h3>\n<p>Si tu t\u00edtulo(s) de acceso est\u00e1 expedido(s) por un pa\u00eds NO perteneciente al Espacio Europeo de Educaci\u00f3n Superior (EEES), tendr\u00e1s que abonar una tasa por el estudio de equivalencia. El importe asciende a 155,22 \u20ac . Para\u00a0<a href=\"https:\/\/universite.umh.es\/recibos\" target=\"_blank\" rel=\"noopener\">descargar el recibo<img loading=\"lazy\" class=\"alignnone wp-image-31436 size-full\" src=\"https:\/\/estudios.umh.es\/files\/2021\/11\/abre-en-nueva-ventana.png\" alt=\"(abre en nueva ventana)\" width=\"15\" height=\"15\" \/><\/a>\u00a0debe seleccionar:<br \/>\n<strong>Tipo:<\/strong>\u00a0Tasas por Servicios de Gesti\u00f3n General<br \/>\n<strong>Subtipo:<\/strong>\u00a0Estudio equival. T\u00edtulos extranj. Acceso a M\u00e1ster o Doctorado titulad. extranj. sin t\u00edtulo homologado.<br \/>\nDebe aportar el justificante de pago de la tasa en el momento de realizar la preinscripci\u00f3n.<\/p>\n<h3>\u00bfQu\u00e9 pa\u00edses pertenecen al Espacio Europeo de Educaci\u00f3n Superior?<\/h3>\n<p>Puede consultar los pa\u00edses pertenecientes en la p\u00e1gina\u00a0<a href=\"http:\/\/www.ehea.info\/page-full_members\" target=\"_blank\" rel=\"noopener\">European Higher Education Area<img loading=\"lazy\" class=\"alignnone wp-image-31436 size-full\" src=\"https:\/\/estudios.umh.es\/files\/2021\/11\/abre-en-nueva-ventana.png\" alt=\"(abre en nueva ventana)\" width=\"15\" height=\"15\" \/><\/a>.<\/p>\n<h3>\u00bfQu\u00e9 es la declaraci\u00f3n de equivalencia de nota media de estudios cursados en el extranjero?<\/h3>\n<p>Es un procedimiento en l\u00ednea y gratuito que proporciona el Ministerio de Ciencia, Innovaci\u00f3n y Universidades a trav\u00e9s de la Sede Electr\u00f3nica del Ministerio de Educaci\u00f3n y Formaci\u00f3n Profesional, permite la emisi\u00f3n de un documento de equivalencia de las notas medias de estudios y t\u00edtulos universitarios realizados en el extranjero a los correspondientes espa\u00f1oles que pueda ser presentado en los procedimientos de concurrencia competitiva en que la nota media sea un requisito, m\u00e9rito o elemento de valoraci\u00f3n.<\/p>\n<h3>\u00bfC\u00f3mo obtenerlo? Y \u00bfcu\u00e1ndo es necesario presentarla?<\/h3>\n<p>Puedes obtener la\u00a0<a href=\"https:\/\/universidades.sede.gob.es\/pagina\/index\/directorio\/Equivalencia_notas_medias\" target=\"_blank\" rel=\"noopener noreferrer\">Declaraci\u00f3n de Equivalencia de nota media<img loading=\"lazy\" class=\"alignnone wp-image-31436 size-full\" src=\"https:\/\/estudios.umh.es\/files\/2021\/11\/abre-en-nueva-ventana.png\" alt=\"(abre en nueva ventana)\" width=\"15\" height=\"15\" \/><\/a>\u00a0desde la p\u00e1gina del Ministerio de Educaci\u00f3n y Formaci\u00f3n Profesional.<br \/>\nSi tienes dudas para obtener la declaraci\u00f3n de equivalencia puedes consultar el\u00a0<a href=\"https:\/\/www.educacionyfp.gob.es\/eu\/dam\/jcr:7f3f0759-0c47-43c2-8128-e38f982da115\/preguntasfrecuentes.pdf\" target=\"_blank\" rel=\"noopener noreferrer\">documento de preguntas m\u00e1s frecuentes.PDF<img loading=\"lazy\" class=\"alignnone wp-image-31436 size-full\" src=\"https:\/\/estudios.umh.es\/files\/2021\/11\/abre-en-nueva-ventana.png\" alt=\"(abre en nueva ventana)\" width=\"15\" height=\"15\" \/><\/a>.<br \/>\nEste documento se debe presentar obligatoriamente cuando se solicite la admisi\u00f3n a estudios de doctorado con exceso de demanda.<\/p>\n<h3>INFORMACI\u00d3N DE CONTACTO<\/h3>\n<p style=\"font-weight: 400\"><em>Escuela de Doctorado\u00a0<\/em><\/p>\n<p style=\"font-weight: 400\"><em>Universidad Miguel Hern\u00e1ndez de Elche<\/em><\/p>\n<p style=\"font-weight: 400\"><em>Tel. 966658336\/9652415\/965222124\/966658635<\/em><\/p>\n<p>Correo electr\u00f3nico:\u00a0<span id=\"eeb-971083-859117\">doctorado@umh.es<\/span><\/p>\n<\/div>\n<\/div>\n<p><\/p>","protected":false},"excerpt":{"rendered":"<p>La normativa vigente permite a los estudiantes que hayan cursado estudios universitarios con t\u00edtulos expedidos por otros pa\u00edses, tanto los que se enmarquen dentro del EEES como los expedidos por otros Estados, acceder a los programas de doctorado. \u00bfCu\u00e1ndo es necesario la legalizaci\u00f3n\/apostilla del t\u00edtulo y del certificado acad\u00e9mico? No se exige ning\u00fan tipo de [&hellip;]<\/p>\n","protected":false},"author":3158,"featured_media":0,"parent":310,"menu_order":19,"comment_status":"closed","ping_status":"closed","template":"","meta":{"_links_to":"","_links_to_target":""},"yoast_head":"<!-- This site is optimized with the Yoast SEO plugin v17.5 - https:\/\/yoast.com\/wordpress\/plugins\/seo\/ -->\n<meta name=\"robots\" content=\"index, follow, max-snippet:-1, max-image-preview:large, max-video-preview:-1\" \/>\n<link rel=\"canonical\" href=\"https:\/\/ed.umh.es\/en\/acceso\/acceso-extranjeros\/\" \/>\n<meta property=\"og:locale\" content=\"en_US\" \/>\n<meta property=\"og:type\" content=\"article\" \/>\n<meta property=\"og:title\" content=\"Acceso con estudios universitarios extranjeros - Escuela de doctorado UMH\" \/>\n<meta property=\"og:description\" content=\"La normativa vigente permite a los estudiantes que hayan cursado estudios universitarios con t\u00edtulos expedidos por otros pa\u00edses, tanto los que se enmarquen dentro del EEES como los expedidos por otros Estados, acceder a los programas de doctorado. \u00bfCu\u00e1ndo es necesario la legalizaci\u00f3n\/apostilla del t\u00edtulo y del certificado acad\u00e9mico? No se exige ning\u00fan tipo de [&hellip;]\" \/>\n<meta property=\"og:url\" content=\"https:\/\/ed.umh.es\/acceso\/acceso-extranjeros\/\" \/>\n<meta property=\"og:site_name\" content=\"Escuela de doctorado UMH\" \/>\n<meta property=\"article:modified_time\" content=\"2026-03-03T20:36:42+00:00\" \/>\n<meta property=\"og:image\" content=\"https:\/\/estudios.umh.es\/files\/2021\/11\/abre-en-nueva-ventana.png\" \/>\n<meta name=\"twitter:card\" content=\"summary_large_image\" \/>\n<meta name=\"twitter:label1\" content=\"Est. reading time\" \/>\n\t<meta name=\"twitter:data1\" content=\"6 minutes\" \/>\n<script type=\"application\/ld+json\" class=\"yoast-schema-graph\">{\"@context\":\"https:\/\/schema.org\",\"@graph\":[{\"@type\":\"WebSite\",\"@id\":\"https:\/\/ed.umh.es\/#website\",\"url\":\"https:\/\/ed.umh.es\/\",\"name\":\"Escuela de doctorado UMH\",\"description\":\"Escuela de doctorado UMH\",\"potentialAction\":[{\"@type\":\"SearchAction\",\"target\":{\"@type\":\"EntryPoint\",\"urlTemplate\":\"https:\/\/ed.umh.es\/?s={search_term_string}\"},\"query-input\":\"required name=search_term_string\"}],\"inLanguage\":\"en-US\"},{\"@type\":\"ImageObject\",\"@id\":\"https:\/\/ed.umh.es\/acceso\/acceso-extranjeros\/#primaryimage\",\"inLanguage\":\"en-US\",\"url\":\"https:\/\/estudios.umh.es\/files\/2021\/11\/abre-en-nueva-ventana.png\",\"contentUrl\":\"https:\/\/estudios.umh.es\/files\/2021\/11\/abre-en-nueva-ventana.png\"},{\"@type\":\"WebPage\",\"@id\":\"https:\/\/ed.umh.es\/acceso\/acceso-extranjeros\/#webpage\",\"url\":\"https:\/\/ed.umh.es\/acceso\/acceso-extranjeros\/\",\"name\":\"Acceso con estudios universitarios extranjeros - Escuela de doctorado UMH\",\"isPartOf\":{\"@id\":\"https:\/\/ed.umh.es\/#website\"},\"primaryImageOfPage\":{\"@id\":\"https:\/\/ed.umh.es\/acceso\/acceso-extranjeros\/#primaryimage\"},\"datePublished\":\"2024-02-28T11:36:37+00:00\",\"dateModified\":\"2026-03-03T20:36:42+00:00\",\"breadcrumb\":{\"@id\":\"https:\/\/ed.umh.es\/acceso\/acceso-extranjeros\/#breadcrumb\"},\"inLanguage\":\"en-US\",\"potentialAction\":[{\"@type\":\"ReadAction\",\"target\":[\"https:\/\/ed.umh.es\/acceso\/acceso-extranjeros\/\"]}]},{\"@type\":\"BreadcrumbList\",\"@id\":\"https:\/\/ed.umh.es\/acceso\/acceso-extranjeros\/#breadcrumb\",\"itemListElement\":[{\"@type\":\"ListItem\",\"position\":1,\"name\":\"Portada\",\"item\":\"https:\/\/ed.umh.es\/\"},{\"@type\":\"ListItem\",\"position\":2,\"name\":\"ACCESO\",\"item\":\"https:\/\/ed.umh.es\/acceso\/\"},{\"@type\":\"ListItem\",\"position\":3,\"name\":\"Acceso Extranjeros\"}]}]}<\/script>\n<!-- \/ Yoast SEO plugin. -->","yoast_head_json":{"robots":{"index":"index","follow":"follow","max-snippet":"max-snippet:-1","max-image-preview":"max-image-preview:large","max-video-preview":"max-video-preview:-1"},"canonical":"https:\/\/ed.umh.es\/en\/acceso\/acceso-extranjeros\/","og_locale":"en_US","og_type":"article","og_title":"Acceso con estudios universitarios extranjeros - Escuela de doctorado UMH","og_description":"La normativa vigente permite a los estudiantes que hayan cursado estudios universitarios con t\u00edtulos expedidos por otros pa\u00edses, tanto los que se enmarquen dentro del EEES como los expedidos por otros Estados, acceder a los programas de doctorado. \u00bfCu\u00e1ndo es necesario la legalizaci\u00f3n\/apostilla del t\u00edtulo y del certificado acad\u00e9mico? No se exige ning\u00fan tipo de [&hellip;]","og_url":"https:\/\/ed.umh.es\/acceso\/acceso-extranjeros\/","og_site_name":"Escuela de doctorado UMH","article_modified_time":"2026-03-03T20:36:42+00:00","og_image":[{"url":"https:\/\/estudios.umh.es\/files\/2021\/11\/abre-en-nueva-ventana.png"}],"twitter_card":"summary_large_image","twitter_misc":{"Est. reading time":"6 minutes"},"schema":{"@context":"https:\/\/schema.org","@graph":[{"@type":"WebSite","@id":"https:\/\/ed.umh.es\/#website","url":"https:\/\/ed.umh.es\/","name":"Escuela de doctorado UMH","description":"Escuela de doctorado UMH","potentialAction":[{"@type":"SearchAction","target":{"@type":"EntryPoint","urlTemplate":"https:\/\/ed.umh.es\/?s={search_term_string}"},"query-input":"required name=search_term_string"}],"inLanguage":"en-US"},{"@type":"ImageObject","@id":"https:\/\/ed.umh.es\/acceso\/acceso-extranjeros\/#primaryimage","inLanguage":"en-US","url":"https:\/\/estudios.umh.es\/files\/2021\/11\/abre-en-nueva-ventana.png","contentUrl":"https:\/\/estudios.umh.es\/files\/2021\/11\/abre-en-nueva-ventana.png"},{"@type":"WebPage","@id":"https:\/\/ed.umh.es\/acceso\/acceso-extranjeros\/#webpage","url":"https:\/\/ed.umh.es\/acceso\/acceso-extranjeros\/","name":"Acceso con estudios universitarios extranjeros - Escuela de doctorado UMH","isPartOf":{"@id":"https:\/\/ed.umh.es\/#website"},"primaryImageOfPage":{"@id":"https:\/\/ed.umh.es\/acceso\/acceso-extranjeros\/#primaryimage"},"datePublished":"2024-02-28T11:36:37+00:00","dateModified":"2026-03-03T20:36:42+00:00","breadcrumb":{"@id":"https:\/\/ed.umh.es\/acceso\/acceso-extranjeros\/#breadcrumb"},"inLanguage":"en-US","potentialAction":[{"@type":"ReadAction","target":["https:\/\/ed.umh.es\/acceso\/acceso-extranjeros\/"]}]},{"@type":"BreadcrumbList","@id":"https:\/\/ed.umh.es\/acceso\/acceso-extranjeros\/#breadcrumb","itemListElement":[{"@type":"ListItem","position":1,"name":"Portada","item":"https:\/\/ed.umh.es\/"},{"@type":"ListItem","position":2,"name":"ACCESO","item":"https:\/\/ed.umh.es\/acceso\/"},{"@type":"ListItem","position":3,"name":"Acceso Extranjeros"}]}]}},"_links":{"self":[{"href":"https:\/\/ed.umh.es\/en\/wp-json\/wp\/v2\/pages\/370"}],"collection":[{"href":"https:\/\/ed.umh.es\/en\/wp-json\/wp\/v2\/pages"}],"about":[{"href":"https:\/\/ed.umh.es\/en\/wp-json\/wp\/v2\/types\/page"}],"author":[{"embeddable":true,"href":"https:\/\/ed.umh.es\/en\/wp-json\/wp\/v2\/users\/3158"}],"replies":[{"embeddable":true,"href":"https:\/\/ed.umh.es\/en\/wp-json\/wp\/v2\/comments?post=370"}],"version-history":[{"count":0,"href":"https:\/\/ed.umh.es\/en\/wp-json\/wp\/v2\/pages\/370\/revisions"}],"up":[{"embeddable":true,"href":"https:\/\/ed.umh.es\/en\/wp-json\/wp\/v2\/pages\/310"}],"wp:attachment":[{"href":"https:\/\/ed.umh.es\/en\/wp-json\/wp\/v2\/media?parent=370"}],"curies":[{"name":"wp","href":"https:\/\/api.w.org\/{rel}","templated":true}]}}