{"id":63,"date":"2023-03-03T10:27:36","date_gmt":"2023-03-03T10:27:36","guid":{"rendered":"https:\/\/ed.umh.es\/?page_id=63"},"modified":"2026-03-13T11:10:56","modified_gmt":"2026-03-13T11:10:56","slug":"formacion","status":"publish","type":"page","link":"https:\/\/ed.umh.es\/en\/formacion\/","title":{"rendered":"FORMACI\u00d3N TRANSVERSAL"},"content":{"rendered":"<p><\/p>\n<p style=\"text-align: justify\">La Formaci\u00f3n Transversal en la Escuela de Doctorado de la UMH es una iniciativa dise\u00f1ada para enriquecer y ampliar las habilidades de los doctorandos m\u00e1s all\u00e1 de sus \u00e1reas de investigaci\u00f3n espec\u00edficas. El Plan de Formaci\u00f3n Transversal de la Escuela de Doctorado comprende una variedad de cursos y actividades que abarcan desde investigaci\u00f3n con perspectiva de g\u00e9nero, habilidades comunicativas, oratoria y debate, gesti\u00f3n de proyectos de investigaci\u00f3n, \u00e9tica cient\u00edfica, hasta aspectos pr\u00e1cticos como el uso eficiente de recursos bibliogr\u00e1ficos y t\u00e9cnicas avanzadas de investigaci\u00f3n. Esta formaci\u00f3n integral busca no solo potenciar la excelencia en la investigaci\u00f3n, sino tambi\u00e9n cultivar habilidades transferibles que son valiosas en diversos entornos profesionales.<\/p>\n<h3 style=\"text-align: left\"><strong>PROGRAMACI\u00d3N FORMACI\u00d3N TRANSVERSAL CURSO 2024\/2025<\/strong><\/h3>\n<p style=\"text-align: justify\">Para el curso 2024\/2025, el Plan de Formaci\u00f3n de Actividades Transversales de la EDUMH ofrece una serie de cursos dise\u00f1ados para enriquecer las habilidades de los estudiantes de doctorado en diversas \u00e1reas clave. A continuaci\u00f3n, se presentan diversas actividades:<\/p>\n<h4 style=\"text-align: justify\"><strong>1. Curso de emprendimiento para estudiantes de doctorado<\/strong><\/h4>\n<p style=\"text-align: justify\"><strong>18 de noviembre, de 16.30h a 19.30h horas,\u00a0<\/strong><strong> en el Aula 2.2 del Edificio Valona<\/strong>.<\/p>\n<p style=\"text-align: justify\"><strong>1<\/strong><strong>9 de noviembre, de 16 a 19 horas)<\/strong><strong>, en el Aula 2.2 del Edificio Valona<\/strong>.<\/p>\n<p style=\"text-align: justify\">La finalidad es que el asistente desarrolle una serie de aptitudes y actitudes que le capaciten y motiven a proyectar un emprendimiento, para s\u00ed mismo o para sus estudiantes; teniendo en consideraci\u00f3n los factores y elementos de competitividad m\u00e1s relacionados con la tarea, as\u00ed como los pasos a seguir para su puesta en marcha en las mejores condiciones. <strong>Docente:<\/strong> Jos\u00e9 Mar\u00eda G\u00f3mez Gras\u00a0 (Catedr\u00e1tico de Universidad)<\/p>\n<p style=\"text-align: justify\"><b>Fechas de inscripci\u00f3n:<\/b> del <strong>1\/11\/2024 al 14\/11\/2024.\u00a0 \u00a0<\/strong><\/p>\n<p style=\"text-align: justify\">Seleccionando en: TIPO DE ENSE\u00d1ANZA: ESCUELA DE DOCTORADO, en el enlace: <a href=\"https:\/\/universite.umh.es\/fpogestion\/aspx\/Preinscripcion\/Preinscripcion.aspx\" target=\"_blank\" rel=\"noopener\" data-saferedirecturl=\"https:\/\/www.google.com\/url?q=https:\/\/universite.umh.es\/fpogestion\/aspx\/Preinscripcion\/Preinscripcion.aspx&amp;source=gmail&amp;ust=1730465618317000&amp;usg=AOvVaw27n9UvrJoy-jJokA6GzNmy\">https:\/\/universite.umh.es\/fpogestion\/aspx\/Preinscripcion\/Preinscripcion.aspx\u00a0<\/a><\/p>\n<h4 style=\"text-align: justify\"><strong>2. Curso Herramientas de Inteligencia Artificial en Investigaci\u00f3n<\/strong><\/h4>\n<p style=\"font-weight: 400;text-align: justify\">Los pr\u00f3ximos d\u00edas<strong> 2, 4, 9, 11 de diciembre de 2024, de 16 a 18,30 h,<\/strong> se desarrollar\u00e1 un curso de herramientas de inteligencia artificial en investigaci\u00f3n.<\/p>\n<p style=\"font-weight: 400;text-align: justify\">Encontrar\u00e9is m\u00e1s informaci\u00f3n sobre objetivo, contenidos, metodolog\u00eda y profesorado del curso\u00a0<a href=\"https:\/\/ed.umh.es\/files\/2024\/11\/Curso-Herramientas-de-Inteligencia-Artificial-en-Investigacion-1.pdf\" data-saferedirecturl=\"https:\/\/www.google.com\/url?q=https:\/\/docs.google.com\/document\/d\/1CEyS-k78YdOJ-VGPPoHRglp-sGUiQxxl\/edit&amp;source=gmail&amp;ust=1730922166023000&amp;usg=AOvVaw04TwNLYmEArFYrGWQYUE9f\">aqu\u00ed<\/a>. En breve compartiremos informaci\u00f3n adicional sobre c\u00f3mo matricularse en el curso. Se recuerda que para que resulte fruct\u00edfero es conveniente contar con conocimientos b\u00e1sicos de programaci\u00f3n en lenguaje Python.<\/p>\n<p><strong>Fechas de inscripci\u00f3n:<\/strong> del <strong>12\/10\/2024 al 31\/11\/2024.<\/strong><\/p>\n<p>Seleccionando en: TIPO DE ENSE\u00d1ANZA: ESCUELA DE DOCTORADO, en el enlace:\u00a0<a href=\"https:\/\/universite.umh.es\/fpogestion\/aspx\/Preinscripcion\/Preinscripcion.aspx\" target=\"_blank\" rel=\"noopener\" data-saferedirecturl=\"https:\/\/www.google.com\/url?q=https:\/\/universite.umh.es\/fpogestion\/aspx\/Preinscripcion\/Preinscripcion.aspx&amp;source=gmail&amp;ust=1730465618317000&amp;usg=AOvVaw27n9UvrJoy-jJokA6GzNmy\">https:\/\/universite.umh.es\/fpogestion\/aspx\/Preinscripcion\/Preinscripcion.aspx\u00a0<\/a><\/p>\n<p><strong>Docentes:<\/strong>\u00a0Federico Botella y Fernando Borr\u00e1s.<\/p>\n<p><strong>N\u00famero de plazas:<\/strong>\u00a0100 (en caso de demanda significativa se valorar\u00e1 la posibilidad de hacer otra edici\u00f3n del mismo curso)<\/p>\n<p><strong>Modalidad<\/strong>: on-line<\/p>\n<p><strong>Link al campus UMH:<\/strong>\u00a0<a href=\"https:\/\/campus.umh.es\/course\/view.php?id=53306\" data-saferedirecturl=\"https:\/\/www.google.com\/url?q=https:\/\/campus.umh.es\/course\/view.php?id%3D53306&amp;source=gmail&amp;ust=1732353322733000&amp;usg=AOvVaw0jWw29mhBopdqIABhZT5u4\">https:\/\/campus.umh.es\/course\/view.php?id=53306<\/a><\/p>\n<p style=\"text-align: justify\">\n<p><\/p>","protected":false},"excerpt":{"rendered":"<p>La Formaci\u00f3n Transversal en la Escuela de Doctorado de la UMH es una iniciativa dise\u00f1ada para enriquecer y ampliar las habilidades de los doctorandos m\u00e1s all\u00e1 de sus \u00e1reas de investigaci\u00f3n espec\u00edficas. El Plan de Formaci\u00f3n Transversal de la Escuela de Doctorado comprende una variedad de cursos y actividades que abarcan desde investigaci\u00f3n con perspectiva [&hellip;]<\/p>\n","protected":false},"author":23459,"featured_media":0,"parent":0,"menu_order":50,"comment_status":"closed","ping_status":"closed","template":"","meta":{"_links_to":"","_links_to_target":""},"yoast_head":"<!-- This site is optimized with the Yoast SEO plugin v17.5 - https:\/\/yoast.com\/wordpress\/plugins\/seo\/ -->\n<meta name=\"robots\" content=\"index, follow, max-snippet:-1, max-image-preview:large, max-video-preview:-1\" \/>\n<link rel=\"canonical\" href=\"https:\/\/ed.umh.es\/en\/formacion\/\" \/>\n<meta property=\"og:locale\" content=\"en_US\" \/>\n<meta property=\"og:type\" content=\"article\" \/>\n<meta property=\"og:title\" content=\"FORMACI\u00d3N TRANSVERSAL - Escuela de doctorado UMH\" \/>\n<meta property=\"og:description\" content=\"La Formaci\u00f3n Transversal en la Escuela de Doctorado de la UMH es una iniciativa dise\u00f1ada para enriquecer y ampliar las habilidades de los doctorandos m\u00e1s all\u00e1 de sus \u00e1reas de investigaci\u00f3n espec\u00edficas. El Plan de Formaci\u00f3n Transversal de la Escuela de Doctorado comprende una variedad de cursos y actividades que abarcan desde investigaci\u00f3n con perspectiva [&hellip;]\" \/>\n<meta property=\"og:url\" content=\"https:\/\/ed.umh.es\/formacion\/\" \/>\n<meta property=\"og:site_name\" content=\"Escuela de doctorado UMH\" \/>\n<meta property=\"article:modified_time\" content=\"2026-03-13T11:10:56+00:00\" \/>\n<meta property=\"og:image\" content=\"https:\/\/ed.umh.es\/files\/2026\/03\/EDUMH2-11-300x78.png\" \/>\n<meta name=\"twitter:card\" content=\"summary_large_image\" \/>\n<meta name=\"twitter:label1\" content=\"Est. reading time\" \/>\n\t<meta name=\"twitter:data1\" content=\"2 minutes\" \/>\n<script type=\"application\/ld+json\" class=\"yoast-schema-graph\">{\"@context\":\"https:\/\/schema.org\",\"@graph\":[{\"@type\":\"WebSite\",\"@id\":\"https:\/\/ed.umh.es\/#website\",\"url\":\"https:\/\/ed.umh.es\/\",\"name\":\"Escuela de doctorado UMH\",\"description\":\"Escuela de doctorado UMH\",\"potentialAction\":[{\"@type\":\"SearchAction\",\"target\":{\"@type\":\"EntryPoint\",\"urlTemplate\":\"https:\/\/ed.umh.es\/?s={search_term_string}\"},\"query-input\":\"required name=search_term_string\"}],\"inLanguage\":\"en-US\"},{\"@type\":\"ImageObject\",\"@id\":\"https:\/\/ed.umh.es\/formacion\/#primaryimage\",\"inLanguage\":\"en-US\",\"url\":\"https:\/\/ed.umh.es\/files\/2026\/03\/EDUMH2-11.png\",\"contentUrl\":\"https:\/\/ed.umh.es\/files\/2026\/03\/EDUMH2-11.png\",\"width\":627,\"height\":162,\"caption\":\"PLAN DE INVESTIGACI\\u00d3N\"},{\"@type\":\"WebPage\",\"@id\":\"https:\/\/ed.umh.es\/formacion\/#webpage\",\"url\":\"https:\/\/ed.umh.es\/formacion\/\",\"name\":\"FORMACI\\u00d3N TRANSVERSAL - Escuela de doctorado UMH\",\"isPartOf\":{\"@id\":\"https:\/\/ed.umh.es\/#website\"},\"primaryImageOfPage\":{\"@id\":\"https:\/\/ed.umh.es\/formacion\/#primaryimage\"},\"datePublished\":\"2023-03-03T10:27:36+00:00\",\"dateModified\":\"2026-03-13T11:10:56+00:00\",\"breadcrumb\":{\"@id\":\"https:\/\/ed.umh.es\/formacion\/#breadcrumb\"},\"inLanguage\":\"en-US\",\"potentialAction\":[{\"@type\":\"ReadAction\",\"target\":[\"https:\/\/ed.umh.es\/formacion\/\"]}]},{\"@type\":\"BreadcrumbList\",\"@id\":\"https:\/\/ed.umh.es\/formacion\/#breadcrumb\",\"itemListElement\":[{\"@type\":\"ListItem\",\"position\":1,\"name\":\"Portada\",\"item\":\"https:\/\/ed.umh.es\/\"},{\"@type\":\"ListItem\",\"position\":2,\"name\":\"FORMACI\\u00d3N\"}]}]}<\/script>\n<!-- \/ Yoast SEO plugin. -->","yoast_head_json":{"robots":{"index":"index","follow":"follow","max-snippet":"max-snippet:-1","max-image-preview":"max-image-preview:large","max-video-preview":"max-video-preview:-1"},"canonical":"https:\/\/ed.umh.es\/en\/formacion\/","og_locale":"en_US","og_type":"article","og_title":"FORMACI\u00d3N TRANSVERSAL - Escuela de doctorado UMH","og_description":"La Formaci\u00f3n Transversal en la Escuela de Doctorado de la UMH es una iniciativa dise\u00f1ada para enriquecer y ampliar las habilidades de los doctorandos m\u00e1s all\u00e1 de sus \u00e1reas de investigaci\u00f3n espec\u00edficas. El Plan de Formaci\u00f3n Transversal de la Escuela de Doctorado comprende una variedad de cursos y actividades que abarcan desde investigaci\u00f3n con perspectiva [&hellip;]","og_url":"https:\/\/ed.umh.es\/formacion\/","og_site_name":"Escuela de doctorado UMH","article_modified_time":"2026-03-13T11:10:56+00:00","og_image":[{"url":"https:\/\/ed.umh.es\/files\/2026\/03\/EDUMH2-11-300x78.png"}],"twitter_card":"summary_large_image","twitter_misc":{"Est. reading time":"2 minutes"},"schema":{"@context":"https:\/\/schema.org","@graph":[{"@type":"WebSite","@id":"https:\/\/ed.umh.es\/#website","url":"https:\/\/ed.umh.es\/","name":"Escuela de doctorado UMH","description":"Escuela de doctorado UMH","potentialAction":[{"@type":"SearchAction","target":{"@type":"EntryPoint","urlTemplate":"https:\/\/ed.umh.es\/?s={search_term_string}"},"query-input":"required name=search_term_string"}],"inLanguage":"en-US"},{"@type":"ImageObject","@id":"https:\/\/ed.umh.es\/formacion\/#primaryimage","inLanguage":"en-US","url":"https:\/\/ed.umh.es\/files\/2026\/03\/EDUMH2-11.png","contentUrl":"https:\/\/ed.umh.es\/files\/2026\/03\/EDUMH2-11.png","width":627,"height":162,"caption":"PLAN DE INVESTIGACI\u00d3N"},{"@type":"WebPage","@id":"https:\/\/ed.umh.es\/formacion\/#webpage","url":"https:\/\/ed.umh.es\/formacion\/","name":"FORMACI\u00d3N TRANSVERSAL - Escuela de doctorado UMH","isPartOf":{"@id":"https:\/\/ed.umh.es\/#website"},"primaryImageOfPage":{"@id":"https:\/\/ed.umh.es\/formacion\/#primaryimage"},"datePublished":"2023-03-03T10:27:36+00:00","dateModified":"2026-03-13T11:10:56+00:00","breadcrumb":{"@id":"https:\/\/ed.umh.es\/formacion\/#breadcrumb"},"inLanguage":"en-US","potentialAction":[{"@type":"ReadAction","target":["https:\/\/ed.umh.es\/formacion\/"]}]},{"@type":"BreadcrumbList","@id":"https:\/\/ed.umh.es\/formacion\/#breadcrumb","itemListElement":[{"@type":"ListItem","position":1,"name":"Portada","item":"https:\/\/ed.umh.es\/"},{"@type":"ListItem","position":2,"name":"FORMACI\u00d3N"}]}]}},"_links":{"self":[{"href":"https:\/\/ed.umh.es\/en\/wp-json\/wp\/v2\/pages\/63"}],"collection":[{"href":"https:\/\/ed.umh.es\/en\/wp-json\/wp\/v2\/pages"}],"about":[{"href":"https:\/\/ed.umh.es\/en\/wp-json\/wp\/v2\/types\/page"}],"author":[{"embeddable":true,"href":"https:\/\/ed.umh.es\/en\/wp-json\/wp\/v2\/users\/23459"}],"replies":[{"embeddable":true,"href":"https:\/\/ed.umh.es\/en\/wp-json\/wp\/v2\/comments?post=63"}],"version-history":[{"count":0,"href":"https:\/\/ed.umh.es\/en\/wp-json\/wp\/v2\/pages\/63\/revisions"}],"wp:attachment":[{"href":"https:\/\/ed.umh.es\/en\/wp-json\/wp\/v2\/media?parent=63"}],"curies":[{"name":"wp","href":"https:\/\/api.w.org\/{rel}","templated":true}]}}